{"id":708395,"date":"2025-08-27T16:14:28","date_gmt":"2025-08-27T13:14:28","guid":{"rendered":"https:\/\/roveyayinevi.com.tr\/index.php\/urun\/kole-modern-cag-masali\/"},"modified":"2026-04-16T02:16:53","modified_gmt":"2026-04-15T23:16:53","slug":"kole-modern-cag-masali","status":"publish","type":"product","link":"https:\/\/roveyayinevi.com.tr\/index.php\/urun\/kole-modern-cag-masali\/","title":{"rendered":"K\u00f6le &#8211; Modern \u00c7a\u011f Masal\u0131"},"content":{"rendered":"<p>G\u00f6zya\u015flar\u0131n\u0131z akarken, tutku teninizi \u0131s\u0131tacak&#8230; Kudretli bir prensin, bir k\u00f6leye duydu\u011fu tutku\u2026 Bir k\u00f6lenin efendisine a\u015fk\u0131\u2026 Veliaht Prens Edward, yata\u011f\u0131n\u0131 nice kad\u0131nlar s\u00fcslerken, arad\u0131\u011f\u0131 tutkuyu k\u00f6lesinin g\u00f6zlerinde buldu\u011funda, a\u015f\u0131k olabilece\u011fini hi\u00e7 d\u00fc\u015f\u00fcnmemi\u015fti. Prens Edward\u2019\u0131n akl\u0131n\u0131 kurcalayan sorunun yan\u0131t\u0131 gayet basitti: \u0130kisi de sadece bedenlerinde \u00f6zg\u00fcrd\u00fcler. Ne Edward bir prensti ne de Jaymie bir k\u00f6le&#8230; Dudaklar\u0131, g\u00f6zleri, elleri \u00f6zg\u00fcrce konu\u015fuyordu. Sevi\u015fmeleri, birbirlerine hayk\u0131ramad\u0131klar\u0131, s\u00f6ylemek isteyip susmak zorunda kald\u0131klar\u0131 c\u00fcmlelerdi. Her istedi\u011fini elde etmi\u015f bencil bir prens, bir k\u00f6lenin a\u015fk\u0131yla ba\u015f edebilecek mi? A\u015fklar\u0131 i\u00e7in geleneklere kar\u015f\u0131 sava\u015f\u0131rken engelleri a\u015fabilecekler mi? Kaybedi\u015fi, intikam\u0131 ve pi\u015fmanl\u0131\u011f\u0131 ya\u015farken sevgileri yeniden do\u011fru yolu bulabilecek mi? \u015eehvetin, masumiyetin ve ac\u0131n\u0131n derinlerinde, a\u015fk\u0131n her halini antalan bir hik\u00e2ye&#8230; <\/p>\n","protected":false},"excerpt":{"rendered":"<p>G\u00f6zya\u015flar\u0131n\u0131z akarken, tutku teninizi \u0131s\u0131tacak&#8230; Kudretli bir prensin, bir k\u00f6leye duydu\u011fu tutku\u2026 Bir k\u00f6lenin efendisine a\u015fk\u0131\u2026 Veliaht Prens Edward, yata\u011f\u0131n\u0131 nice kad\u0131nlar s\u00fcslerken, arad\u0131\u011f\u0131 tutkuyu k\u00f6lesinin<span class=\"excerpt-hellip\"> [\u2026]<\/span><\/p>\n","protected":false},"featured_media":0,"template":"","meta":{"_monsterinsights_skip_tracking":false,"_monsterinsights_sitenote_active":false,"_monsterinsights_sitenote_note":"","_monsterinsights_sitenote_category":0},"product_brand":[],"product_cat":[12291,12711],"product_tag":[],"class_list":{"0":"post-708395","1":"product","2":"type-product","3":"status-publish","5":"product_cat-edebiyat","6":"product_cat-roman-oyku","7":"pa_cilt-ciltsiz","8":"pa_tur-kitap","9":"pa_yayinevi-indigo-kitap","10":"pa_yazar-isilca","12":"first","13":"instock","14":"sale","15":"shipping-taxable","16":"purchasable","17":"product-type-simple"},"_links":{"self":[{"href":"https:\/\/roveyayinevi.com.tr\/index.php\/wp-json\/wp\/v2\/product\/708395","targetHints":{"allow":["GET"]}}],"collection":[{"href":"https:\/\/roveyayinevi.com.tr\/index.php\/wp-json\/wp\/v2\/product"}],"about":[{"href":"https:\/\/roveyayinevi.com.tr\/index.php\/wp-json\/wp\/v2\/types\/product"}],"wp:attachment":[{"href":"https:\/\/roveyayinevi.com.tr\/index.php\/wp-json\/wp\/v2\/media?parent=708395"}],"wp:term":[{"taxonomy":"product_brand","embeddable":true,"href":"https:\/\/roveyayinevi.com.tr\/index.php\/wp-json\/wp\/v2\/product_brand?post=708395"},{"taxonomy":"product_cat","embeddable":true,"href":"https:\/\/roveyayinevi.com.tr\/index.php\/wp-json\/wp\/v2\/product_cat?post=708395"},{"taxonomy":"product_tag","embeddable":true,"href":"https:\/\/roveyayinevi.com.tr\/index.php\/wp-json\/wp\/v2\/product_tag?post=708395"}],"curies":[{"name":"wp","href":"https:\/\/api.w.org\/{rel}","templated":true}]}}