{"id":708394,"date":"2025-08-27T16:14:28","date_gmt":"2025-08-27T13:14:28","guid":{"rendered":"https:\/\/roveyayinevi.com.tr\/index.php\/urun\/ben-herkesle-gitmem-ki\/"},"modified":"2026-04-16T02:16:53","modified_gmt":"2026-04-15T23:16:53","slug":"ben-herkesle-gitmem-ki","status":"publish","type":"product","link":"https:\/\/roveyayinevi.com.tr\/index.php\/urun\/ben-herkesle-gitmem-ki\/","title":{"rendered":"Ben Herkesle Gitmem ki!"},"content":{"rendered":"<p>\u00c7ocuk tacizlerinin genellikle \u00e7ocu\u011fun yak\u0131n \u00e7evresi taraf\u0131ndan ger\u00e7ekle\u015ftirildi\u011fi bilinir. \u00dcstelik tacizcinin kim oldu\u011fu asla tahmin edilemez. Bu nedenle \u00e7ocu\u011fun yan\u0131nda ebeveyni olmadan kiminle gidebilece\u011fi konusu \u00e7ok \u00f6nemlidir. \u00d6nceden yap\u0131lacak bir bilin\u00e7lendirme ile \u00e7ocu\u011fun hangi durumda kiminle gidece\u011fini \u00f6\u011frenmesi gerekir. \u00dcstelik \u00e7ocu\u011fun &#8221;g\u00fcven duygusu&#8221; nu incitmeden &#8221;tan\u0131d\u0131k ki\u015filer&#8221; e \u00e7ocu\u011fun dikkatini \u00e7eken, mizah \u00f6\u011fesi ihmal edilmemi\u015f okumalar yap\u0131lmal\u0131d\u0131r. Elinizde bulunan bu kitap \u00e7ocuklar\u0131 istismara kar\u015f\u0131 bilin\u00e7lendirme ve bilgilendirmeye y\u00f6neliktir. <\/p>\n","protected":false},"excerpt":{"rendered":"<p>\u00c7ocuk tacizlerinin genellikle \u00e7ocu\u011fun yak\u0131n \u00e7evresi taraf\u0131ndan ger\u00e7ekle\u015ftirildi\u011fi bilinir. \u00dcstelik tacizcinin kim oldu\u011fu asla tahmin edilemez. Bu nedenle \u00e7ocu\u011fun yan\u0131nda ebeveyni olmadan kiminle gidebilece\u011fi konusu \u00e7ok<span class=\"excerpt-hellip\"> [\u2026]<\/span><\/p>\n","protected":false},"featured_media":0,"template":"","meta":{"_monsterinsights_skip_tracking":false,"_monsterinsights_sitenote_active":false,"_monsterinsights_sitenote_note":"","_monsterinsights_sitenote_category":0},"product_brand":[],"product_cat":[26509,13365],"product_tag":[],"class_list":{"0":"post-708394","1":"product","2":"type-product","3":"status-publish","5":"product_cat-cocuk-gelisimi","6":"product_cat-saglik","7":"pa_cilt-ciltsiz","8":"pa_tur-kitap","9":"pa_yayinevi-gergedan-yayinlari","10":"pa_yazar-dagmar-geisler","12":"first","13":"instock","14":"sale","15":"shipping-taxable","16":"purchasable","17":"product-type-simple"},"_links":{"self":[{"href":"https:\/\/roveyayinevi.com.tr\/index.php\/wp-json\/wp\/v2\/product\/708394","targetHints":{"allow":["GET"]}}],"collection":[{"href":"https:\/\/roveyayinevi.com.tr\/index.php\/wp-json\/wp\/v2\/product"}],"about":[{"href":"https:\/\/roveyayinevi.com.tr\/index.php\/wp-json\/wp\/v2\/types\/product"}],"wp:attachment":[{"href":"https:\/\/roveyayinevi.com.tr\/index.php\/wp-json\/wp\/v2\/media?parent=708394"}],"wp:term":[{"taxonomy":"product_brand","embeddable":true,"href":"https:\/\/roveyayinevi.com.tr\/index.php\/wp-json\/wp\/v2\/product_brand?post=708394"},{"taxonomy":"product_cat","embeddable":true,"href":"https:\/\/roveyayinevi.com.tr\/index.php\/wp-json\/wp\/v2\/product_cat?post=708394"},{"taxonomy":"product_tag","embeddable":true,"href":"https:\/\/roveyayinevi.com.tr\/index.php\/wp-json\/wp\/v2\/product_tag?post=708394"}],"curies":[{"name":"wp","href":"https:\/\/api.w.org\/{rel}","templated":true}]}}