{"id":708390,"date":"2025-08-27T16:14:26","date_gmt":"2025-08-27T13:14:26","guid":{"rendered":"https:\/\/roveyayinevi.com.tr\/index.php\/urun\/savas-sanati-6\/"},"modified":"2026-04-16T02:16:53","modified_gmt":"2026-04-15T23:16:53","slug":"savas-sanati-6","status":"publish","type":"product","link":"https:\/\/roveyayinevi.com.tr\/index.php\/urun\/savas-sanati-6\/","title":{"rendered":"Sava\u015f Sanat\u0131"},"content":{"rendered":"<p>Taktik ve strateji alan\u0131nda temel bir eser&#8230; Sava\u015f Sanat\u0131, M.\u00d6. 5. y\u00fczy\u0131lda \u00c7in\u2019de yaz\u0131lm\u0131\u015f bir askeri strateji kitab\u0131d\u0131r. \u00c7in\u2019de eski d\u00f6nemlerden beri kullan\u0131lan sava\u015f taktikleri \u00fczerine general Sun Tzu\u2019nun yapt\u0131\u011f\u0131 sohbetleri bir araya getiren kitap, sava\u015fla ilgili farkl\u0131 konular\u0131 ele alan 13 b\u00f6l\u00fcmden olu\u015fmaktad\u0131r. Devlet y\u00f6netimi ile Taoculu\u011fu kayna\u015ft\u0131ran, genel olarak askeri strateji ve sava\u015f taktiklerini temel alan bu eser, bir yandan askeri strateji alan\u0131nda ba\u015fyap\u0131t olarak kabul edilirken, bir yandan da Do\u011fu\u2019da ve Bat\u0131\u2019da askeri konular\u0131n yan\u0131s\u0131ra i\u015f ve hukuk d\u00fcnyas\u0131nda da etkili bir kaynak olarak kullan\u0131lmaktad\u0131r.<\/p>\n","protected":false},"excerpt":{"rendered":"<p>Taktik ve strateji alan\u0131nda temel bir eser&#8230; Sava\u015f Sanat\u0131, M.\u00d6. 5. y\u00fczy\u0131lda \u00c7in\u2019de yaz\u0131lm\u0131\u015f bir askeri strateji kitab\u0131d\u0131r. \u00c7in\u2019de eski d\u00f6nemlerden beri kullan\u0131lan sava\u015f taktikleri \u00fczerine<span class=\"excerpt-hellip\"> [\u2026]<\/span><\/p>\n","protected":false},"featured_media":0,"template":"","meta":{"_monsterinsights_skip_tracking":false,"_monsterinsights_sitenote_active":false,"_monsterinsights_sitenote_note":"","_monsterinsights_sitenote_category":0},"product_brand":[],"product_cat":[19460,13527],"product_tag":[],"class_list":{"0":"post-708390","1":"product","2":"type-product","3":"status-publish","5":"product_cat-felsefe-sureli-yayinlar","6":"product_cat-sureli-yayinlar","7":"pa_cilt-ciltsiz","8":"pa_tur-kitap","9":"pa_yayinevi-remzi-kitabevi","10":"pa_yazar-sun-tzu","12":"first","13":"instock","14":"sale","15":"shipping-taxable","16":"purchasable","17":"product-type-simple"},"_links":{"self":[{"href":"https:\/\/roveyayinevi.com.tr\/index.php\/wp-json\/wp\/v2\/product\/708390","targetHints":{"allow":["GET"]}}],"collection":[{"href":"https:\/\/roveyayinevi.com.tr\/index.php\/wp-json\/wp\/v2\/product"}],"about":[{"href":"https:\/\/roveyayinevi.com.tr\/index.php\/wp-json\/wp\/v2\/types\/product"}],"wp:attachment":[{"href":"https:\/\/roveyayinevi.com.tr\/index.php\/wp-json\/wp\/v2\/media?parent=708390"}],"wp:term":[{"taxonomy":"product_brand","embeddable":true,"href":"https:\/\/roveyayinevi.com.tr\/index.php\/wp-json\/wp\/v2\/product_brand?post=708390"},{"taxonomy":"product_cat","embeddable":true,"href":"https:\/\/roveyayinevi.com.tr\/index.php\/wp-json\/wp\/v2\/product_cat?post=708390"},{"taxonomy":"product_tag","embeddable":true,"href":"https:\/\/roveyayinevi.com.tr\/index.php\/wp-json\/wp\/v2\/product_tag?post=708390"}],"curies":[{"name":"wp","href":"https:\/\/api.w.org\/{rel}","templated":true}]}}