{"id":708388,"date":"2025-08-27T16:14:25","date_gmt":"2025-08-27T13:14:25","guid":{"rendered":"https:\/\/roveyayinevi.com.tr\/index.php\/urun\/smyrnanin-gozyaslari\/"},"modified":"2026-04-16T02:16:53","modified_gmt":"2026-04-15T23:16:53","slug":"smyrnanin-gozyaslari","status":"publish","type":"product","link":"https:\/\/roveyayinevi.com.tr\/index.php\/urun\/smyrnanin-gozyaslari\/","title":{"rendered":"Smyrna&#8217;n\u0131n G\u00f6zya\u015flar\u0131"},"content":{"rendered":"<p>G\u00fclseren EnginSmyrna\u2019n\u0131n G\u00f6zya\u015flar\u0131Bu kitap, \u0130zmir\u2019in Yunanl\u0131larca i\u015fgali d\u00f6neminde ge\u00e7en Rum k\u0131z\u0131 Smyrna ile \u00c7ak\u0131r Osman\u2019\u0131n, Seher ileTilki Mahmut\u2019un a\u015fk hikayeleridir\u2026Bir yandan Yunan ordusunun Ege\u2019nin i\u00e7lerine do\u011fru sald\u0131r\u0131s\u0131 ve i\u015fgali, halka yap\u0131lan eziyetler, yak\u0131p y\u0131kmalar, kad\u0131nlara tecav\u00fczler, \u00e7ocuk, gen\u00e7, ya\u015fl\u0131 demeden yap\u0131lan toplu katliamlar, bir yandan da Ege da\u011flar\u0131nda yanan \u00e7oban ate\u015fleri, kahraman efeler, zeybekler, g\u00f6n\u00fcll\u00fcler ve bir ka\u00e7 subayla Kuvay-\u0131 Milliye\u2019nin kurulu\u015fu\u2026 G\u00fc\u00e7l\u00fc ve donan\u0131ml\u0131 Yunan ordusuna direnen bir avu\u00e7 kahraman\u2026 <\/p>\n","protected":false},"excerpt":{"rendered":"<p>G\u00fclseren EnginSmyrna\u2019n\u0131n G\u00f6zya\u015flar\u0131Bu kitap, \u0130zmir\u2019in Yunanl\u0131larca i\u015fgali d\u00f6neminde ge\u00e7en Rum k\u0131z\u0131 Smyrna ile \u00c7ak\u0131r Osman\u2019\u0131n, Seher ileTilki Mahmut\u2019un a\u015fk hikayeleridir\u2026Bir yandan Yunan ordusunun Ege\u2019nin i\u00e7lerine do\u011fru<span class=\"excerpt-hellip\"> [\u2026]<\/span><\/p>\n","protected":false},"featured_media":0,"template":"","meta":{"_monsterinsights_skip_tracking":false,"_monsterinsights_sitenote_active":false,"_monsterinsights_sitenote_note":"","_monsterinsights_sitenote_category":0},"product_brand":[],"product_cat":[12291,12745],"product_tag":[],"class_list":{"0":"post-708388","1":"product","2":"type-product","3":"status-publish","5":"product_cat-edebiyat","6":"product_cat-tarihi-roman","7":"pa_cilt-ciltsiz","8":"pa_tur-kitap","9":"pa_yayinevi-remzi-kitabevi","10":"pa_yazar-kollektif","12":"first","13":"instock","14":"sale","15":"shipping-taxable","16":"purchasable","17":"product-type-simple"},"_links":{"self":[{"href":"https:\/\/roveyayinevi.com.tr\/index.php\/wp-json\/wp\/v2\/product\/708388","targetHints":{"allow":["GET"]}}],"collection":[{"href":"https:\/\/roveyayinevi.com.tr\/index.php\/wp-json\/wp\/v2\/product"}],"about":[{"href":"https:\/\/roveyayinevi.com.tr\/index.php\/wp-json\/wp\/v2\/types\/product"}],"wp:attachment":[{"href":"https:\/\/roveyayinevi.com.tr\/index.php\/wp-json\/wp\/v2\/media?parent=708388"}],"wp:term":[{"taxonomy":"product_brand","embeddable":true,"href":"https:\/\/roveyayinevi.com.tr\/index.php\/wp-json\/wp\/v2\/product_brand?post=708388"},{"taxonomy":"product_cat","embeddable":true,"href":"https:\/\/roveyayinevi.com.tr\/index.php\/wp-json\/wp\/v2\/product_cat?post=708388"},{"taxonomy":"product_tag","embeddable":true,"href":"https:\/\/roveyayinevi.com.tr\/index.php\/wp-json\/wp\/v2\/product_tag?post=708388"}],"curies":[{"name":"wp","href":"https:\/\/api.w.org\/{rel}","templated":true}]}}