{"id":708387,"date":"2025-08-27T16:14:24","date_gmt":"2025-08-27T13:14:24","guid":{"rendered":"https:\/\/roveyayinevi.com.tr\/index.php\/urun\/son-utopya-tarihte-insan-haklari-ciltli\/"},"modified":"2026-04-16T02:16:53","modified_gmt":"2026-04-15T23:16:53","slug":"son-utopya-tarihte-insan-haklari-ciltli","status":"publish","type":"product","link":"https:\/\/roveyayinevi.com.tr\/index.php\/urun\/son-utopya-tarihte-insan-haklari-ciltli\/","title":{"rendered":"Son \u00dctopya Tarihte \u0130nsan Haklar\u0131 (Ciltli)"},"content":{"rendered":"<p>\u201c\u0130nsan haklar\u0131\u201d denince herkesin akl\u0131na en \u00fcst\u00fcn ahlak ilkeleri ve siyasi idealler gelir. Dahas\u0131 bu y\u00fcceli\u011fin insanl\u0131k tarihi kadar eski oldu\u011fu d\u00fc\u015f\u00fcn\u00fcl\u00fcr. Fakat bu program\u0131n ne kadar yak\u0131n zamanda tedav\u00fcle girip yayg\u0131nla\u015ft\u0131\u011f\u0131n\u0131n fark\u0131na varmak insanda \u00e7arp\u0131c\u0131 bir etki b\u0131rak\u0131r. Bu siyasi idealin kendine bir alan a\u00e7abilmesi i\u00e7in sadece \u00fctopyalar\u0131n de\u011fil, genel olarak siyasi projelerin \u0131skartaya \u00e7\u0131kt\u0131\u011f\u0131 bir d\u00f6neme, yirminci y\u00fczy\u0131l\u0131n son \u00e7eyre\u011fine gelinmesi gerekiyordu. \u0130nsan haklar\u0131n\u0131n alamet-i farikas\u0131, 1970\u2019lerde bir anda nereden geldi\u011fi anla\u015f\u0131lmadan sahneye \u00e7\u0131km\u0131\u015f olmas\u0131d\u0131r. \u0130nsan haklar\u0131 saf h\u00fcmanist bir hareket midir? Devletlerin ya da h\u00fck\u00fcmetlerin, \u00f6zellikle de So\u011fuk Sava\u015f d\u00f6neminde, ihtilaf halinde olduklar\u0131 di\u011fer devletleri s\u0131k\u0131\u015ft\u0131rmak i\u00e7in ba\u015fvurdu\u011fu bir koz olarak m\u0131 de\u011fer kazanm\u0131\u015ft\u0131r, yoksa kerameti kendinden menkul bir taban hareketi midir? Ba\u015fka bir d\u00fcnyan\u0131n m\u00fcmk\u00fcn oldu\u011fu d\u00fc\u015f\u00fcncesinin yeni bi\u00e7imi, bir \u201cson \u00fctopya\u201d m\u0131d\u0131r, yoksa ba\u015fkas\u0131 olmayan bir d\u00fcnyan\u0131n daha iyi ve ahlakl\u0131 hale getirilmesi \u00e7abas\u0131 m\u0131d\u0131r? Samuel Moyn, Harvard \u00dcniversitesi\u2019nde tarih profes\u00f6r\u00fc ve Humanity dergisinin yay\u0131n kurulu \u00fcyesi. <\/p>\n","protected":false},"excerpt":{"rendered":"<p>\u201c\u0130nsan haklar\u0131\u201d denince herkesin akl\u0131na en \u00fcst\u00fcn ahlak ilkeleri ve siyasi idealler gelir. Dahas\u0131 bu y\u00fcceli\u011fin insanl\u0131k tarihi kadar eski oldu\u011fu d\u00fc\u015f\u00fcn\u00fcl\u00fcr. Fakat bu program\u0131n ne<span class=\"excerpt-hellip\"> [\u2026]<\/span><\/p>\n","protected":false},"featured_media":0,"template":"","meta":{"_monsterinsights_skip_tracking":false,"_monsterinsights_sitenote_active":false,"_monsterinsights_sitenote_note":"","_monsterinsights_sitenote_category":0},"product_brand":[],"product_cat":[20039,13488],"product_tag":[],"class_list":{"0":"post-708387","1":"product","2":"type-product","3":"status-publish","5":"product_cat-kultur-tarihi","6":"product_cat-toplum-ve-insan","7":"pa_cilt-ciltli","8":"pa_tur-kitap","9":"pa_yayinevi-koc-universitesi-yayinlari","10":"pa_yazar-samuel-moyn","12":"first","13":"instock","14":"sale","15":"shipping-taxable","16":"purchasable","17":"product-type-simple"},"_links":{"self":[{"href":"https:\/\/roveyayinevi.com.tr\/index.php\/wp-json\/wp\/v2\/product\/708387","targetHints":{"allow":["GET"]}}],"collection":[{"href":"https:\/\/roveyayinevi.com.tr\/index.php\/wp-json\/wp\/v2\/product"}],"about":[{"href":"https:\/\/roveyayinevi.com.tr\/index.php\/wp-json\/wp\/v2\/types\/product"}],"wp:attachment":[{"href":"https:\/\/roveyayinevi.com.tr\/index.php\/wp-json\/wp\/v2\/media?parent=708387"}],"wp:term":[{"taxonomy":"product_brand","embeddable":true,"href":"https:\/\/roveyayinevi.com.tr\/index.php\/wp-json\/wp\/v2\/product_brand?post=708387"},{"taxonomy":"product_cat","embeddable":true,"href":"https:\/\/roveyayinevi.com.tr\/index.php\/wp-json\/wp\/v2\/product_cat?post=708387"},{"taxonomy":"product_tag","embeddable":true,"href":"https:\/\/roveyayinevi.com.tr\/index.php\/wp-json\/wp\/v2\/product_tag?post=708387"}],"curies":[{"name":"wp","href":"https:\/\/api.w.org\/{rel}","templated":true}]}}