{"id":708386,"date":"2025-08-27T16:14:24","date_gmt":"2025-08-27T13:14:24","guid":{"rendered":"https:\/\/roveyayinevi.com.tr\/index.php\/urun\/yassiz-zaman-kendi-etnolojini-yapmak\/"},"modified":"2026-04-16T02:16:53","modified_gmt":"2026-04-15T23:16:53","slug":"yassiz-zaman-kendi-etnolojini-yapmak","status":"publish","type":"product","link":"https:\/\/roveyayinevi.com.tr\/index.php\/urun\/yassiz-zaman-kendi-etnolojini-yapmak\/","title":{"rendered":"Ya\u015fs\u0131z Zaman &#8211; Kendi Etnolojini Yapmak"},"content":{"rendered":"<p>\u2018\u2018K\u0131sacas\u0131, en derinde bana ait olan, zaman i\u00e7erisinde beni \u00f6l\u00fcme, kendi \u00f6l\u00fcm\u00fcme yakla\u015ft\u0131ran ilerleyi\u015fimin derecesi kay\u0131t alt\u0131na al\u0131nm\u0131\u015f, \u00e7er\u00e7evelenmis\u00b8, d\u00fczenlemelere, \u00f6zel izinlere, istisnalara tabi tutulmus\u00b8tur. E\u011fer ya\u015f\u0131msam ve sadece ya\u015f\u0131mdan ibaretsem, \u00f6z\u00fcmde, herkesin tan\u0131d\u0131\u011f\u0131 kurallar taraf\u0131ndan s\u0131k\u0131ca belirlenmi\u015f, sosyal ve k\u00fclt\u00fcrel bir varl\u0131\u011f\u0131md\u0131r. Fakat bu kurallar y\u0131\u011f\u0131n\u0131 beni ger\u00e7ekten ilgilendirir mi? Ben ger\u00e7ekten yirmi bir ya\u015f\u0131ma geldi\u011fimde re\u015fit oldum mu? Bu d\u00f6n\u00fc\u015f\u00fcm \u015fimdilerde benimkinden \u00fc\u00e7 y\u0131l \u00f6nce mi ger\u00e7ekle\u015fiyor? Emekli olunca ba\u015fka biri mi oldum? Altm\u0131\u015f be\u015f, yetmi\u015f ya da seksen ya\u015f\u0131mdan sonra s\u00f6yleyecek bir \u015feyim kalmad\u0131 m\u0131? Bu bir \u00f6zg\u00fcrl\u00fck meselesidir ve uzayan ya\u015fam s\u00fcresi daha \u00e7ok ki\u015fiyi \u00e7emberin d\u0131\u015f\u0131na atabilir.\u2019\u2019 Frans\u0131z d\u00fc\u015f\u00fcn\u00fcr Marc Aug\u00e9\u2019den ya\u015fam, ya\u015flanma ve kendini tan\u0131ma \u00fczerine bilgece bir kitap: Ya\u015fs\u0131z Zaman. Aug\u00e9, ya\u015fam ko\u00e7lu\u011fu ve ki\u015fisel geli\u015fim teorileriyle bo\u011fulmu\u015f \u00e7a\u011f\u0131m\u0131zda, her t\u00fcrl\u00fc kurtar\u0131c\u0131 ideolojiden uzakta, adeta okurla sohbet edercesine, kediler ve kitaplarla birlikte olgunlu\u011fun yollar\u0131n\u0131 ar\u015f\u0131nl\u0131yor. \ufffcTan\u0131t\u0131m Metni<\/p>\n","protected":false},"excerpt":{"rendered":"<p>\u2018\u2018K\u0131sacas\u0131, en derinde bana ait olan, zaman i\u00e7erisinde beni \u00f6l\u00fcme, kendi \u00f6l\u00fcm\u00fcme yakla\u015ft\u0131ran ilerleyi\u015fimin derecesi kay\u0131t alt\u0131na al\u0131nm\u0131\u015f, \u00e7er\u00e7evelenmis\u00b8, d\u00fczenlemelere, \u00f6zel izinlere, istisnalara tabi tutulmus\u00b8tur. E\u011fer<span class=\"excerpt-hellip\"> [\u2026]<\/span><\/p>\n","protected":false},"featured_media":0,"template":"","meta":{"_monsterinsights_skip_tracking":false,"_monsterinsights_sitenote_active":false,"_monsterinsights_sitenote_note":"","_monsterinsights_sitenote_category":0},"product_brand":[],"product_cat":[12325,12324],"product_tag":[],"class_list":{"0":"post-708386","1":"product","2":"type-product","3":"status-publish","5":"product_cat-diger-sosyoloji","6":"product_cat-sosyoloji","7":"pa_cilt-ciltsiz","8":"pa_tur-kitap","9":"pa_yayinevi-yapi-kredi-yayinlari","10":"pa_yazar-marc-auge","12":"first","13":"instock","14":"sale","15":"shipping-taxable","16":"purchasable","17":"product-type-simple"},"_links":{"self":[{"href":"https:\/\/roveyayinevi.com.tr\/index.php\/wp-json\/wp\/v2\/product\/708386","targetHints":{"allow":["GET"]}}],"collection":[{"href":"https:\/\/roveyayinevi.com.tr\/index.php\/wp-json\/wp\/v2\/product"}],"about":[{"href":"https:\/\/roveyayinevi.com.tr\/index.php\/wp-json\/wp\/v2\/types\/product"}],"wp:attachment":[{"href":"https:\/\/roveyayinevi.com.tr\/index.php\/wp-json\/wp\/v2\/media?parent=708386"}],"wp:term":[{"taxonomy":"product_brand","embeddable":true,"href":"https:\/\/roveyayinevi.com.tr\/index.php\/wp-json\/wp\/v2\/product_brand?post=708386"},{"taxonomy":"product_cat","embeddable":true,"href":"https:\/\/roveyayinevi.com.tr\/index.php\/wp-json\/wp\/v2\/product_cat?post=708386"},{"taxonomy":"product_tag","embeddable":true,"href":"https:\/\/roveyayinevi.com.tr\/index.php\/wp-json\/wp\/v2\/product_tag?post=708386"}],"curies":[{"name":"wp","href":"https:\/\/api.w.org\/{rel}","templated":true}]}}