{"id":708385,"date":"2025-08-27T16:14:24","date_gmt":"2025-08-27T13:14:24","guid":{"rendered":"https:\/\/roveyayinevi.com.tr\/index.php\/urun\/gnossiennes-uykuyla-uyku-arasinda\/"},"modified":"2026-04-16T02:16:53","modified_gmt":"2026-04-15T23:16:53","slug":"gnossiennes-uykuyla-uyku-arasinda","status":"publish","type":"product","link":"https:\/\/roveyayinevi.com.tr\/index.php\/urun\/gnossiennes-uykuyla-uyku-arasinda\/","title":{"rendered":"Gnossiennes Uykuyla Uyku Aras\u0131nda"},"content":{"rendered":"<p>halbuki ne severdim sular\u0131n ta\u015ftan sekmesini ben ak karlardan g\u00fcm\u00fc\u015f \u0131\u015f\u0131lt\u0131lara eriyen sular\u0131n topra\u011f\u0131 i\u00e7ip topra\u011fa i\u00e7ire i\u00e7ire kendini ta\u015ftan ta\u015fa sekmesini derelere do\u011fru derelerden \u0131rmaklara \u0131rmaklardan denize denizden a\u015fk\u0131n\u2019a do\u011fru, ne \u00e7ok diye diye diye d\u00f6\u015f\u00fcmde \u015fen davullar \u00e7alan o dilin tesell\u00eesi bile yok o vakitler halbuki yan gelmeleri de su kenarlar\u0131nda ne \u00e7ok suyu ne \u00e7ok \ufffcTan\u0131t\u0131m Metni<\/p>\n","protected":false},"excerpt":{"rendered":"<p>halbuki ne severdim sular\u0131n ta\u015ftan sekmesini ben ak karlardan g\u00fcm\u00fc\u015f \u0131\u015f\u0131lt\u0131lara eriyen sular\u0131n topra\u011f\u0131 i\u00e7ip topra\u011fa i\u00e7ire i\u00e7ire kendini ta\u015ftan ta\u015fa sekmesini derelere do\u011fru derelerden \u0131rmaklara<span class=\"excerpt-hellip\"> [\u2026]<\/span><\/p>\n","protected":false},"featured_media":0,"template":"","meta":{"_monsterinsights_skip_tracking":false,"_monsterinsights_sitenote_active":false,"_monsterinsights_sitenote_note":"","_monsterinsights_sitenote_category":0},"product_brand":[],"product_cat":[12291,12509],"product_tag":[],"class_list":{"0":"post-708385","1":"product","2":"type-product","3":"status-publish","5":"product_cat-edebiyat","6":"product_cat-siir","7":"pa_cilt-ciltsiz","8":"pa_tur-kitap","9":"pa_yayinevi-yapi-kredi-yayinlari","10":"pa_yazar-bedirhan-toprak","12":"first","13":"instock","14":"sale","15":"shipping-taxable","16":"purchasable","17":"product-type-simple"},"_links":{"self":[{"href":"https:\/\/roveyayinevi.com.tr\/index.php\/wp-json\/wp\/v2\/product\/708385","targetHints":{"allow":["GET"]}}],"collection":[{"href":"https:\/\/roveyayinevi.com.tr\/index.php\/wp-json\/wp\/v2\/product"}],"about":[{"href":"https:\/\/roveyayinevi.com.tr\/index.php\/wp-json\/wp\/v2\/types\/product"}],"wp:attachment":[{"href":"https:\/\/roveyayinevi.com.tr\/index.php\/wp-json\/wp\/v2\/media?parent=708385"}],"wp:term":[{"taxonomy":"product_brand","embeddable":true,"href":"https:\/\/roveyayinevi.com.tr\/index.php\/wp-json\/wp\/v2\/product_brand?post=708385"},{"taxonomy":"product_cat","embeddable":true,"href":"https:\/\/roveyayinevi.com.tr\/index.php\/wp-json\/wp\/v2\/product_cat?post=708385"},{"taxonomy":"product_tag","embeddable":true,"href":"https:\/\/roveyayinevi.com.tr\/index.php\/wp-json\/wp\/v2\/product_tag?post=708385"}],"curies":[{"name":"wp","href":"https:\/\/api.w.org\/{rel}","templated":true}]}}