{"id":708384,"date":"2025-08-27T16:14:23","date_gmt":"2025-08-27T13:14:23","guid":{"rendered":"https:\/\/roveyayinevi.com.tr\/index.php\/urun\/bulutlar-prensi\/"},"modified":"2026-04-08T02:22:09","modified_gmt":"2026-04-07T23:22:09","slug":"bulutlar-prensi","status":"publish","type":"product","link":"https:\/\/roveyayinevi.com.tr\/index.php\/urun\/bulutlar-prensi\/","title":{"rendered":"Bulutlar Prensi"},"content":{"rendered":"<p>Bulutlar Prensi\u2019nin 2. Kitab\u0131yla macera devam ediyor. Ya\u015fad\u0131klar\u0131 bulut Blueberry yok olduktan sonra Tiran\u2019\u0131n elinden ka\u00e7may\u0131 ba\u015faran Tristam ile Myrtille, yery\u00fcz\u00fcn\u00fcn son kalan ormanlar\u0131ndan birinde do\u011fan\u0131n gizemlerini \u00f6\u011frenerek ya\u015fam m\u00fccadelesi vermektedirler. Bu esnada, g\u00f6ky\u00fcz\u00fcn\u00fcn bir di\u011fer ucunda, arkada\u015flar\u0131n\u0131n ya\u015fad\u0131\u011f\u0131ndan habersiz olan Tom, en zeki ve ba\u015far\u0131l\u0131 \u00f6\u011frencilerin al\u0131nd\u0131\u011f\u0131 Ygrektone bulutunda nihayet kendisi gibi merakl\u0131 ya\u015f\u0131tlar\u0131yla mutlu bir hayat ge\u00e7irmektedir. \u0130klimi yok ederek D\u00fcnya\u2019y\u0131 ele ge\u00e7irmeye \u00e7al\u0131\u015fan Tiran\u2019\u0131n kurdu\u011fu bu buluttan mezun olan \u00f6\u011frencilerin neye hizmet edece\u011finin fark\u0131na varamayan Tom ile Tiran\u2019\u0131 durdurmaya kararl\u0131 Tristam\u2019\u0131n kar\u015f\u0131 kar\u015f\u0131ya gelmeleri an meselesidir. Yazar Christophe Galfard \u00fcnl\u00fc astrofizik\u00e7i Stephen Hawking\u2019in y\u00f6netiminde doktoras\u0131n\u0131 yapt\u0131. Karadelikler ve Evren\u2019in k\u00f6keni hakk\u0131nda uzmanla\u015fan Galfard\u2019\u0131n gen\u00e7lerin dikkatini iklim de\u011fi\u015fikli\u011fi ve \u00e7evresel felaketler gibi konulara \u00e7ekmek i\u00e7in yazd\u0131\u011f\u0131 Bulutlar Prensi \u00fc\u00e7lemesi pek \u00e7ok \u00f6d\u00fcl kazanarak Fransa\u2019da \u00e7oksatanlar listesine girdi. \ufffcTan\u0131t\u0131m Metni<\/p>\n","protected":false},"excerpt":{"rendered":"<p>Bulutlar Prensi\u2019nin 2. Kitab\u0131yla macera devam ediyor. Ya\u015fad\u0131klar\u0131 bulut Blueberry yok olduktan sonra Tiran\u2019\u0131n elinden ka\u00e7may\u0131 ba\u015faran Tristam ile Myrtille, yery\u00fcz\u00fcn\u00fcn son kalan ormanlar\u0131ndan birinde do\u011fan\u0131n<span class=\"excerpt-hellip\"> [\u2026]<\/span><\/p>\n","protected":false},"featured_media":0,"template":"","meta":{"_monsterinsights_skip_tracking":false,"_monsterinsights_sitenote_active":false,"_monsterinsights_sitenote_note":"","_monsterinsights_sitenote_category":0},"product_brand":[],"product_cat":[12275,12274],"product_tag":[],"class_list":{"0":"post-708384","1":"product","2":"type-product","3":"status-publish","5":"product_cat-6-12-yas-kitaplari","6":"product_cat-cocuk-ve-genclik-kitaplari","7":"pa_cilt-ciltsiz","8":"pa_tur-kitap","9":"pa_yayinevi-yapi-kredi-yayinlari","10":"pa_yazar-christophe-galfard","12":"first","13":"instock","14":"sale","15":"shipping-taxable","16":"purchasable","17":"product-type-simple"},"_links":{"self":[{"href":"https:\/\/roveyayinevi.com.tr\/index.php\/wp-json\/wp\/v2\/product\/708384","targetHints":{"allow":["GET"]}}],"collection":[{"href":"https:\/\/roveyayinevi.com.tr\/index.php\/wp-json\/wp\/v2\/product"}],"about":[{"href":"https:\/\/roveyayinevi.com.tr\/index.php\/wp-json\/wp\/v2\/types\/product"}],"wp:attachment":[{"href":"https:\/\/roveyayinevi.com.tr\/index.php\/wp-json\/wp\/v2\/media?parent=708384"}],"wp:term":[{"taxonomy":"product_brand","embeddable":true,"href":"https:\/\/roveyayinevi.com.tr\/index.php\/wp-json\/wp\/v2\/product_brand?post=708384"},{"taxonomy":"product_cat","embeddable":true,"href":"https:\/\/roveyayinevi.com.tr\/index.php\/wp-json\/wp\/v2\/product_cat?post=708384"},{"taxonomy":"product_tag","embeddable":true,"href":"https:\/\/roveyayinevi.com.tr\/index.php\/wp-json\/wp\/v2\/product_tag?post=708384"}],"curies":[{"name":"wp","href":"https:\/\/api.w.org\/{rel}","templated":true}]}}