{"id":708383,"date":"2025-08-27T16:14:23","date_gmt":"2025-08-27T13:14:23","guid":{"rendered":"https:\/\/roveyayinevi.com.tr\/index.php\/urun\/oyun-kitabi\/"},"modified":"2026-04-16T02:16:53","modified_gmt":"2026-04-15T23:16:53","slug":"oyun-kitabi","status":"publish","type":"product","link":"https:\/\/roveyayinevi.com.tr\/index.php\/urun\/oyun-kitabi\/","title":{"rendered":"Oyun Kitab\u0131"},"content":{"rendered":"<p>7 Ya\u015f ve \u00dcst\u00fc \u00c7ocuklar \u0130\u00e7in E\u011flenceli Oyunlar Bu kitapla saklamba\u00e7, golf veya futbol oynayabilirsin ya da bir havaalan\u0131, bir yar\u0131\u015f pisti, bir zar, bir k\u00e2\u011f\u0131t u\u00e7ak, bir \u00e7ay fincan\u0131 ve daha pek \u00e7ok \u015fey yapabilirsin. Elinde \u015fu an bir kitap oldu\u011funu san\u0131yorsun ama yan\u0131l\u0131yorsun. \u00c7\u00fcnk\u00fc bu bir kitap de\u011fil, bir oyun! \ufffcTan\u0131t\u0131m Metni<\/p>\n","protected":false},"excerpt":{"rendered":"<p>7 Ya\u015f ve \u00dcst\u00fc \u00c7ocuklar \u0130\u00e7in E\u011flenceli Oyunlar Bu kitapla saklamba\u00e7, golf veya futbol oynayabilirsin ya da bir havaalan\u0131, bir yar\u0131\u015f pisti, bir zar, bir k\u00e2\u011f\u0131t<span class=\"excerpt-hellip\"> [\u2026]<\/span><\/p>\n","protected":false},"featured_media":0,"template":"","meta":{"_monsterinsights_skip_tracking":false,"_monsterinsights_sitenote_active":false,"_monsterinsights_sitenote_note":"","_monsterinsights_sitenote_category":0},"product_brand":[],"product_cat":[12275,12274],"product_tag":[],"class_list":{"0":"post-708383","1":"product","2":"type-product","3":"status-publish","5":"product_cat-6-12-yas-kitaplari","6":"product_cat-cocuk-ve-genclik-kitaplari","7":"pa_cilt-ciltsiz","8":"pa_tur-kitap","9":"pa_yayinevi-pia-yayinlari","10":"pa_yazar-bjorn-lengwenus","12":"first","13":"instock","14":"sale","15":"shipping-taxable","16":"purchasable","17":"product-type-simple"},"_links":{"self":[{"href":"https:\/\/roveyayinevi.com.tr\/index.php\/wp-json\/wp\/v2\/product\/708383","targetHints":{"allow":["GET"]}}],"collection":[{"href":"https:\/\/roveyayinevi.com.tr\/index.php\/wp-json\/wp\/v2\/product"}],"about":[{"href":"https:\/\/roveyayinevi.com.tr\/index.php\/wp-json\/wp\/v2\/types\/product"}],"wp:attachment":[{"href":"https:\/\/roveyayinevi.com.tr\/index.php\/wp-json\/wp\/v2\/media?parent=708383"}],"wp:term":[{"taxonomy":"product_brand","embeddable":true,"href":"https:\/\/roveyayinevi.com.tr\/index.php\/wp-json\/wp\/v2\/product_brand?post=708383"},{"taxonomy":"product_cat","embeddable":true,"href":"https:\/\/roveyayinevi.com.tr\/index.php\/wp-json\/wp\/v2\/product_cat?post=708383"},{"taxonomy":"product_tag","embeddable":true,"href":"https:\/\/roveyayinevi.com.tr\/index.php\/wp-json\/wp\/v2\/product_tag?post=708383"}],"curies":[{"name":"wp","href":"https:\/\/api.w.org\/{rel}","templated":true}]}}