{"id":708382,"date":"2025-08-27T16:14:22","date_gmt":"2025-08-27T13:14:22","guid":{"rendered":"https:\/\/roveyayinevi.com.tr\/index.php\/urun\/krallar-vadisindeki-yabanci\/"},"modified":"2026-04-16T02:16:53","modified_gmt":"2026-04-15T23:16:53","slug":"krallar-vadisindeki-yabanci","status":"publish","type":"product","link":"https:\/\/roveyayinevi.com.tr\/index.php\/urun\/krallar-vadisindeki-yabanci\/","title":{"rendered":"Krallar Vadisi&#8217;ndeki Yabanc\u0131"},"content":{"rendered":"<p>Antik M\u0131s\u0131r\u2019\u0131n uzun tarih\u00e7esi boyunca sadece bir ki\u015fi \u201cFiravun\u2019un Babas\u0131\u201d olarak an\u0131lm\u0131\u015ft\u0131r; o da 18. Hanedanl\u0131k kral\u0131 IV. Tuthmose\u2019un vezir olarak atad\u0131\u011f\u0131 Yuya\u2019d\u0131r. Yuya\u2019n\u0131n gizemi, uzun zaman boyunca M\u0131s\u0131r bilimcilerin dikkatini \u00e7ekmi\u015ftir. Her ne kadar Kraliyet ailesinin bir mensubu olmasa da bedeni Krallar Vadisi\u2019ne g\u00f6m\u00fclm\u00fc\u015f ve mezar\u0131 1905 y\u0131l\u0131nda bulunmu\u015ftur. \u015eu anda Kahire M\u00fczesi\u2019nde bulunan mumyas\u0131n\u0131 inceleyen ara\u015ft\u0131rmac\u0131lar y\u00fcz \u015feklinin M\u0131s\u0131r\u2019dan ziyade Avrupa\u2019da g\u00f6r\u00fclenlere benzedi\u011fini, kulaklar\u0131n\u0131n da d\u00f6nemin geleneklerine ayk\u0131r\u0131 olarak delinmedi\u011fini \u00f6ne s\u00fcrerek Yuya\u2019n\u0131n milliyeti konusunda kesin bir bilgi verememi\u015flerdir. Ahmed Osman\u2019\u0131n detayl\u0131 ara\u015ft\u0131rmalar\u0131 sonucunda sundu\u011fu iddiaya g\u00f6re Yuya ve Yusuf ayn\u0131 ki\u015fidir ve e\u011fer ger\u00e7ekten \u00f6yleyse bu, Krali\u00e7e Tiye ve o\u011flu Akhenaton\u2019un d\u00f6neminde tektanr\u0131c\u0131l\u0131k inanc\u0131n\u0131n ani y\u00fckseli\u015fine \u0131\u015f\u0131k tutmu\u015ftur. \u0130ncil, Kuran ve M\u0131s\u0131r kaynaklar\u0131ndan elde etti\u011fi kan\u0131tlarla Ahmed Osman, M\u0131s\u0131r\u2019dan \u00c7\u0131k\u0131\u015f\u2019\u0131n 19. Hanedanl\u0131\u011f\u0131n ilk h\u00fck\u00fcmdar\u0131 I. Ramses\u2019in k\u0131sa s\u00fcreli iktidar\u0131 s\u0131ras\u0131nda ya\u015fand\u0131\u011f\u0131n\u0131, Musa\u2019n\u0131n, Yusuf\u2019un kemiklerini Filistin\u2019e g\u00f6mmek \u00fczere M\u0131s\u0131r\u2019dan getirmedi\u011fini, onlar\u0131n asl\u0131nda Yuya\u2019n\u0131n kemikleri oldu\u011funu \u00f6ne s\u00fcrm\u00fc\u015ft\u00fcr. \ufffcTan\u0131t\u0131m Metni<\/p>\n","protected":false},"excerpt":{"rendered":"<p>Antik M\u0131s\u0131r\u2019\u0131n uzun tarih\u00e7esi boyunca sadece bir ki\u015fi \u201cFiravun\u2019un Babas\u0131\u201d olarak an\u0131lm\u0131\u015ft\u0131r; o da 18. Hanedanl\u0131k kral\u0131 IV. Tuthmose\u2019un vezir olarak atad\u0131\u011f\u0131 Yuya\u2019d\u0131r. Yuya\u2019n\u0131n gizemi, uzun<span class=\"excerpt-hellip\"> [\u2026]<\/span><\/p>\n","protected":false},"featured_media":0,"template":"","meta":{"_monsterinsights_skip_tracking":false,"_monsterinsights_sitenote_active":false,"_monsterinsights_sitenote_note":"","_monsterinsights_sitenote_category":0},"product_brand":[],"product_cat":[12370,12304],"product_tag":[],"class_list":{"0":"post-708382","1":"product","2":"type-product","3":"status-publish","5":"product_cat-arastirma-inceleme","6":"product_cat-tarih","7":"pa_cilt-ciltsiz","8":"pa_tur-kitap","9":"pa_yayinevi-omega","10":"pa_yazar-ahmed-osman","12":"first","13":"instock","14":"sale","15":"shipping-taxable","16":"purchasable","17":"product-type-simple"},"_links":{"self":[{"href":"https:\/\/roveyayinevi.com.tr\/index.php\/wp-json\/wp\/v2\/product\/708382","targetHints":{"allow":["GET"]}}],"collection":[{"href":"https:\/\/roveyayinevi.com.tr\/index.php\/wp-json\/wp\/v2\/product"}],"about":[{"href":"https:\/\/roveyayinevi.com.tr\/index.php\/wp-json\/wp\/v2\/types\/product"}],"wp:attachment":[{"href":"https:\/\/roveyayinevi.com.tr\/index.php\/wp-json\/wp\/v2\/media?parent=708382"}],"wp:term":[{"taxonomy":"product_brand","embeddable":true,"href":"https:\/\/roveyayinevi.com.tr\/index.php\/wp-json\/wp\/v2\/product_brand?post=708382"},{"taxonomy":"product_cat","embeddable":true,"href":"https:\/\/roveyayinevi.com.tr\/index.php\/wp-json\/wp\/v2\/product_cat?post=708382"},{"taxonomy":"product_tag","embeddable":true,"href":"https:\/\/roveyayinevi.com.tr\/index.php\/wp-json\/wp\/v2\/product_tag?post=708382"}],"curies":[{"name":"wp","href":"https:\/\/api.w.org\/{rel}","templated":true}]}}