{"id":708381,"date":"2025-08-27T16:14:22","date_gmt":"2025-08-27T13:14:22","guid":{"rendered":"https:\/\/roveyayinevi.com.tr\/index.php\/urun\/karadeniz-rumlari-ve-yunanistan\/"},"modified":"2026-04-16T02:16:53","modified_gmt":"2026-04-15T23:16:53","slug":"karadeniz-rumlari-ve-yunanistan","status":"publish","type":"product","link":"https:\/\/roveyayinevi.com.tr\/index.php\/urun\/karadeniz-rumlari-ve-yunanistan\/","title":{"rendered":"Karadeniz Rumlar\u0131 ve Yunanistan"},"content":{"rendered":"<p>Milli M\u00fccadele\u2019nin ba\u015far\u0131ya ula\u015fabilmesi i\u00e7in lojistik deste\u011fin iyi durumda olmas\u0131 gerekiyordu. Bu lojistik destek, Karadeniz \u00fczerinden yap\u0131l\u0131yordu. Bat\u0131 cephesinde T\u00fcrk-Yunan sava\u015f\u0131 devam ederken Ankara H\u00fck\u00fcmeti\u2019nin Rusya\u2019dan yapt\u0131\u011f\u0131 silah sevkiyat\u0131n\u0131 engellemek i\u00e7in Yunan gemileri Karadeniz\u2019e \u00e7\u0131karak abluka uygulamaya \u00e7al\u0131\u015ft\u0131&#8230; &#8230;Yunan gemileri, Karadeniz\u2019deki T\u00fcrklere ait deniz vas\u0131talar\u0131n\u0131 taciz ederek baz\u0131 \u015fehirleri bombalad\u0131. Yunanistan\u2019\u0131n bu faaliyetlerinin yan\u0131 s\u0131ra yerli Rumlar\u0131 \u00f6rg\u00fctlemesi Ankara H\u00fck\u00fcmeti\u2019nin, baz\u0131 \u00f6nlemler almas\u0131n\u0131 zorunlu k\u0131ld\u0131. Yunanl\u0131lar\u0131n bir \u00e7\u0131karma yapmalar\u0131 halinde onlara kat\u0131lmalar\u0131ndan ku\u015fku duyulan k\u0131y\u0131 Rumlar\u0131, i\u00e7erilere g\u00f6nderildi. Bu kitap d\u00f6nemin bilinmeyenlerini yeni bilgiler \u0131\u015f\u0131\u011f\u0131nda ortaya koymaktad\u0131r. 20. YY ba\u015flar\u0131ndaki T\u00fcrk- Rum m\u00fcnasebetine Tarih alan\u0131nda oldu\u011fu kadar sosyal ve k\u00fclt\u00fcrel alanda da dikkat \u00e7ekmekte, temellerini ve m\u00fccadelenin ipu\u00e7lar\u0131n\u0131 okuyucuya ak\u0131c\u0131 ve keyifli bir dille vermektedir. <\/p>\n","protected":false},"excerpt":{"rendered":"<p>Milli M\u00fccadele\u2019nin ba\u015far\u0131ya ula\u015fabilmesi i\u00e7in lojistik deste\u011fin iyi durumda olmas\u0131 gerekiyordu. Bu lojistik destek, Karadeniz \u00fczerinden yap\u0131l\u0131yordu. Bat\u0131 cephesinde T\u00fcrk-Yunan sava\u015f\u0131 devam ederken Ankara H\u00fck\u00fcmeti\u2019nin Rusya\u2019dan<span class=\"excerpt-hellip\"> [\u2026]<\/span><\/p>\n","protected":false},"featured_media":0,"template":"","meta":{"_monsterinsights_skip_tracking":false,"_monsterinsights_sitenote_active":false,"_monsterinsights_sitenote_note":"","_monsterinsights_sitenote_category":0},"product_brand":[],"product_cat":[12370,12304],"product_tag":[],"class_list":{"0":"post-708381","1":"product","2":"type-product","3":"status-publish","5":"product_cat-arastirma-inceleme","6":"product_cat-tarih","7":"pa_cilt-ciltsiz","8":"pa_tur-kitap","9":"pa_yayinevi-yeditepe-yayinevi","10":"pa_yazar-tugba-eray-biber","12":"first","13":"instock","14":"sale","15":"shipping-taxable","16":"purchasable","17":"product-type-simple"},"_links":{"self":[{"href":"https:\/\/roveyayinevi.com.tr\/index.php\/wp-json\/wp\/v2\/product\/708381","targetHints":{"allow":["GET"]}}],"collection":[{"href":"https:\/\/roveyayinevi.com.tr\/index.php\/wp-json\/wp\/v2\/product"}],"about":[{"href":"https:\/\/roveyayinevi.com.tr\/index.php\/wp-json\/wp\/v2\/types\/product"}],"wp:attachment":[{"href":"https:\/\/roveyayinevi.com.tr\/index.php\/wp-json\/wp\/v2\/media?parent=708381"}],"wp:term":[{"taxonomy":"product_brand","embeddable":true,"href":"https:\/\/roveyayinevi.com.tr\/index.php\/wp-json\/wp\/v2\/product_brand?post=708381"},{"taxonomy":"product_cat","embeddable":true,"href":"https:\/\/roveyayinevi.com.tr\/index.php\/wp-json\/wp\/v2\/product_cat?post=708381"},{"taxonomy":"product_tag","embeddable":true,"href":"https:\/\/roveyayinevi.com.tr\/index.php\/wp-json\/wp\/v2\/product_tag?post=708381"}],"curies":[{"name":"wp","href":"https:\/\/api.w.org\/{rel}","templated":true}]}}