{"id":708376,"date":"2025-08-27T16:14:20","date_gmt":"2025-08-27T13:14:20","guid":{"rendered":"https:\/\/roveyayinevi.com.tr\/index.php\/urun\/cocuklar-icin-gitar-metodu\/"},"modified":"2026-04-16T02:16:53","modified_gmt":"2026-04-15T23:16:53","slug":"cocuklar-icin-gitar-metodu","status":"publish","type":"product","link":"https:\/\/roveyayinevi.com.tr\/index.php\/urun\/cocuklar-icin-gitar-metodu\/","title":{"rendered":"\u00c7ocuklar \u0130\u00e7in Gitar Metodu"},"content":{"rendered":"<p>\u00c7ocuklar\u0131n en sevdi\u011fi \u015fark\u0131lardan olu\u015fturulmu\u015f, \u00f6\u011fretmenlerin e\u015f zamanl\u0131 \u00e7al\u0131\u015fabilmeleri i\u00e7in akor \u015fifreleriyle desteklenmi\u015f, ritim ve arpej tekniklerinin belirtildi\u011fi bu renkli ve \u00f6\u011fretici nitelikli metod kitab\u0131 \u00e7ocuklara hem gitar\u0131 sevdirecek hem de temel m\u00fczik becerileri kazand\u0131racak.<\/p>\n","protected":false},"excerpt":{"rendered":"<p>\u00c7ocuklar\u0131n en sevdi\u011fi \u015fark\u0131lardan olu\u015fturulmu\u015f, \u00f6\u011fretmenlerin e\u015f zamanl\u0131 \u00e7al\u0131\u015fabilmeleri i\u00e7in akor \u015fifreleriyle desteklenmi\u015f, ritim ve arpej tekniklerinin belirtildi\u011fi bu renkli ve \u00f6\u011fretici nitelikli metod kitab\u0131 \u00e7ocuklara<span class=\"excerpt-hellip\"> [\u2026]<\/span><\/p>\n","protected":false},"featured_media":0,"template":"","meta":{"_monsterinsights_skip_tracking":false,"_monsterinsights_sitenote_active":false,"_monsterinsights_sitenote_note":"","_monsterinsights_sitenote_category":0},"product_brand":[],"product_cat":[14556,20810],"product_tag":[],"class_list":{"0":"post-708376","1":"product","2":"type-product","3":"status-publish","5":"product_cat-muzik","6":"product_cat-ogrenim-kitaplari","7":"pa_cilt-ciltsiz","8":"pa_tur-kitap","9":"pa_yayinevi-arkadas-yayinlari-ders-kitaplari","10":"pa_yazar-bulent-isbilen","12":"first","13":"instock","14":"sale","15":"shipping-taxable","16":"purchasable","17":"product-type-simple"},"_links":{"self":[{"href":"https:\/\/roveyayinevi.com.tr\/index.php\/wp-json\/wp\/v2\/product\/708376","targetHints":{"allow":["GET"]}}],"collection":[{"href":"https:\/\/roveyayinevi.com.tr\/index.php\/wp-json\/wp\/v2\/product"}],"about":[{"href":"https:\/\/roveyayinevi.com.tr\/index.php\/wp-json\/wp\/v2\/types\/product"}],"wp:attachment":[{"href":"https:\/\/roveyayinevi.com.tr\/index.php\/wp-json\/wp\/v2\/media?parent=708376"}],"wp:term":[{"taxonomy":"product_brand","embeddable":true,"href":"https:\/\/roveyayinevi.com.tr\/index.php\/wp-json\/wp\/v2\/product_brand?post=708376"},{"taxonomy":"product_cat","embeddable":true,"href":"https:\/\/roveyayinevi.com.tr\/index.php\/wp-json\/wp\/v2\/product_cat?post=708376"},{"taxonomy":"product_tag","embeddable":true,"href":"https:\/\/roveyayinevi.com.tr\/index.php\/wp-json\/wp\/v2\/product_tag?post=708376"}],"curies":[{"name":"wp","href":"https:\/\/api.w.org\/{rel}","templated":true}]}}