{"id":708375,"date":"2025-08-27T16:14:19","date_gmt":"2025-08-27T13:14:19","guid":{"rendered":"https:\/\/roveyayinevi.com.tr\/index.php\/urun\/uc-yusuf-uc-ruya-uc-gomlek\/"},"modified":"2026-04-16T02:16:53","modified_gmt":"2026-04-15T23:16:53","slug":"uc-yusuf-uc-ruya-uc-gomlek","status":"publish","type":"product","link":"https:\/\/roveyayinevi.com.tr\/index.php\/urun\/uc-yusuf-uc-ruya-uc-gomlek\/","title":{"rendered":"\u00dc\u00e7 Yusuf \u00dc\u00e7 R\u00fcya \u00dc\u00e7 G\u00f6mlek"},"content":{"rendered":"<p>Y\u00fbsuf\u2019un aynas\u0131 d\u00fc\u015ft\u00fc nasibine. I\u015f\u0131\u011f\u0131n \u015favk\u0131 vurdu i\u00e7inin i\u00e7ine. Art\u0131k i\u00e7inin mahrem sanc\u0131lar\u0131 ay\u0131planamaz. Art\u0131k k\u00fcller alt\u0131nda tuttu\u011fun \u2019\u00e2h\u2019lar uslanmaz. Art\u0131k uyuttu\u011fun hasretlerin r\u00fcyaya kanmaz. Art\u0131k unuttu\u011fun hicranlar\u0131n susmaz.\u00dc\u00e7 r\u00fcyan\u0131n aynas\u0131nda seni sana anlat\u0131yor Y\u00fbsuf. D\u00fcnya r\u00fcyas\u0131n\u0131n ard\u0131na \u00e7a\u011f\u0131r\u0131yor g\u00f6zlerini. \u00dc\u00e7 g\u00f6mle\u011fi giydirerek yazg\u0131na, aln\u0131n\u0131n \u00e7ileli \u00e7izgilerinde okuyor hayat\u0131. \u00dc\u00e7 Y\u00fbsuf sahnesinin gerilimlerinde, Y\u00fbsuf\u2019un tuza\u011f\u0131na d\u00fc\u015fmenin g\u00fczelli\u011fini f\u0131s\u0131ld\u0131yor. Y\u00e2kub\u2019ca bekleyi\u015flerin sessizli\u011finde kalbinin k\u0131p\u0131rt\u0131lar\u0131na dokunuyor. Senai Demirci, Y\u00fbsuf K\u0131ssas\u0131\u2019n\u0131n insan\u0131 aynalayan mesaj\u0131n\u0131 hece hece ke\u015ffe \u00e7\u0131k\u0131yor. Y\u00fbsuf K\u0131ssas\u0131\u2019n\u0131n i\u00e7inden \u2018aynal\u0131 \u00e7ar\u015f\u0131\u2019da y\u00fcr\u00fcr gibi y\u00fcr\u00fcyor. Yumu\u015fac\u0131k ak\u0131p giden \u015fiirsel anlat\u0131n\u0131n s\u0131ca\u011f\u0131nda, Kur\u2019\u00e2n\u2019\u0131n hitab\u0131n\u0131n diri d\/okunu\u015flar\u0131yla \u015fa\u015f\u0131rt\u0131yor okuyucuyu. <\/p>\n","protected":false},"excerpt":{"rendered":"<p>Y\u00fbsuf\u2019un aynas\u0131 d\u00fc\u015ft\u00fc nasibine. I\u015f\u0131\u011f\u0131n \u015favk\u0131 vurdu i\u00e7inin i\u00e7ine. Art\u0131k i\u00e7inin mahrem sanc\u0131lar\u0131 ay\u0131planamaz. Art\u0131k k\u00fcller alt\u0131nda tuttu\u011fun \u2019\u00e2h\u2019lar uslanmaz. Art\u0131k uyuttu\u011fun hasretlerin r\u00fcyaya kanmaz. Art\u0131k<span class=\"excerpt-hellip\"> [\u2026]<\/span><\/p>\n","protected":false},"featured_media":0,"template":"","meta":{"_monsterinsights_skip_tracking":false,"_monsterinsights_sitenote_active":false,"_monsterinsights_sitenote_note":"","_monsterinsights_sitenote_category":0},"product_brand":[],"product_cat":[12291,12745],"product_tag":[],"class_list":{"0":"post-708375","1":"product","2":"type-product","3":"status-publish","5":"product_cat-edebiyat","6":"product_cat-tarihi-roman","7":"pa_cilt-ciltsiz","8":"pa_tur-kitap","9":"pa_yayinevi-nesil-yayinlari","10":"pa_yazar-senai-demirci","12":"first","13":"instock","14":"sale","15":"shipping-taxable","16":"purchasable","17":"product-type-simple"},"_links":{"self":[{"href":"https:\/\/roveyayinevi.com.tr\/index.php\/wp-json\/wp\/v2\/product\/708375","targetHints":{"allow":["GET"]}}],"collection":[{"href":"https:\/\/roveyayinevi.com.tr\/index.php\/wp-json\/wp\/v2\/product"}],"about":[{"href":"https:\/\/roveyayinevi.com.tr\/index.php\/wp-json\/wp\/v2\/types\/product"}],"wp:attachment":[{"href":"https:\/\/roveyayinevi.com.tr\/index.php\/wp-json\/wp\/v2\/media?parent=708375"}],"wp:term":[{"taxonomy":"product_brand","embeddable":true,"href":"https:\/\/roveyayinevi.com.tr\/index.php\/wp-json\/wp\/v2\/product_brand?post=708375"},{"taxonomy":"product_cat","embeddable":true,"href":"https:\/\/roveyayinevi.com.tr\/index.php\/wp-json\/wp\/v2\/product_cat?post=708375"},{"taxonomy":"product_tag","embeddable":true,"href":"https:\/\/roveyayinevi.com.tr\/index.php\/wp-json\/wp\/v2\/product_tag?post=708375"}],"curies":[{"name":"wp","href":"https:\/\/api.w.org\/{rel}","templated":true}]}}