{"id":708374,"date":"2025-08-27T16:14:19","date_gmt":"2025-08-27T13:14:19","guid":{"rendered":"https:\/\/roveyayinevi.com.tr\/index.php\/urun\/cantaci-necmiden-nukteler\/"},"modified":"2026-04-16T02:16:53","modified_gmt":"2026-04-15T23:16:53","slug":"cantaci-necmiden-nukteler","status":"publish","type":"product","link":"https:\/\/roveyayinevi.com.tr\/index.php\/urun\/cantaci-necmiden-nukteler\/","title":{"rendered":"\u00c7antac\u0131 Necmi&#8217;den N\u00fckteler"},"content":{"rendered":"<p>\u0130man hakikatlerini tebess\u00fcmle takdim eden ve bu asr\u0131n dertleri ile daralan kalpleri ferahlatan &#8216;Gen\u00e7 Bir \u0130htiyar&#8217; \u00c7antac\u0131 Necmi. Edepli mizah\u0131n g\u00fcc\u00fcn\u00fc \u00e7ok iyi fark edip, iman enerjisinin g\u00fcc\u00fcyle ve seyahatleriyle tan\u0131nan \u00c7antac\u0131 Necmi, bir g\u00fcn Edirne&#8217;deyse, bir g\u00fcn Hakk\u00e2ri&#8217;de iman hakikatlerini anlat\u0131yor. \u015einasi \u0131spanaktan m\u0131 geldi? Havuzda ders yap\u0131l\u0131r m\u0131?Haram gol olur mu?Tavuk ibadet eder mi?\u00c7antac\u0131 Necmi&#8217;den N\u00fckteler&#8217;de ayk\u0131r\u0131 sorular\u0131 sorduran, g\u00fcndelik hayattaki pek \u00e7ok konuyu esprili, \u015fakac\u0131 ve ak\u0131c\u0131 bir \u00fcslupla anlatan \u00c7antac\u0131 Necmi, okuyucular\u0131n\u0131 tebess\u00fcm ettirirken d\u00fc\u015f\u00fcnd\u00fcr\u00fcyor.\ufffc <\/p>\n","protected":false},"excerpt":{"rendered":"<p>\u0130man hakikatlerini tebess\u00fcmle takdim eden ve bu asr\u0131n dertleri ile daralan kalpleri ferahlatan &#8216;Gen\u00e7 Bir \u0130htiyar&#8217; \u00c7antac\u0131 Necmi. Edepli mizah\u0131n g\u00fcc\u00fcn\u00fc \u00e7ok iyi fark edip, iman<span class=\"excerpt-hellip\"> [\u2026]<\/span><\/p>\n","protected":false},"featured_media":0,"template":"","meta":{"_monsterinsights_skip_tracking":false,"_monsterinsights_sitenote_active":false,"_monsterinsights_sitenote_note":"","_monsterinsights_sitenote_category":0},"product_brand":[],"product_cat":[13701,12291],"product_tag":[],"class_list":{"0":"post-708374","1":"product","2":"type-product","3":"status-publish","5":"product_cat-ani-mektup-gunluk","6":"product_cat-edebiyat","7":"pa_cilt-ciltsiz","8":"pa_tur-kitap","9":"pa_yayinevi-nesil-yayinlari","10":"pa_yazar-necmettin-ilgen","12":"first","13":"instock","14":"sale","15":"shipping-taxable","16":"purchasable","17":"product-type-simple"},"_links":{"self":[{"href":"https:\/\/roveyayinevi.com.tr\/index.php\/wp-json\/wp\/v2\/product\/708374","targetHints":{"allow":["GET"]}}],"collection":[{"href":"https:\/\/roveyayinevi.com.tr\/index.php\/wp-json\/wp\/v2\/product"}],"about":[{"href":"https:\/\/roveyayinevi.com.tr\/index.php\/wp-json\/wp\/v2\/types\/product"}],"wp:attachment":[{"href":"https:\/\/roveyayinevi.com.tr\/index.php\/wp-json\/wp\/v2\/media?parent=708374"}],"wp:term":[{"taxonomy":"product_brand","embeddable":true,"href":"https:\/\/roveyayinevi.com.tr\/index.php\/wp-json\/wp\/v2\/product_brand?post=708374"},{"taxonomy":"product_cat","embeddable":true,"href":"https:\/\/roveyayinevi.com.tr\/index.php\/wp-json\/wp\/v2\/product_cat?post=708374"},{"taxonomy":"product_tag","embeddable":true,"href":"https:\/\/roveyayinevi.com.tr\/index.php\/wp-json\/wp\/v2\/product_tag?post=708374"}],"curies":[{"name":"wp","href":"https:\/\/api.w.org\/{rel}","templated":true}]}}