{"id":708373,"date":"2025-08-27T16:14:18","date_gmt":"2025-08-27T13:14:18","guid":{"rendered":"https:\/\/roveyayinevi.com.tr\/index.php\/urun\/dirilis-destani\/"},"modified":"2026-04-11T02:21:59","modified_gmt":"2026-04-10T23:21:59","slug":"dirilis-destani","status":"publish","type":"product","link":"https:\/\/roveyayinevi.com.tr\/index.php\/urun\/dirilis-destani\/","title":{"rendered":"Dirili\u015f Destan\u0131"},"content":{"rendered":"<p>\u00d6l\u00fcm\u00fc g\u00f6ze alm\u0131\u015flard\u0131. Hemen hepsi imanl\u0131, inan\u00e7l\u0131 ve cesurdular; abdest alarak soka\u011fa \u00e7\u0131kt\u0131lar. Kimi tank\u0131n \u00fczerine arabay\u0131 s\u00fcrd\u00fc kimi \u00e7elik paletlerin \u00f6n\u00fcne kendini att\u0131 kimi Ak\u0131nc\u0131 \u00dcss\u00fc&#8217;nde u\u00e7ak ve helikopter pilotlar\u0131n\u0131n \u00fczerine y\u00fcr\u00fcd\u00fc; cadde ve meydanlarda tanklara dur, dedi. \u0130lk defa sivil halk, silahl\u0131 hainleri yendi. Elinde ta\u015f bile olmayan imanl\u0131 yi\u011fitler; bomba, makineli t\u00fcfek, u\u00e7ak, tank ve helikopterle \u00fczerlerine gelenlere diz \u00e7\u00f6kt\u00fcrd\u00fc. \u0130man, tekni\u011fe meydan okudu. Minarelerden okunan ezan ve sela sesleri, u\u00e7ak ve helikopter g\u00fcr\u00fclt\u00fcs\u00fcn\u00fc susturdu. \u0130lk defa milletin g\u00f6nl\u00fcnde taht kuran bir lider, cesaretle milleti meydanlara ve havalimanlar\u0131na \u00e7a\u011f\u0131rd\u0131, millet de onun sesine kulak verdi, darbeci hainleri yenerek meydanlar\u0131 teslim ald\u0131. Allah m\u00fcminlere cesaret verdi, hainlerin kalbine korku sald\u0131. 1908, 1960, 1971, 1980, 28 \u015eubat 1997&#8217;de yap\u0131lamayan 15 Temmuz&#8217;da ger\u00e7ekle\u015fti, millet Dirili\u015f Destan\u0131 yazd\u0131. Bu roman tarihe not d\u00fc\u015fmek i\u00e7in yaz\u0131ld\u0131. 15 Temmuz&#8217;da yaz\u0131lan muhte\u015fem destan\u0131 ayr\u0131nt\u0131lar\u0131 ile g\u00f6zler \u00f6n\u00fcne seriyor. \ufffcTan\u0131t\u0131m Metni<\/p>\n","protected":false},"excerpt":{"rendered":"<p>\u00d6l\u00fcm\u00fc g\u00f6ze alm\u0131\u015flard\u0131. Hemen hepsi imanl\u0131, inan\u00e7l\u0131 ve cesurdular; abdest alarak soka\u011fa \u00e7\u0131kt\u0131lar. Kimi tank\u0131n \u00fczerine arabay\u0131 s\u00fcrd\u00fc kimi \u00e7elik paletlerin \u00f6n\u00fcne kendini att\u0131 kimi Ak\u0131nc\u0131<span class=\"excerpt-hellip\"> [\u2026]<\/span><\/p>\n","protected":false},"featured_media":0,"template":"","meta":{"_monsterinsights_skip_tracking":false,"_monsterinsights_sitenote_active":false,"_monsterinsights_sitenote_note":"","_monsterinsights_sitenote_category":0},"product_brand":[],"product_cat":[12291,12711],"product_tag":[],"class_list":{"0":"post-708373","1":"product","2":"type-product","3":"status-publish","5":"product_cat-edebiyat","6":"product_cat-roman-oyku","7":"pa_cilt-ciltsiz","8":"pa_tur-kitap","9":"pa_yayinevi-nesil-yayinlari","10":"pa_yazar-ali-erkan-kavakli","12":"first","13":"instock","14":"sale","15":"shipping-taxable","16":"purchasable","17":"product-type-simple"},"_links":{"self":[{"href":"https:\/\/roveyayinevi.com.tr\/index.php\/wp-json\/wp\/v2\/product\/708373","targetHints":{"allow":["GET"]}}],"collection":[{"href":"https:\/\/roveyayinevi.com.tr\/index.php\/wp-json\/wp\/v2\/product"}],"about":[{"href":"https:\/\/roveyayinevi.com.tr\/index.php\/wp-json\/wp\/v2\/types\/product"}],"wp:attachment":[{"href":"https:\/\/roveyayinevi.com.tr\/index.php\/wp-json\/wp\/v2\/media?parent=708373"}],"wp:term":[{"taxonomy":"product_brand","embeddable":true,"href":"https:\/\/roveyayinevi.com.tr\/index.php\/wp-json\/wp\/v2\/product_brand?post=708373"},{"taxonomy":"product_cat","embeddable":true,"href":"https:\/\/roveyayinevi.com.tr\/index.php\/wp-json\/wp\/v2\/product_cat?post=708373"},{"taxonomy":"product_tag","embeddable":true,"href":"https:\/\/roveyayinevi.com.tr\/index.php\/wp-json\/wp\/v2\/product_tag?post=708373"}],"curies":[{"name":"wp","href":"https:\/\/api.w.org\/{rel}","templated":true}]}}