{"id":708370,"date":"2025-08-27T16:14:17","date_gmt":"2025-08-27T13:14:17","guid":{"rendered":"https:\/\/roveyayinevi.com.tr\/index.php\/urun\/malazgirt-1071-kiyametin-ilk-gunu\/"},"modified":"2026-04-16T02:16:53","modified_gmt":"2026-04-15T23:16:53","slug":"malazgirt-1071-kiyametin-ilk-gunu","status":"publish","type":"product","link":"https:\/\/roveyayinevi.com.tr\/index.php\/urun\/malazgirt-1071-kiyametin-ilk-gunu\/","title":{"rendered":"Malazgirt 1071 K\u0131yametin \u0130lk G\u00fcn\u00fc"},"content":{"rendered":"<p>26 A\u011fustos 1071\u2026 Malazgirt\u2019te Sel\u00e7uklu Sultan\u0131 Alparslan&#8217;\u0131n t\u00fcm ordusuna &#8220;Burada yasaklar koyan bir sultan ya da emirlere icabet eden asker yoktur. Ben de sizlerden biriyim ve bug\u00fcn sizinle birlikte sava\u015faca\u011f\u0131m&#8221; dedi\u011fi g\u00fcn&#8230; Bir d\u00f6neme damgas\u0131n\u0131 vurmu\u015f ve etkileri g\u00fcn\u00fcm\u00fcze kadar ula\u015fm\u0131\u015f Malazgirt Zaferi \u00fczerine ak\u0131llarda h\u00e2l\u00e2 bir\u00e7ok soru i\u015fareti bulunuyor: Malazgirt Sava\u015f\u0131&#8217;n\u0131n nedeni neydi? Sava\u015f\u0131 hangi taraf ba\u015flatm\u0131\u015ft\u0131? Malazgirt Sava\u015f\u0131&#8217;nda K\u00fcrtler var m\u0131yd\u0131? Bizans \u0130mparatoru nas\u0131l esir al\u0131nd\u0131 ve esareti esnas\u0131nda neler ya\u015fand\u0131? Romanos katledilmeden \u00f6nce hangi i\u015fkencelere maruz kald\u0131? Sel\u00e7uklu Sultan\u0131 Alparslan sava\u015ftan k\u0131sa bir s\u00fcre sonra neden \u00f6ld\u00fcr\u00fcld\u00fc? Do\u00e7. Dr. Mustafa Alican\u2019\u0131n akademik bir titizlikle ve s\u00fcr\u00fckleyici \u00fcslupla haz\u0131rlad\u0131\u011f\u0131 Malazgirt 1071 &#8211; K\u0131yametin \u0130lk G\u00fcn\u00fc kitab\u0131nda hem bu sorular en kesin cevaplar\u0131na ula\u015f\u0131yor hem de Sel\u00e7uklu \u00e7a\u011f\u0131n\u0131n ve T\u00fcrk tarihinin d\u00f6n\u00fcm noktas\u0131 olan Malazgirt Zaferi, \u00e7a\u011fda\u015f kaynaklarda yer alan bilgilerden hareketle incelenmi\u015f oluyor. <\/p>\n","protected":false},"excerpt":{"rendered":"<p>26 A\u011fustos 1071\u2026 Malazgirt\u2019te Sel\u00e7uklu Sultan\u0131 Alparslan&#8217;\u0131n t\u00fcm ordusuna &#8220;Burada yasaklar koyan bir sultan ya da emirlere icabet eden asker yoktur. Ben de sizlerden biriyim ve<span class=\"excerpt-hellip\"> [\u2026]<\/span><\/p>\n","protected":false},"featured_media":0,"template":"","meta":{"_monsterinsights_skip_tracking":false,"_monsterinsights_sitenote_active":false,"_monsterinsights_sitenote_note":"","_monsterinsights_sitenote_category":0},"product_brand":[],"product_cat":[12304,13650],"product_tag":[],"class_list":{"0":"post-708370","1":"product","2":"type-product","3":"status-publish","5":"product_cat-tarih","6":"product_cat-turk-tarihi-arastirmalari","7":"pa_cilt-ciltsiz","8":"pa_tur-kitap","9":"pa_yayinevi-kronik-kitap","10":"pa_yazar-mustafa-alican","12":"first","13":"instock","14":"sale","15":"shipping-taxable","16":"purchasable","17":"product-type-simple"},"_links":{"self":[{"href":"https:\/\/roveyayinevi.com.tr\/index.php\/wp-json\/wp\/v2\/product\/708370","targetHints":{"allow":["GET"]}}],"collection":[{"href":"https:\/\/roveyayinevi.com.tr\/index.php\/wp-json\/wp\/v2\/product"}],"about":[{"href":"https:\/\/roveyayinevi.com.tr\/index.php\/wp-json\/wp\/v2\/types\/product"}],"wp:attachment":[{"href":"https:\/\/roveyayinevi.com.tr\/index.php\/wp-json\/wp\/v2\/media?parent=708370"}],"wp:term":[{"taxonomy":"product_brand","embeddable":true,"href":"https:\/\/roveyayinevi.com.tr\/index.php\/wp-json\/wp\/v2\/product_brand?post=708370"},{"taxonomy":"product_cat","embeddable":true,"href":"https:\/\/roveyayinevi.com.tr\/index.php\/wp-json\/wp\/v2\/product_cat?post=708370"},{"taxonomy":"product_tag","embeddable":true,"href":"https:\/\/roveyayinevi.com.tr\/index.php\/wp-json\/wp\/v2\/product_tag?post=708370"}],"curies":[{"name":"wp","href":"https:\/\/api.w.org\/{rel}","templated":true}]}}