{"id":708369,"date":"2025-08-27T16:14:16","date_gmt":"2025-08-27T13:14:16","guid":{"rendered":"https:\/\/roveyayinevi.com.tr\/index.php\/urun\/medya-okuryazarligi\/"},"modified":"2026-04-16T02:16:53","modified_gmt":"2026-04-15T23:16:53","slug":"medya-okuryazarligi","status":"publish","type":"product","link":"https:\/\/roveyayinevi.com.tr\/index.php\/urun\/medya-okuryazarligi\/","title":{"rendered":"Medya Okuryazarl\u0131\u011f\u0131"},"content":{"rendered":"<p>&#8220;Okuryazarl\u0131k, okuma ve yazma becerilerinin nas\u0131l kullan\u0131lmas\u0131 ve y\u00f6nlendirilmesi gerekti\u011fi konusunda her zaman \u00e7aba g\u00f6sterilen bir alan olmu\u015ftur. Okullarda okuryazarl\u0131\u011f\u0131n sistematik olarak \u00f6\u011fretilmesi ilk olarak \u00e7ocuklar\u0131 ve gen\u00e7leri \u00e7al\u0131\u015fanlar ve vatanda\u015flar olarak etkin bir \u015fekilde i\u015flev g\u00f6rmesine yeterli olacak asgari becerilerle donatmak, ikinci olarak k\u00fclt\u00fcrel elit taraf\u0131ndan kabul g\u00f6ren ve ulusal k\u00fclt\u00fcr ve \u00f6zelliklerin temel ifade \u015fekli olarak de\u011ferlendirilen edebiyat eserlerini onlara tan\u0131tmak i\u00e7in tasarlanm\u0131\u015ft\u0131r. Fakat okuryazarl\u0131k ayn\u0131 zamanda her ge\u00e7en g\u00fcn geni\u015fleyen ticari medya \u00e7e\u015fitlili\u011fi ve h\u0131zla ilerleyen t\u00fcketici sistemiyle yak\u0131n ili\u015fki kurman\u0131n ortam\u0131n\u0131 haz\u0131rlam\u0131\u015ft\u0131r&#8230; Bu derleme kitab\u0131n a\u00e7\u0131mlad\u0131\u011f\u0131 \u00fczere, medya okuryazarl\u0131\u011f\u0131 etraf\u0131ndaki d\u00fc\u015f\u00fcnme ve pratik, merkezi ve elzem bir role sahiptir. \u00c7o\u011funlukla teknolojiler ve onlar\u0131n potansiyelleri ile \u00f6nde gelen internet \u015firketlerinin halkla ili\u015fkiler retoriklerini i\u00e7eren konu\u015fmalar\u0131n yer ald\u0131\u011f\u0131 bir tart\u0131\u015fmada, medya okuryazarl\u0131\u011f\u0131 uzmanlar\u0131, k\u00fclt\u00fcr\u00fcn, yarat\u0131c\u0131l\u0131\u011f\u0131n, ele\u015ftirinin ve bilin\u00e7li kat\u0131l\u0131m\u0131n merkeziyetine vurgu yapmaktad\u0131r. Sesimizi y\u00fckseltmeli ve daha y\u00fcksek sesle konu\u015fmal\u0131y\u0131z.&#8221; <\/p>\n","protected":false},"excerpt":{"rendered":"<p>&#8220;Okuryazarl\u0131k, okuma ve yazma becerilerinin nas\u0131l kullan\u0131lmas\u0131 ve y\u00f6nlendirilmesi gerekti\u011fi konusunda her zaman \u00e7aba g\u00f6sterilen bir alan olmu\u015ftur. Okullarda okuryazarl\u0131\u011f\u0131n sistematik olarak \u00f6\u011fretilmesi ilk olarak \u00e7ocuklar\u0131<span class=\"excerpt-hellip\"> [\u2026]<\/span><\/p>\n","protected":false},"featured_media":0,"template":"","meta":{"_monsterinsights_skip_tracking":false,"_monsterinsights_sitenote_active":false,"_monsterinsights_sitenote_note":"","_monsterinsights_sitenote_category":0},"product_brand":[],"product_cat":[15983,13488],"product_tag":[],"class_list":{"0":"post-708369","1":"product","2":"type-product","3":"status-publish","5":"product_cat-iletisim-ve-medya","6":"product_cat-toplum-ve-insan","7":"pa_cilt-ciltsiz","8":"pa_tur-kitap","9":"pa_yayinevi-siyasal-kitabevi","10":"pa_yazar-elif-kucuk-durur","12":"first","13":"instock","14":"sale","15":"shipping-taxable","16":"purchasable","17":"product-type-simple"},"_links":{"self":[{"href":"https:\/\/roveyayinevi.com.tr\/index.php\/wp-json\/wp\/v2\/product\/708369","targetHints":{"allow":["GET"]}}],"collection":[{"href":"https:\/\/roveyayinevi.com.tr\/index.php\/wp-json\/wp\/v2\/product"}],"about":[{"href":"https:\/\/roveyayinevi.com.tr\/index.php\/wp-json\/wp\/v2\/types\/product"}],"wp:attachment":[{"href":"https:\/\/roveyayinevi.com.tr\/index.php\/wp-json\/wp\/v2\/media?parent=708369"}],"wp:term":[{"taxonomy":"product_brand","embeddable":true,"href":"https:\/\/roveyayinevi.com.tr\/index.php\/wp-json\/wp\/v2\/product_brand?post=708369"},{"taxonomy":"product_cat","embeddable":true,"href":"https:\/\/roveyayinevi.com.tr\/index.php\/wp-json\/wp\/v2\/product_cat?post=708369"},{"taxonomy":"product_tag","embeddable":true,"href":"https:\/\/roveyayinevi.com.tr\/index.php\/wp-json\/wp\/v2\/product_tag?post=708369"}],"curies":[{"name":"wp","href":"https:\/\/api.w.org\/{rel}","templated":true}]}}