{"id":708356,"date":"2025-08-27T16:14:12","date_gmt":"2025-08-27T13:14:12","guid":{"rendered":"https:\/\/roveyayinevi.com.tr\/index.php\/urun\/a-takimi-doguyor\/"},"modified":"2026-04-16T02:16:52","modified_gmt":"2026-04-15T23:16:52","slug":"a-takimi-doguyor","status":"publish","type":"product","link":"https:\/\/roveyayinevi.com.tr\/index.php\/urun\/a-takimi-doguyor\/","title":{"rendered":"A Tak\u0131m\u0131 Do\u011fuyor"},"content":{"rendered":"<p>Heyyy \u00e7ocuklar! Ne haber? Umar\u0131m, ya\u015fam sevinciniz artarak su\u0308rmektedir. Senden ne haber diyorsan\u0131z size bir mu\u0308jdem var. Hem yu\u0308re\u011finize de\u011fecek hem de merak ve co\u015fkular\u0131n\u0131z\u0131 k\u00f6ru\u0308kleyecek, yepyeni bir dizinin ilk kitab\u0131yla selaml\u0131yorum sizleri&#8230; Haydi, hep birlikte k\u00f6pek okuluna gidelim. Bakal\u0131m, orada bizi neler bekliyor. \ufffcTan\u0131t\u0131m Metni<\/p>\n","protected":false},"excerpt":{"rendered":"<p>Heyyy \u00e7ocuklar! Ne haber? Umar\u0131m, ya\u015fam sevinciniz artarak su\u0308rmektedir. Senden ne haber diyorsan\u0131z size bir mu\u0308jdem var. Hem yu\u0308re\u011finize de\u011fecek hem de merak ve co\u015fkular\u0131n\u0131z\u0131 k\u00f6ru\u0308kleyecek,<span class=\"excerpt-hellip\"> [\u2026]<\/span><\/p>\n","protected":false},"featured_media":0,"template":"","meta":{"_monsterinsights_skip_tracking":false,"_monsterinsights_sitenote_active":false,"_monsterinsights_sitenote_note":"","_monsterinsights_sitenote_category":0},"product_brand":[],"product_cat":[12275,12274],"product_tag":[],"class_list":{"0":"post-708356","1":"product","2":"type-product","3":"status-publish","5":"product_cat-6-12-yas-kitaplari","6":"product_cat-cocuk-ve-genclik-kitaplari","7":"pa_cilt-ciltsiz","8":"pa_tur-kitap","9":"pa_yayinevi-altin-kitaplar-cocuk-kitaplari","10":"pa_yazar-gulten-dayioglu","12":"first","13":"instock","14":"sale","15":"shipping-taxable","16":"purchasable","17":"product-type-simple"},"_links":{"self":[{"href":"https:\/\/roveyayinevi.com.tr\/index.php\/wp-json\/wp\/v2\/product\/708356","targetHints":{"allow":["GET"]}}],"collection":[{"href":"https:\/\/roveyayinevi.com.tr\/index.php\/wp-json\/wp\/v2\/product"}],"about":[{"href":"https:\/\/roveyayinevi.com.tr\/index.php\/wp-json\/wp\/v2\/types\/product"}],"wp:attachment":[{"href":"https:\/\/roveyayinevi.com.tr\/index.php\/wp-json\/wp\/v2\/media?parent=708356"}],"wp:term":[{"taxonomy":"product_brand","embeddable":true,"href":"https:\/\/roveyayinevi.com.tr\/index.php\/wp-json\/wp\/v2\/product_brand?post=708356"},{"taxonomy":"product_cat","embeddable":true,"href":"https:\/\/roveyayinevi.com.tr\/index.php\/wp-json\/wp\/v2\/product_cat?post=708356"},{"taxonomy":"product_tag","embeddable":true,"href":"https:\/\/roveyayinevi.com.tr\/index.php\/wp-json\/wp\/v2\/product_tag?post=708356"}],"curies":[{"name":"wp","href":"https:\/\/api.w.org\/{rel}","templated":true}]}}