{"id":708353,"date":"2025-08-27T16:14:11","date_gmt":"2025-08-27T13:14:11","guid":{"rendered":"https:\/\/roveyayinevi.com.tr\/index.php\/urun\/karanlik-guzergahlar\/"},"modified":"2026-04-16T02:16:52","modified_gmt":"2026-04-15T23:16:52","slug":"karanlik-guzergahlar","status":"publish","type":"product","link":"https:\/\/roveyayinevi.com.tr\/index.php\/urun\/karanlik-guzergahlar\/","title":{"rendered":"Karanl\u0131k G\u00fczergahlar"},"content":{"rendered":"<p>Diktat\u00f6rler, gangsterler, ka\u00e7ak prensesler, umutsuz romantikler, ba\u011fnazlar, suikast\u00e7\u0131lar ve hayatta kalmak i\u00e7in her \u015feyi g\u00f6ze alan insanlar aras\u0131nda bir adam&#8230; Yalanlarla, ihanetlerle, trajik \u00f6l\u00fcmlerle, s\u0131rlar ard\u0131na gizlenen hayatlarla ve her \u015feye ra\u011fmen s\u00fcren a\u015fklarla d\u00f6nen bir d\u00fcnyada bir gezgin&#8230; B\u00fct\u00fcn bunlara tan\u0131k olan bir gezgin. Kanadal\u0131 \u00fcnl\u00fc yazar John Ralston Saul, Karanl\u0131k G\u00fczerg\u00e2hlar\u2019da bizlere kara mizahla bezeli bir pencere a\u00e7\u0131yor. Kurguyla ger\u00e7e\u011fin i\u00e7 i\u00e7e ge\u00e7ti\u011fi bu kitab\u0131 okurken ge\u00e7mi\u015f d\u00f6nemlere s\u00fcr\u00fcklenecek, farkl\u0131 hayatlara kar\u0131\u015facak ve kendinizi tekrar \u015fimdinin tam ortas\u0131nda bulacaks\u0131n\u0131z&#8230;   \u201cDemagoglar, diktat\u00f6rler, ba\u011fnazlar, \u0131rk\u00e7\u0131lar, pop\u00fclistler\u2026 bunlar\u0131n hepsinin yapt\u0131\u011f\u0131 \u015fey ayn\u0131; korku yoluyla liderlik sa\u011flamak. Tap\u0131nman\u0131n k\u00f6keninde de bu var zaten. Bu insanlar k\u00f6t\u00fc olabilirler, ancak halk\u0131 etkileyebildikleri bir ger\u00e7ek. D\u00fcr\u00fcst bir insan\u0131n halk\u0131 etkileyebildi\u011fini g\u00f6rmek insan\u0131 genelde duyguland\u0131r\u0131r, ama bunu bir yalanc\u0131n\u0131n yapmas\u0131n\u0131 izlemek kesinlikle \u00e7ok daha ilgin\u00e7tir. \u00c7\u00fcnk\u00fc bu insanlar b\u00f6yle bir ortamda b\u00fct\u00fcn zay\u0131fl\u0131klar\u0131m\u0131za oynar. T\u0131pk\u0131 bir reklam gibi. B\u00fcy\u00fcmesini engellemeye \u00e7al\u0131\u015ft\u0131\u011f\u0131m\u0131z b\u00fct\u00fcn korkular\u0131m\u0131z bir anda ye\u015fermeye te\u015fvik edilir ve baz\u0131lar\u0131m\u0131z buna boyun e\u011fer. Normal bir ya\u015fam s\u00fcren vatanda\u015flar birden birer canavara d\u00f6n\u00fc\u015f\u00fcr. Bunu canl\u0131 canl\u0131 g\u00f6rmemi\u015fsen ya da bir yerlerde okumam\u0131\u015fsan, toplumda yanl\u0131\u015f giden hi\u00e7bir \u015feyden haberin yok demektir.\u201d <\/p>\n","protected":false},"excerpt":{"rendered":"<p>Diktat\u00f6rler, gangsterler, ka\u00e7ak prensesler, umutsuz romantikler, ba\u011fnazlar, suikast\u00e7\u0131lar ve hayatta kalmak i\u00e7in her \u015feyi g\u00f6ze alan insanlar aras\u0131nda bir adam&#8230; Yalanlarla, ihanetlerle, trajik \u00f6l\u00fcmlerle, s\u0131rlar ard\u0131na<span class=\"excerpt-hellip\"> [\u2026]<\/span><\/p>\n","protected":false},"featured_media":0,"template":"","meta":{"_monsterinsights_skip_tracking":false,"_monsterinsights_sitenote_active":false,"_monsterinsights_sitenote_note":"","_monsterinsights_sitenote_category":0},"product_brand":[],"product_cat":[12291,12711],"product_tag":[],"class_list":{"0":"post-708353","1":"product","2":"type-product","3":"status-publish","5":"product_cat-edebiyat","6":"product_cat-roman-oyku","7":"pa_cilt-ciltsiz","8":"pa_tur-kitap","9":"pa_yayinevi-ayrinti-yayinlari","10":"pa_yazar-john-ralston-saul","12":"first","13":"instock","14":"sale","15":"shipping-taxable","16":"purchasable","17":"product-type-simple"},"_links":{"self":[{"href":"https:\/\/roveyayinevi.com.tr\/index.php\/wp-json\/wp\/v2\/product\/708353","targetHints":{"allow":["GET"]}}],"collection":[{"href":"https:\/\/roveyayinevi.com.tr\/index.php\/wp-json\/wp\/v2\/product"}],"about":[{"href":"https:\/\/roveyayinevi.com.tr\/index.php\/wp-json\/wp\/v2\/types\/product"}],"wp:attachment":[{"href":"https:\/\/roveyayinevi.com.tr\/index.php\/wp-json\/wp\/v2\/media?parent=708353"}],"wp:term":[{"taxonomy":"product_brand","embeddable":true,"href":"https:\/\/roveyayinevi.com.tr\/index.php\/wp-json\/wp\/v2\/product_brand?post=708353"},{"taxonomy":"product_cat","embeddable":true,"href":"https:\/\/roveyayinevi.com.tr\/index.php\/wp-json\/wp\/v2\/product_cat?post=708353"},{"taxonomy":"product_tag","embeddable":true,"href":"https:\/\/roveyayinevi.com.tr\/index.php\/wp-json\/wp\/v2\/product_tag?post=708353"}],"curies":[{"name":"wp","href":"https:\/\/api.w.org\/{rel}","templated":true}]}}