{"id":708352,"date":"2025-08-27T16:14:10","date_gmt":"2025-08-27T13:14:10","guid":{"rendered":"https:\/\/roveyayinevi.com.tr\/index.php\/urun\/din-felsefesi\/"},"modified":"2026-04-16T02:16:52","modified_gmt":"2026-04-15T23:16:52","slug":"din-felsefesi","status":"publish","type":"product","link":"https:\/\/roveyayinevi.com.tr\/index.php\/urun\/din-felsefesi\/","title":{"rendered":"Din Felsefesi"},"content":{"rendered":"<p>Tanr\u0131\u2019n\u0131n varl\u0131\u011f\u0131na ya da yoklu\u011funa dair sunulabilecek arg\u00fcmanlar nelerdir? E\u011fer sonsuz iyilik sahibi bir Tanr\u0131 varsa, korkun\u00e7 ac\u0131lar ve k\u00f6t\u00fcl\u00fckler neden var, Tanr\u0131 ni\u00e7in g\u00f6r\u00fcnm\u00fcyor, \u00f6l\u00fcm ne anlama geliyor? Din Felsefesi, dinlerin var olmaya ba\u015flad\u0131\u011f\u0131 g\u00fcnden beri s\u00fcregelen en \u00f6nemli fikirleri ve tart\u0131\u015fmalar\u0131, bu alan\u0131n \u00f6nde gelen otorite ve akademisyenlerinin kaleme ald\u0131\u011f\u0131 on sekiz farkl\u0131 makaleyle kapsaml\u0131 bir \u015fekilde sunuyor. Din felsefesinin \u00fczerine in\u015fa edildi\u011fi tarihsel temelleri somut bi\u00e7imde ortaya koyarken, dinin g\u00fcn\u00fcm\u00fcz d\u00fcnyas\u0131 i\u00e7in ne anlama geldi\u011fini daha derinlemesine alg\u0131lamam\u0131z a\u00e7\u0131s\u0131ndan yeni ufuklar a\u00e7\u0131yor. Ayr\u0131ca Feminist Din Felsefesi, Do\u011fu D\u00fcnyas\u0131nda Din Felsefesi, Dinlerin Bilimle Etkile\u015fimi gibi yak\u0131n zamanda \u00f6n plana \u00e7\u0131kmaya ba\u015flayan konular da detayl\u0131 bi\u00e7imde okura sunuluyor. <\/p>\n","protected":false},"excerpt":{"rendered":"<p>Tanr\u0131\u2019n\u0131n varl\u0131\u011f\u0131na ya da yoklu\u011funa dair sunulabilecek arg\u00fcmanlar nelerdir? E\u011fer sonsuz iyilik sahibi bir Tanr\u0131 varsa, korkun\u00e7 ac\u0131lar ve k\u00f6t\u00fcl\u00fckler neden var, Tanr\u0131 ni\u00e7in g\u00f6r\u00fcnm\u00fcyor, \u00f6l\u00fcm<span class=\"excerpt-hellip\"> [\u2026]<\/span><\/p>\n","protected":false},"featured_media":0,"template":"","meta":{"_monsterinsights_skip_tracking":false,"_monsterinsights_sitenote_active":false,"_monsterinsights_sitenote_note":"","_monsterinsights_sitenote_category":0},"product_brand":[],"product_cat":[19998,12388],"product_tag":[],"class_list":{"0":"post-708352","1":"product","2":"type-product","3":"status-publish","5":"product_cat-din-felsefesi","6":"product_cat-felsefe","7":"pa_cilt-ciltsiz","8":"pa_tur-kitap","9":"pa_yayinevi-ayrinti-yayinlari","10":"pa_yazar-paul-copan-chad-meister","12":"first","13":"instock","14":"sale","15":"shipping-taxable","16":"purchasable","17":"product-type-simple"},"_links":{"self":[{"href":"https:\/\/roveyayinevi.com.tr\/index.php\/wp-json\/wp\/v2\/product\/708352","targetHints":{"allow":["GET"]}}],"collection":[{"href":"https:\/\/roveyayinevi.com.tr\/index.php\/wp-json\/wp\/v2\/product"}],"about":[{"href":"https:\/\/roveyayinevi.com.tr\/index.php\/wp-json\/wp\/v2\/types\/product"}],"wp:attachment":[{"href":"https:\/\/roveyayinevi.com.tr\/index.php\/wp-json\/wp\/v2\/media?parent=708352"}],"wp:term":[{"taxonomy":"product_brand","embeddable":true,"href":"https:\/\/roveyayinevi.com.tr\/index.php\/wp-json\/wp\/v2\/product_brand?post=708352"},{"taxonomy":"product_cat","embeddable":true,"href":"https:\/\/roveyayinevi.com.tr\/index.php\/wp-json\/wp\/v2\/product_cat?post=708352"},{"taxonomy":"product_tag","embeddable":true,"href":"https:\/\/roveyayinevi.com.tr\/index.php\/wp-json\/wp\/v2\/product_tag?post=708352"}],"curies":[{"name":"wp","href":"https:\/\/api.w.org\/{rel}","templated":true}]}}