{"id":708350,"date":"2025-08-27T16:14:09","date_gmt":"2025-08-27T13:14:09","guid":{"rendered":"https:\/\/roveyayinevi.com.tr\/index.php\/urun\/sapkada-eriyen-bay-karp\/"},"modified":"2026-04-16T02:16:52","modified_gmt":"2026-04-15T23:16:52","slug":"sapkada-eriyen-bay-karp","status":"publish","type":"product","link":"https:\/\/roveyayinevi.com.tr\/index.php\/urun\/sapkada-eriyen-bay-karp\/","title":{"rendered":"\u015eapkada Eriyen Bay Karp"},"content":{"rendered":"<p>\u0130ster \u00fcst\u00fcnde komik s\u00f6zler yazan kahve fincanlar\u0131, ister envai\u00e7e\u015fit farkl\u0131 t\u00fcrde b\u00f6rt\u00fc b\u00f6cek fosili, ne biriktirlerse biriktirsinler b\u00fct\u00fcn koleksiyonerler biraz delidir. Toplad\u0131klar\u0131 \u015feylerden kendilerine birer d\u00fcnya in\u015fa eden koleksiyonerler asla mutlu olmay\u0131 bilmezler. D\u00fcnyalar\u0131 her zaman biraz eksiktir. Ve belki de en k\u00f6t\u00fcs\u00fc, ba\u015fka birilerinin d\u00fcnyas\u0131 daima kendilerininkinden daha iyi olabilir\u2026K\u00fc\u00e7\u00fck koleksiyoner Randolph\u2019un babas\u0131, haks\u0131z yere su\u00e7lanarak i\u015finden olunca, aileleri maddi s\u0131k\u0131nt\u0131ya d\u00fc\u015fer. \u00c7areyi, evlerinin \u00fc\u00e7\u00fcnc\u00fc kat\u0131na kirac\u0131 almakta arayan aile, k\u0131sa bir s\u00fcre sonra eksantrik bir kirac\u0131yla anla\u015f\u0131r.Eski moda giysiler giyen, k\u00fc\u00e7\u00fck komik bir b\u0131y\u0131\u011fa sahip, ufak tefek bir adam olan kirac\u0131 Bay Karp, \u00fc\u00e7 be\u015f e\u015fyas\u0131n\u0131n yan\u0131 s\u0131ra yakla\u015f\u0131k \u00fc\u00e7 y\u00fcz par\u00e7al\u0131k \u201c\u00f6m\u00fcrs\u00fcz\u201d koleksiyonuyla sessizce yeni evine ta\u015f\u0131n\u0131r. Gizemli ki\u015fili\u011fiyle dikkat \u00e7eken Bay Karp\u2019\u0131n biriktirdi\u011fi \u201c\u00f6m\u00fcrs\u00fcz\u201d \u015feyler neyin nesidir? Farkl\u0131 \u00fclkelerden toplanm\u0131\u015f an\u0131 ka\u015f\u0131klar\u0131 m\u0131? Yoksa, burnundan \u00fcfleyerek ya da aya\u011f\u0131nla dokunarak \u00e7ald\u0131\u011f\u0131n tipte tuhaf m\u00fczik aletleri mi? Belki de k\u00fc\u00e7\u00fclt\u00fclm\u00fc\u015f kafalar? D\u00fcnyadaki pek \u00e7ok de\u011ferli \u015fey, hatta belki en de\u011ferli \u015feyler bile, \u00f6m\u00fcrs\u00fcz olabilir. Peki, ya Bay Karp\u2019\u0131n biriktirdikleri?..K\u00fc\u00e7\u00fck Randolph hem Bay Karp\u2019\u0131n gizledi\u011fi koleksiyon ger\u00e7e\u011fini hem de hayat\u0131n s\u0131rr\u0131n\u0131 ke\u015ffetmek \u00fczere. Tabii, Bay Karp\u2019\u0131 kuzeydo\u011funun birinci en b\u00fcy\u00fck koleksiyoneri yapacak \u015feyin ard\u0131nda yatan sis perdesini aralamay\u0131 ba\u015farabilirse.\u00d6d\u00fcll\u00fc yazar Cary Fagan\u2019\u0131n, m\u00fctevazi bir aile evinin \u00fc\u00e7\u00fcnc\u00fc kat\u0131ndan Napolyon Bonapart\u2019\u0131n ya\u015fad\u0131\u011f\u0131 tarihi bir \u00e2na uzanan bu \u00f6zg\u00fcn hik\u00e2yesi okurlar\u0131na unutulmaz bir hayat dersi veriyor. D\u00fcnyaca \u00fcnl\u00fc \u00e7izerimiz Sel\u00e7uk Demirel\u2019in karakteristik \u00e7izimleriyle zenginle\u015fen \u015eapkada Eriyen Bay Karp, didaktizmden uzak metni ve su gibi duru \u00fcslubuyla her ya\u015ftan okurun ve \u00f6zellikle de koleksiyonerlerin kitapl\u0131klar\u0131n\u0131n ba\u015f k\u00f6\u015fesine yerle\u015fmeyi hak ediyor. <\/p>\n","protected":false},"excerpt":{"rendered":"<p>\u0130ster \u00fcst\u00fcnde komik s\u00f6zler yazan kahve fincanlar\u0131, ister envai\u00e7e\u015fit farkl\u0131 t\u00fcrde b\u00f6rt\u00fc b\u00f6cek fosili, ne biriktirlerse biriktirsinler b\u00fct\u00fcn koleksiyonerler biraz delidir. Toplad\u0131klar\u0131 \u015feylerden kendilerine birer d\u00fcnya<span class=\"excerpt-hellip\"> [\u2026]<\/span><\/p>\n","protected":false},"featured_media":0,"template":"","meta":{"_monsterinsights_skip_tracking":false,"_monsterinsights_sitenote_active":false,"_monsterinsights_sitenote_note":"","_monsterinsights_sitenote_category":0},"product_brand":[],"product_cat":[12275,12274],"product_tag":[],"class_list":{"0":"post-708350","1":"product","2":"type-product","3":"status-publish","5":"product_cat-6-12-yas-kitaplari","6":"product_cat-cocuk-ve-genclik-kitaplari","7":"pa_cilt-ciltsiz","8":"pa_tur-kitap","9":"pa_yayinevi-tudem-yayinlari","10":"pa_yazar-cary-fagan","12":"first","13":"instock","14":"sale","15":"shipping-taxable","16":"purchasable","17":"product-type-simple"},"_links":{"self":[{"href":"https:\/\/roveyayinevi.com.tr\/index.php\/wp-json\/wp\/v2\/product\/708350","targetHints":{"allow":["GET"]}}],"collection":[{"href":"https:\/\/roveyayinevi.com.tr\/index.php\/wp-json\/wp\/v2\/product"}],"about":[{"href":"https:\/\/roveyayinevi.com.tr\/index.php\/wp-json\/wp\/v2\/types\/product"}],"wp:attachment":[{"href":"https:\/\/roveyayinevi.com.tr\/index.php\/wp-json\/wp\/v2\/media?parent=708350"}],"wp:term":[{"taxonomy":"product_brand","embeddable":true,"href":"https:\/\/roveyayinevi.com.tr\/index.php\/wp-json\/wp\/v2\/product_brand?post=708350"},{"taxonomy":"product_cat","embeddable":true,"href":"https:\/\/roveyayinevi.com.tr\/index.php\/wp-json\/wp\/v2\/product_cat?post=708350"},{"taxonomy":"product_tag","embeddable":true,"href":"https:\/\/roveyayinevi.com.tr\/index.php\/wp-json\/wp\/v2\/product_tag?post=708350"}],"curies":[{"name":"wp","href":"https:\/\/api.w.org\/{rel}","templated":true}]}}