{"id":708348,"date":"2025-08-27T16:14:09","date_gmt":"2025-08-27T13:14:09","guid":{"rendered":"https:\/\/roveyayinevi.com.tr\/index.php\/urun\/marksizm-sozlugu-ciltli\/"},"modified":"2026-04-16T02:16:52","modified_gmt":"2026-04-15T23:16:52","slug":"marksizm-sozlugu-ciltli","status":"publish","type":"product","link":"https:\/\/roveyayinevi.com.tr\/index.php\/urun\/marksizm-sozlugu-ciltli\/","title":{"rendered":"Marksizm S\u00f6zl\u00fc\u011f\u00fc (Ciltli)"},"content":{"rendered":"<p>Farkl\u0131 \u00fclkelerden geni\u015f bir yazar toplulu\u011funun katk\u0131lar\u0131yla olu\u015fturulan Marksizm S\u00f6zl\u00fc\u011f\u00fc, Marksizm alan\u0131ndaki en yetkin ve kapsaml\u0131 \u00e7al\u0131\u015fmalardan biridir.  400 madde ve 1086 sayfadan olu\u015fan S\u00f6zl\u00fck, T\u00fcrkiye\u2019de de, Marksizm okurlar\u0131n\u0131n uzun s\u00fcredir ihtiya\u00e7 duydu\u011fu bir kaynak olarak \u00f6nemli bir bo\u015flu\u011fu dolduracakt\u0131r. Bu s\u00f6zl\u00fckte, Marksizmin kurucular\u0131 Marx ve Engels ile ard\u0131llar\u0131n\u0131n metinlerinde kullan\u0131lan, yan\u0131 s\u0131ra sosyalist hareketin tarihine mal olmu\u015f belli ba\u015fl\u0131 terim ve kavramlar, o alandaki yetkin yazarlar taraf\u0131ndan ayr\u0131nt\u0131l\u0131 olarak irdelenip a\u00e7\u0131klanmaktad\u0131r. Se\u00e7ilen ba\u015fl\u0131klar bir\u00e7ok kategoriye aittir. Hepsi \u00f6zg\u00fcl olarak Marksist olmasa da, k\u00e2h Marksizm bilgisini ayd\u0131nlatt\u0131klar\u0131ndan, k\u00e2h bizzat Marksizmin \u00fcr\u00fcnleri olarak onun bilgi \u00fcretme yetene\u011fini yans\u0131tt\u0131klar\u0131ndan, hepsi de Marksizmin anlam alan\u0131na d\u00e2hildir. Bu s\u00f6zl\u00fc\u011f\u00fcn ay\u0131rt edici \u00f6zelliklerinden biri de, kolay, y\u00fczeysel veya donmu\u015f tan\u0131mlardan ka\u00e7\u0131nmas\u0131, Marksist alandaki kategorilerin tarih\u00ee-mant\u0131ki olu\u015fum s\u00fcrecini ortaya koymas\u0131, ele al\u0131nan kavramlar\u0131n zaman i\u00e7inde ne gibi anlamlar kazand\u0131\u011f\u0131, ba\u015fka kavram ve terimlerle nas\u0131l ili\u015fkilendi\u011finin sergilenmesidir. Denebilir ki, kavram ve terimlerin bir \u00e7e\u015fit soya\u011fac\u0131 ortaya \u00e7\u0131kar\u0131lmaktad\u0131r. Bu geni\u015f ve ayr\u0131nt\u0131l\u0131 sergileme, S\u00f6zl\u00fck\u2019e ansiklopedik bir boyut kazand\u0131rmaktad\u0131r. Se\u00e7ilen kavramlar, genel tan\u0131mlar\u0131 yerine Marksizm i\u00e7indeki yerleri ve Marksist terminoloji i\u00e7erisindeki anlamlar\u0131yla incelenmi\u015ftir. Dolay\u0131s\u0131yla, \u00f6rne\u011fin Blankicilik veya Hegelcilik, Blanqui&#8217;nin ya da Hegel&#8217;in d\u00fc\u015f\u00fcncesini ya da eylemini de\u011fil, sadece Marksizmin bunlar i\u00e7in \u00fcretti\u011fi anlay\u0131\u015f\u0131 ortaya koymaktad\u0131r. <\/p>\n","protected":false},"excerpt":{"rendered":"<p>Farkl\u0131 \u00fclkelerden geni\u015f bir yazar toplulu\u011funun katk\u0131lar\u0131yla olu\u015fturulan Marksizm S\u00f6zl\u00fc\u011f\u00fc, Marksizm alan\u0131ndaki en yetkin ve kapsaml\u0131 \u00e7al\u0131\u015fmalardan biridir. 400 madde ve 1086 sayfadan olu\u015fan S\u00f6zl\u00fck, T\u00fcrkiye\u2019de<span class=\"excerpt-hellip\"> [\u2026]<\/span><\/p>\n","protected":false},"featured_media":0,"template":"","meta":{"_monsterinsights_skip_tracking":false,"_monsterinsights_sitenote_active":false,"_monsterinsights_sitenote_note":"","_monsterinsights_sitenote_category":0},"product_brand":[],"product_cat":[12566,13611],"product_tag":[],"class_list":{"0":"post-708348","1":"product","2":"type-product","3":"status-publish","5":"product_cat-egitim","6":"product_cat-sozlukler-ve-konusma-kilavuzlari","7":"pa_cilt-ciltli","8":"pa_tur-kitap","9":"pa_yayinevi-yordam-kitap","10":"pa_yazar-gerard-bensoussan-ve-georges-labica","12":"first","13":"instock","14":"sale","15":"shipping-taxable","16":"purchasable","17":"product-type-simple"},"_links":{"self":[{"href":"https:\/\/roveyayinevi.com.tr\/index.php\/wp-json\/wp\/v2\/product\/708348","targetHints":{"allow":["GET"]}}],"collection":[{"href":"https:\/\/roveyayinevi.com.tr\/index.php\/wp-json\/wp\/v2\/product"}],"about":[{"href":"https:\/\/roveyayinevi.com.tr\/index.php\/wp-json\/wp\/v2\/types\/product"}],"wp:attachment":[{"href":"https:\/\/roveyayinevi.com.tr\/index.php\/wp-json\/wp\/v2\/media?parent=708348"}],"wp:term":[{"taxonomy":"product_brand","embeddable":true,"href":"https:\/\/roveyayinevi.com.tr\/index.php\/wp-json\/wp\/v2\/product_brand?post=708348"},{"taxonomy":"product_cat","embeddable":true,"href":"https:\/\/roveyayinevi.com.tr\/index.php\/wp-json\/wp\/v2\/product_cat?post=708348"},{"taxonomy":"product_tag","embeddable":true,"href":"https:\/\/roveyayinevi.com.tr\/index.php\/wp-json\/wp\/v2\/product_tag?post=708348"}],"curies":[{"name":"wp","href":"https:\/\/api.w.org\/{rel}","templated":true}]}}