{"id":708346,"date":"2025-08-27T16:14:08","date_gmt":"2025-08-27T13:14:08","guid":{"rendered":"https:\/\/roveyayinevi.com.tr\/index.php\/urun\/jane-eyre-ciltli\/"},"modified":"2026-04-16T02:16:52","modified_gmt":"2026-04-15T23:16:52","slug":"jane-eyre-ciltli","status":"publish","type":"product","link":"https:\/\/roveyayinevi.com.tr\/index.php\/urun\/jane-eyre-ciltli\/","title":{"rendered":"Jane Eyre (Ciltli)"},"content":{"rendered":"<p>Robin Hood Beyaz Di\u015f Tom Sawyer Robinson Crusoe Pinokyo Demiryolu \u00c7ocuklar\u0131 Seksen G\u00fcnde Devrialem Alice Harikalar \u00dclkesinde \u00c7ocuk Kalbi B\u00fcy\u00fck Umutlar Monte Gristo Kontu D\u00fcnyan\u0131n Merkezine Yolculuk Grimm Masallar\u0131 Andersen Masallar\u0131 Mutlu Prens Binbir Gece Masallar\u0131 K\u00fc\u00e7\u00fck Kad\u0131nlar K\u00fc\u00e7\u00fck Erkekler Jane Eyre Prens ve Dilenci Define Adas\u0131 G\u00fcliver&#8217;in Gezileri K\u00fc\u00e7\u00fck Lord Pollyanna \u0130yi E\u015fler Notre Dame&#8217;\u0131n Kamburu Oz B\u00fcy\u00fcc\u00fc Ayna Heidi <\/p>\n","protected":false},"excerpt":{"rendered":"<p>Robin Hood Beyaz Di\u015f Tom Sawyer Robinson Crusoe Pinokyo Demiryolu \u00c7ocuklar\u0131 Seksen G\u00fcnde Devrialem Alice Harikalar \u00dclkesinde \u00c7ocuk Kalbi B\u00fcy\u00fck Umutlar Monte Gristo Kontu D\u00fcnyan\u0131n Merkezine<span class=\"excerpt-hellip\"> [\u2026]<\/span><\/p>\n","protected":false},"featured_media":0,"template":"","meta":{"_monsterinsights_skip_tracking":false,"_monsterinsights_sitenote_active":false,"_monsterinsights_sitenote_note":"","_monsterinsights_sitenote_category":0},"product_brand":[],"product_cat":[12291,12711],"product_tag":[],"class_list":{"0":"post-708346","1":"product","2":"type-product","3":"status-publish","5":"product_cat-edebiyat","6":"product_cat-roman-oyku","7":"pa_cilt-ciltli","8":"pa_tur-kitap","9":"pa_yayinevi-epsilon-yayinlari","10":"pa_yazar-charlotte-bronte","12":"first","13":"instock","14":"sale","15":"shipping-taxable","16":"purchasable","17":"product-type-simple"},"_links":{"self":[{"href":"https:\/\/roveyayinevi.com.tr\/index.php\/wp-json\/wp\/v2\/product\/708346","targetHints":{"allow":["GET"]}}],"collection":[{"href":"https:\/\/roveyayinevi.com.tr\/index.php\/wp-json\/wp\/v2\/product"}],"about":[{"href":"https:\/\/roveyayinevi.com.tr\/index.php\/wp-json\/wp\/v2\/types\/product"}],"wp:attachment":[{"href":"https:\/\/roveyayinevi.com.tr\/index.php\/wp-json\/wp\/v2\/media?parent=708346"}],"wp:term":[{"taxonomy":"product_brand","embeddable":true,"href":"https:\/\/roveyayinevi.com.tr\/index.php\/wp-json\/wp\/v2\/product_brand?post=708346"},{"taxonomy":"product_cat","embeddable":true,"href":"https:\/\/roveyayinevi.com.tr\/index.php\/wp-json\/wp\/v2\/product_cat?post=708346"},{"taxonomy":"product_tag","embeddable":true,"href":"https:\/\/roveyayinevi.com.tr\/index.php\/wp-json\/wp\/v2\/product_tag?post=708346"}],"curies":[{"name":"wp","href":"https:\/\/api.w.org\/{rel}","templated":true}]}}