{"id":708344,"date":"2025-08-27T16:14:07","date_gmt":"2025-08-27T13:14:07","guid":{"rendered":"https:\/\/roveyayinevi.com.tr\/index.php\/urun\/okultizm-buyuculuk-ve-kulturel-modalar\/"},"modified":"2026-04-16T02:16:52","modified_gmt":"2026-04-15T23:16:52","slug":"okultizm-buyuculuk-ve-kulturel-modalar","status":"publish","type":"product","link":"https:\/\/roveyayinevi.com.tr\/index.php\/urun\/okultizm-buyuculuk-ve-kulturel-modalar\/","title":{"rendered":"Ok\u00fcltizm B\u00fcy\u00fcc\u00fcl\u00fck Ve K\u00fclt\u00fcrel Modalar"},"content":{"rendered":"<p>Bildi\u011fimiz d\u00fcnya, d\u00fc\u015f\u00fcn\u00fclenden hep daha geni\u015ftir\u2026 Bazen kat\u0131 bir bilimsel ger\u00e7eklik i\u00e7inde kal\u0131r, bazen de k\u00fclt\u00fcrel modalar halinde kendine daha geni\u015f bir halka bulan astroloji, totem, sihir ve b\u00fcy\u00fc gibi dile dola\u015fan, bilin\u00e7alt\u0131nda gezinen e\u011filimlerle farkl\u0131 d\u00fczeylerde yeniden yorumlan\u0131r. \u00dcnl\u00fc dinler tarih\u00e7isi Mircea Eliade\u2019nin eserlerinde birbirinden farkl\u0131 k\u00fclt\u00fcrlerde kendine yer edinen sembol ve imgeler, inan\u00e7 ve mitler esasen arkaik bir k\u00f6keni i\u015faret eder: \u0130nsan\u0131n kutsal ile kurdu\u011fu ba\u011fd\u0131r bu. Eliade pop\u00fclerli\u011fin tuza\u011f\u0131na d\u00fc\u015fmeden bu sahadaki ustal\u0131\u011f\u0131n\u0131 g\u00f6sterir. Ok\u00fcltizm, ezoterizm, b\u00fcy\u00fcc\u00fcl\u00fck, Avrupa b\u00fcy\u00fcc\u00fcl\u00fc\u011f\u00fcn\u00fcn tarihyaz\u0131m\u0131, \u00f6l\u00fcm\u00fcn k\u00f6kenine dair mitler, sanat\u00e7\u0131lar\u0131n eserlerinde k\u00fclt\u00fcrel yarat\u0131m\u0131n gizli kodlar\u0131, anlamlar\u0131 ve de\u011fi\u015fmeyen arketipler ve bu suretle k\u00fclt\u00fcrel modalara getirilen ele\u015ftiriler Eliade\u2019nin bu kitapta inceledi\u011fi baz\u0131 ba\u015fl\u0131klard\u0131r. Uzun y\u0131llar s\u00fcren ara\u015ft\u0131rmalar\u0131n \u00fcr\u00fcn\u00fc olan bu yaz\u0131larda Eliade\u2019nin ya\u015fam\u0131 boyunca yapt\u0131\u011f\u0131 \u00e7al\u0131\u015fmalar\u0131n genel bir \u00f6zeti sunuluyor. Mircea Eliade akademik ve ortodoks geleneklerin d\u0131\u015f\u0131nda, her a\u015famada kendi \u00f6zg\u00fcn bulu\u015flar\u0131n\u0131 sergiliyor. Eliade\u2019nin ke\u015fiflerinde, \u00e7e\u015fitli y\u00fczy\u0131llarda ve farkl\u0131 k\u00fclt\u00fcrlerde inan\u00e7 ve kutsal aras\u0131ndaki ili\u015fkinin hi\u00e7 de yal\u0131nkat ve d\u00fcz bir \u00e7izgiyi takip etmedi\u011fi g\u00f6r\u00fclecektir. \u0130nsan bulundu\u011fu o k\u00fc\u00e7\u00fcc\u00fck noktadan b\u00fct\u00fcn bir d\u00fcnyay\u0131, evreni, y\u0131ld\u0131zlar\u0131, ruhu, iyili\u011fi ve k\u00f6t\u00fcl\u00fc\u011f\u00fc, melekleri, \u015feytanlar\u0131 ve Tanr\u0131y\u0131 nas\u0131l yorumlam\u0131\u015ft\u0131r? Ve daha da \u00f6nemlisi, hangi tinsel nedenlerden \u00f6t\u00fcr\u00fc insan kendi benli\u011fini arz\u0131n merkezine s\u0131k\u0131 s\u0131k\u0131ya sabitlemi\u015f ve buradan k\u00e2inat\u0131 seyre dalm\u0131\u015ft\u0131r? <\/p>\n","protected":false},"excerpt":{"rendered":"<p>Bildi\u011fimiz d\u00fcnya, d\u00fc\u015f\u00fcn\u00fclenden hep daha geni\u015ftir\u2026 Bazen kat\u0131 bir bilimsel ger\u00e7eklik i\u00e7inde kal\u0131r, bazen de k\u00fclt\u00fcrel modalar halinde kendine daha geni\u015f bir halka bulan astroloji, totem,<span class=\"excerpt-hellip\"> [\u2026]<\/span><\/p>\n","protected":false},"featured_media":0,"template":"","meta":{"_monsterinsights_skip_tracking":false,"_monsterinsights_sitenote_active":false,"_monsterinsights_sitenote_note":"","_monsterinsights_sitenote_category":0},"product_brand":[],"product_cat":[12364],"product_tag":[],"class_list":{"0":"post-708344","1":"product","2":"type-product","3":"status-publish","5":"product_cat-genel-konular","6":"pa_cilt-ciltsiz","7":"pa_tur-dergi","8":"pa_yayinevi-dogu-bati-yayinlari","9":"pa_yazar-cem-soydemir","11":"first","12":"instock","13":"sale","14":"shipping-taxable","15":"purchasable","16":"product-type-simple"},"_links":{"self":[{"href":"https:\/\/roveyayinevi.com.tr\/index.php\/wp-json\/wp\/v2\/product\/708344","targetHints":{"allow":["GET"]}}],"collection":[{"href":"https:\/\/roveyayinevi.com.tr\/index.php\/wp-json\/wp\/v2\/product"}],"about":[{"href":"https:\/\/roveyayinevi.com.tr\/index.php\/wp-json\/wp\/v2\/types\/product"}],"wp:attachment":[{"href":"https:\/\/roveyayinevi.com.tr\/index.php\/wp-json\/wp\/v2\/media?parent=708344"}],"wp:term":[{"taxonomy":"product_brand","embeddable":true,"href":"https:\/\/roveyayinevi.com.tr\/index.php\/wp-json\/wp\/v2\/product_brand?post=708344"},{"taxonomy":"product_cat","embeddable":true,"href":"https:\/\/roveyayinevi.com.tr\/index.php\/wp-json\/wp\/v2\/product_cat?post=708344"},{"taxonomy":"product_tag","embeddable":true,"href":"https:\/\/roveyayinevi.com.tr\/index.php\/wp-json\/wp\/v2\/product_tag?post=708344"}],"curies":[{"name":"wp","href":"https:\/\/api.w.org\/{rel}","templated":true}]}}