{"id":708343,"date":"2025-08-27T16:14:06","date_gmt":"2025-08-27T13:14:06","guid":{"rendered":"https:\/\/roveyayinevi.com.tr\/index.php\/urun\/hareketli-uzay-gemisi\/"},"modified":"2026-04-16T02:16:52","modified_gmt":"2026-04-15T23:16:52","slug":"hareketli-uzay-gemisi","status":"publish","type":"product","link":"https:\/\/roveyayinevi.com.tr\/index.php\/urun\/hareketli-uzay-gemisi\/","title":{"rendered":"Hareketli Uzay Gemisi"},"content":{"rendered":"<p>\u00c7ocuklar uzay kavram\u0131yla tan\u0131\u015f\u0131yor. \u00c7ocu\u011funuz parmaklar\u0131yla sahneleri hareket ettirip, e\u011flenceli bir uzay \u00f6yk\u00fcs\u00fcne kat\u0131l\u0131rken, uzayla ilgili temel kelimeleri \u00f6\u011frenecek. <\/p>\n","protected":false},"excerpt":{"rendered":"<p>\u00c7ocuklar uzay kavram\u0131yla tan\u0131\u015f\u0131yor. \u00c7ocu\u011funuz parmaklar\u0131yla sahneleri hareket ettirip, e\u011flenceli bir uzay \u00f6yk\u00fcs\u00fcne kat\u0131l\u0131rken, uzayla ilgili temel kelimeleri \u00f6\u011frenecek.<\/p>\n","protected":false},"featured_media":0,"template":"","meta":{"_monsterinsights_skip_tracking":false,"_monsterinsights_sitenote_active":false,"_monsterinsights_sitenote_note":"","_monsterinsights_sitenote_category":0},"product_brand":[],"product_cat":[15192,12274],"product_tag":[],"class_list":{"0":"post-708343","1":"product","2":"type-product","3":"status-publish","5":"product_cat-1-3-yas-kitaplari","6":"product_cat-cocuk-ve-genclik-kitaplari","7":"pa_cilt-ciltli","8":"pa_tur-kitap","9":"pa_yayinevi-is-bankasi-kultur-yayinlari","10":"pa_yazar-kollektif","12":"first","13":"instock","14":"sale","15":"shipping-taxable","16":"purchasable","17":"product-type-simple"},"_links":{"self":[{"href":"https:\/\/roveyayinevi.com.tr\/index.php\/wp-json\/wp\/v2\/product\/708343","targetHints":{"allow":["GET"]}}],"collection":[{"href":"https:\/\/roveyayinevi.com.tr\/index.php\/wp-json\/wp\/v2\/product"}],"about":[{"href":"https:\/\/roveyayinevi.com.tr\/index.php\/wp-json\/wp\/v2\/types\/product"}],"wp:attachment":[{"href":"https:\/\/roveyayinevi.com.tr\/index.php\/wp-json\/wp\/v2\/media?parent=708343"}],"wp:term":[{"taxonomy":"product_brand","embeddable":true,"href":"https:\/\/roveyayinevi.com.tr\/index.php\/wp-json\/wp\/v2\/product_brand?post=708343"},{"taxonomy":"product_cat","embeddable":true,"href":"https:\/\/roveyayinevi.com.tr\/index.php\/wp-json\/wp\/v2\/product_cat?post=708343"},{"taxonomy":"product_tag","embeddable":true,"href":"https:\/\/roveyayinevi.com.tr\/index.php\/wp-json\/wp\/v2\/product_tag?post=708343"}],"curies":[{"name":"wp","href":"https:\/\/api.w.org\/{rel}","templated":true}]}}