{"id":708341,"date":"2025-08-27T16:14:05","date_gmt":"2025-08-27T13:14:05","guid":{"rendered":"https:\/\/roveyayinevi.com.tr\/index.php\/urun\/ilk-okuma-kitabim-elif-tatile-gidiyor\/"},"modified":"2026-04-16T02:16:51","modified_gmt":"2026-04-15T23:16:51","slug":"ilk-okuma-kitabim-elif-tatile-gidiyor","status":"publish","type":"product","link":"https:\/\/roveyayinevi.com.tr\/index.php\/urun\/ilk-okuma-kitabim-elif-tatile-gidiyor\/","title":{"rendered":"\u0130lk Okuma Kitab\u0131m &#8211; Elif Tatile Gidiyor"},"content":{"rendered":"<p>Elif ailesiyle birlikte deniz tatiline gitti. Her g\u00fcn denizde y\u00fczd\u00fc, sahilde oynad\u0131. Yeni arkada\u015f\u0131yla \u00e7ok g\u00fczel vakit ge\u00e7irdi. Sahilde foklar\u0131 g\u00f6rd\u00fc. Bir fok yavrusunu bile kurtard\u0131. Yaz tatili harika ge\u00e7iyor&#8230; <\/p>\n","protected":false},"excerpt":{"rendered":"<p>Elif ailesiyle birlikte deniz tatiline gitti. Her g\u00fcn denizde y\u00fczd\u00fc, sahilde oynad\u0131. Yeni arkada\u015f\u0131yla \u00e7ok g\u00fczel vakit ge\u00e7irdi. Sahilde foklar\u0131 g\u00f6rd\u00fc. Bir fok yavrusunu bile kurtard\u0131.<span class=\"excerpt-hellip\"> [\u2026]<\/span><\/p>\n","protected":false},"featured_media":0,"template":"","meta":{"_monsterinsights_skip_tracking":false,"_monsterinsights_sitenote_active":false,"_monsterinsights_sitenote_note":"","_monsterinsights_sitenote_category":0},"product_brand":[],"product_cat":[12913,12274],"product_tag":[],"class_list":{"0":"post-708341","1":"product","2":"type-product","3":"status-publish","5":"product_cat-3-6-yas-kitaplari","6":"product_cat-cocuk-ve-genclik-kitaplari","7":"pa_cilt-ciltsiz","8":"pa_tur-kitap","9":"pa_yayinevi-is-bankasi-kultur-yayinlari","10":"pa_yazar-liane-schneider","12":"first","13":"instock","14":"sale","15":"shipping-taxable","16":"purchasable","17":"product-type-simple"},"_links":{"self":[{"href":"https:\/\/roveyayinevi.com.tr\/index.php\/wp-json\/wp\/v2\/product\/708341","targetHints":{"allow":["GET"]}}],"collection":[{"href":"https:\/\/roveyayinevi.com.tr\/index.php\/wp-json\/wp\/v2\/product"}],"about":[{"href":"https:\/\/roveyayinevi.com.tr\/index.php\/wp-json\/wp\/v2\/types\/product"}],"wp:attachment":[{"href":"https:\/\/roveyayinevi.com.tr\/index.php\/wp-json\/wp\/v2\/media?parent=708341"}],"wp:term":[{"taxonomy":"product_brand","embeddable":true,"href":"https:\/\/roveyayinevi.com.tr\/index.php\/wp-json\/wp\/v2\/product_brand?post=708341"},{"taxonomy":"product_cat","embeddable":true,"href":"https:\/\/roveyayinevi.com.tr\/index.php\/wp-json\/wp\/v2\/product_cat?post=708341"},{"taxonomy":"product_tag","embeddable":true,"href":"https:\/\/roveyayinevi.com.tr\/index.php\/wp-json\/wp\/v2\/product_tag?post=708341"}],"curies":[{"name":"wp","href":"https:\/\/api.w.org\/{rel}","templated":true}]}}