{"id":708340,"date":"2025-08-27T16:14:05","date_gmt":"2025-08-27T13:14:05","guid":{"rendered":"https:\/\/roveyayinevi.com.tr\/index.php\/urun\/eglenceli-bilim-anaokulunda-kis-donemi\/"},"modified":"2026-02-03T02:28:17","modified_gmt":"2026-02-02T23:28:17","slug":"eglenceli-bilim-anaokulunda-kis-donemi","status":"publish","type":"product","link":"https:\/\/roveyayinevi.com.tr\/index.php\/urun\/eglenceli-bilim-anaokulunda-kis-donemi\/","title":{"rendered":"E\u011flenceli Bilim &#8211; Anaokulunda K\u0131\u015f D\u00f6nemi"},"content":{"rendered":"<p>K\u0131\u015f gelince anaokulunda \u00e7ok g\u00fczel etkinlikler ger\u00e7ekle\u015ftirilir: hediyeler al\u0131n\u0131r, kurabiye pi\u015firilir, kardan adam yap\u0131l\u0131r, ku\u015flar beslenir, f\u0131nd\u0131k ve ceviz yenir, k\u0131zak kay\u0131l\u0131r&#8230; K\u0131\u015f d\u00f6neminden daha g\u00fczel ne olabilir ki? \ufffcTan\u0131t\u0131m Metni<\/p>\n","protected":false},"excerpt":{"rendered":"<p>K\u0131\u015f gelince anaokulunda \u00e7ok g\u00fczel etkinlikler ger\u00e7ekle\u015ftirilir: hediyeler al\u0131n\u0131r, kurabiye pi\u015firilir, kardan adam yap\u0131l\u0131r, ku\u015flar beslenir, f\u0131nd\u0131k ve ceviz yenir, k\u0131zak kay\u0131l\u0131r&#8230; K\u0131\u015f d\u00f6neminden daha g\u00fczel<span class=\"excerpt-hellip\"> [\u2026]<\/span><\/p>\n","protected":false},"featured_media":0,"template":"","meta":{"_monsterinsights_skip_tracking":false,"_monsterinsights_sitenote_active":false,"_monsterinsights_sitenote_note":"","_monsterinsights_sitenote_category":0},"product_brand":[],"product_cat":[12913,12274],"product_tag":[],"class_list":{"0":"post-708340","1":"product","2":"type-product","3":"status-publish","5":"product_cat-3-6-yas-kitaplari","6":"product_cat-cocuk-ve-genclik-kitaplari","7":"pa_cilt-ciltsiz","8":"pa_tur-kitap","9":"pa_yayinevi-is-bankasi-kultur-yayinlari","10":"pa_yazar-sandra-ladwig","12":"first","13":"instock","14":"sale","15":"shipping-taxable","16":"purchasable","17":"product-type-simple"},"_links":{"self":[{"href":"https:\/\/roveyayinevi.com.tr\/index.php\/wp-json\/wp\/v2\/product\/708340","targetHints":{"allow":["GET"]}}],"collection":[{"href":"https:\/\/roveyayinevi.com.tr\/index.php\/wp-json\/wp\/v2\/product"}],"about":[{"href":"https:\/\/roveyayinevi.com.tr\/index.php\/wp-json\/wp\/v2\/types\/product"}],"wp:attachment":[{"href":"https:\/\/roveyayinevi.com.tr\/index.php\/wp-json\/wp\/v2\/media?parent=708340"}],"wp:term":[{"taxonomy":"product_brand","embeddable":true,"href":"https:\/\/roveyayinevi.com.tr\/index.php\/wp-json\/wp\/v2\/product_brand?post=708340"},{"taxonomy":"product_cat","embeddable":true,"href":"https:\/\/roveyayinevi.com.tr\/index.php\/wp-json\/wp\/v2\/product_cat?post=708340"},{"taxonomy":"product_tag","embeddable":true,"href":"https:\/\/roveyayinevi.com.tr\/index.php\/wp-json\/wp\/v2\/product_tag?post=708340"}],"curies":[{"name":"wp","href":"https:\/\/api.w.org\/{rel}","templated":true}]}}