{"id":708336,"date":"2025-08-27T16:14:03","date_gmt":"2025-08-27T13:14:03","guid":{"rendered":"https:\/\/roveyayinevi.com.tr\/index.php\/urun\/sumer-kral-destanlari\/"},"modified":"2026-04-16T02:16:51","modified_gmt":"2026-04-15T23:16:51","slug":"sumer-kral-destanlari","status":"publish","type":"product","link":"https:\/\/roveyayinevi.com.tr\/index.php\/urun\/sumer-kral-destanlari\/","title":{"rendered":"S\u00fcmer Kral Destanlar\u0131"},"content":{"rendered":"<p>M\u00d6 22.-17. y\u00fczy\u0131llara tarihlenen pek \u00e7ok n\u00fcshaya g\u00f6re, Mezopotamya\u2019da destanlar\u0131yla \u00f6ne \u00e7\u0131kan \u00fc\u00e7 b\u00fcy\u00fck Uruk kral\u0131 Enmerkar, Lugalbanda ve G\u0131lgam\u0131\u015f\u2019t\u0131r. Elinizdeki eser, S\u00fcmer Kral Listesi\u2019nde Uruk kentini kurdu\u011fu ve 420 y\u0131l boyunca h\u00fck\u00fcm s\u00fcrd\u00fc\u011f\u00fc rivayet edilen Enmerkar ile Ur kent devletinin h\u00e2kimiyetine girmeden \u00f6nce \u00fclkeyi 36 y\u0131l boyunca y\u00f6neten son kral Lugalbanda\u2019n\u0131n destanlar\u0131n\u0131 i\u00e7ermektedir. Enmerkar\u2019\u0131 konu alan \u201cEnmerkar ve Aratta Kral\u0131\u201d ile \u201cEnmerkar ile Ensu\u1e2bke\u0161dana\u201d; Luganbanda\u2019y\u0131 konu alan \u201cLugalbanda Da\u011f Ma\u011faras\u0131nda\u201d ve \u201cLugalbanda ile Anzud Ku\u015fu\u201d destanlar\u0131 S\u00fcmerceden \u00e7evrildi ve T\u00fcrk\u00e7ede ilk kez Hasan \u00c2li Y\u00fccel Klasikler Dizisi\u2019nde okurla bulu\u015fuyor. <\/p>\n","protected":false},"excerpt":{"rendered":"<p>M\u00d6 22.-17. y\u00fczy\u0131llara tarihlenen pek \u00e7ok n\u00fcshaya g\u00f6re, Mezopotamya\u2019da destanlar\u0131yla \u00f6ne \u00e7\u0131kan \u00fc\u00e7 b\u00fcy\u00fck Uruk kral\u0131 Enmerkar, Lugalbanda ve G\u0131lgam\u0131\u015f\u2019t\u0131r. Elinizdeki eser, S\u00fcmer Kral Listesi\u2019nde Uruk<span class=\"excerpt-hellip\"> [\u2026]<\/span><\/p>\n","protected":false},"featured_media":0,"template":"","meta":{"_monsterinsights_skip_tracking":false,"_monsterinsights_sitenote_active":false,"_monsterinsights_sitenote_note":"","_monsterinsights_sitenote_category":0},"product_brand":[],"product_cat":[12291,13706],"product_tag":[],"class_list":{"0":"post-708336","1":"product","2":"type-product","3":"status-publish","5":"product_cat-edebiyat","6":"product_cat-efsane-destan-masal","7":"pa_cilt-ciltsiz","8":"pa_tur-kitap","9":"pa_yayinevi-is-bankasi-kultur-yayinlari","10":"pa_yazar-kollektif","12":"first","13":"instock","14":"sale","15":"shipping-taxable","16":"purchasable","17":"product-type-simple"},"_links":{"self":[{"href":"https:\/\/roveyayinevi.com.tr\/index.php\/wp-json\/wp\/v2\/product\/708336","targetHints":{"allow":["GET"]}}],"collection":[{"href":"https:\/\/roveyayinevi.com.tr\/index.php\/wp-json\/wp\/v2\/product"}],"about":[{"href":"https:\/\/roveyayinevi.com.tr\/index.php\/wp-json\/wp\/v2\/types\/product"}],"wp:attachment":[{"href":"https:\/\/roveyayinevi.com.tr\/index.php\/wp-json\/wp\/v2\/media?parent=708336"}],"wp:term":[{"taxonomy":"product_brand","embeddable":true,"href":"https:\/\/roveyayinevi.com.tr\/index.php\/wp-json\/wp\/v2\/product_brand?post=708336"},{"taxonomy":"product_cat","embeddable":true,"href":"https:\/\/roveyayinevi.com.tr\/index.php\/wp-json\/wp\/v2\/product_cat?post=708336"},{"taxonomy":"product_tag","embeddable":true,"href":"https:\/\/roveyayinevi.com.tr\/index.php\/wp-json\/wp\/v2\/product_tag?post=708336"}],"curies":[{"name":"wp","href":"https:\/\/api.w.org\/{rel}","templated":true}]}}