{"id":708335,"date":"2025-08-27T16:14:02","date_gmt":"2025-08-27T13:14:02","guid":{"rendered":"https:\/\/roveyayinevi.com.tr\/index.php\/urun\/yaslilik\/"},"modified":"2026-04-16T02:16:51","modified_gmt":"2026-04-15T23:16:51","slug":"yaslilik","status":"publish","type":"product","link":"https:\/\/roveyayinevi.com.tr\/index.php\/urun\/yaslilik\/","title":{"rendered":"Ya\u015fl\u0131l\u0131k"},"content":{"rendered":"<p>D\u00fcnyan\u0131n olu\u015funu, bundan 4-5 milyar y\u0131l \u00f6ncesinde ger\u00e7ekle\u015fmi\u015f ve bulunan fosillere ve di\u011fer kal\u0131nt\u0131lara g\u00f6re yakla\u015f\u0131k 600 milyon y\u0131l \u00f6nce de yery\u00fcz\u00fcnde ilk canl\u0131 ortaya \u00e7\u0131km\u0131\u015ft\u0131r. \u0130insana ata olabilecek insan\u0131ms\u0131lar\u0131n ortaya \u00e7\u0131k\u0131\u015f\u0131yla ilgili de\u011fi\u015fik tarihler ortaya s\u00fcr\u00fcl\u00fcyorsa da 5-6 milyon y\u0131l \u00f6ncesinde tarihlendirilebilir. \u0130lk insan\u0131ms\u0131lar\u0131n fosili 4.5 milyon y\u0131l aittir.<\/p>\n","protected":false},"excerpt":{"rendered":"<p>D\u00fcnyan\u0131n olu\u015funu, bundan 4-5 milyar y\u0131l \u00f6ncesinde ger\u00e7ekle\u015fmi\u015f ve bulunan fosillere ve di\u011fer kal\u0131nt\u0131lara g\u00f6re yakla\u015f\u0131k 600 milyon y\u0131l \u00f6nce de yery\u00fcz\u00fcnde ilk canl\u0131 ortaya \u00e7\u0131km\u0131\u015ft\u0131r.<span class=\"excerpt-hellip\"> [\u2026]<\/span><\/p>\n","protected":false},"featured_media":0,"template":"","meta":{"_monsterinsights_skip_tracking":false,"_monsterinsights_sitenote_active":false,"_monsterinsights_sitenote_note":"","_monsterinsights_sitenote_category":0},"product_brand":[],"product_cat":[13488],"product_tag":[],"class_list":{"0":"post-708335","1":"product","2":"type-product","3":"status-publish","5":"product_cat-toplum-ve-insan","6":"pa_cilt-ciltsiz","7":"pa_tur-kitap","8":"pa_yayinevi-odak-yayinevi","9":"pa_yazar-komisyon","11":"first","12":"instock","13":"sale","14":"shipping-taxable","15":"purchasable","16":"product-type-simple"},"_links":{"self":[{"href":"https:\/\/roveyayinevi.com.tr\/index.php\/wp-json\/wp\/v2\/product\/708335","targetHints":{"allow":["GET"]}}],"collection":[{"href":"https:\/\/roveyayinevi.com.tr\/index.php\/wp-json\/wp\/v2\/product"}],"about":[{"href":"https:\/\/roveyayinevi.com.tr\/index.php\/wp-json\/wp\/v2\/types\/product"}],"wp:attachment":[{"href":"https:\/\/roveyayinevi.com.tr\/index.php\/wp-json\/wp\/v2\/media?parent=708335"}],"wp:term":[{"taxonomy":"product_brand","embeddable":true,"href":"https:\/\/roveyayinevi.com.tr\/index.php\/wp-json\/wp\/v2\/product_brand?post=708335"},{"taxonomy":"product_cat","embeddable":true,"href":"https:\/\/roveyayinevi.com.tr\/index.php\/wp-json\/wp\/v2\/product_cat?post=708335"},{"taxonomy":"product_tag","embeddable":true,"href":"https:\/\/roveyayinevi.com.tr\/index.php\/wp-json\/wp\/v2\/product_tag?post=708335"}],"curies":[{"name":"wp","href":"https:\/\/api.w.org\/{rel}","templated":true}]}}