{"id":708334,"date":"2025-08-27T16:14:02","date_gmt":"2025-08-27T13:14:02","guid":{"rendered":"https:\/\/roveyayinevi.com.tr\/index.php\/urun\/theaitetos\/"},"modified":"2026-04-16T02:16:51","modified_gmt":"2026-04-15T23:16:51","slug":"theaitetos","status":"publish","type":"product","link":"https:\/\/roveyayinevi.com.tr\/index.php\/urun\/theaitetos\/","title":{"rendered":"Theaitetos"},"content":{"rendered":"<p>Theaitetos Platon k\u00fclliyat\u0131n\u0131n en sert d\u00f6neme\u00e7lerinden biridir ve onu di\u011fer Platon metinleriyle kar\u015f\u0131l\u0131kl\u0131 okudu\u011fumuz zaman, bizi Devlet\u2019in kesin yarg\u0131lar\u0131yla, kendinden emin genellemeleriyle kap\u0131lm\u0131\u015f oldu\u011fumuz rehavetten al\u0131koydu\u011funu g\u00f6r\u00fcr\u00fcz. Ak\u0131llara belki Parmenides, Sofist veya ba\u015fka bir diyalog i\u00e7in de benzer bir durumun s\u00f6z konusu oldu\u011fu gelebilir, ama bunlar s\u00f6zgeli\u015fi idea kuram\u0131n\u0131n a\u00e7\u0131klar\u0131n\u0131 kapatmaya \u00e7al\u0131\u015fan yahut onu sorgulayan bir tav\u0131rdayken, Theaitetos Platon\u2019un s\u00fcregelen b\u00fct\u00fcn bir epistemoloji yakla\u015f\u0131m\u0131n\u0131 yerinden oynat\u0131r.   Theaitetos, Devlet\u2019te bize hakikati g\u00f6steren o kutsal G\u00fcne\u015f\u2019in batt\u0131\u011f\u0131 kitapt\u0131r. Konu\u015fman\u0131n sonunda Sokrates mahkemeye gitmek \u00fczere do\u011frulur, veda edip Megara\u2019dan ayr\u0131l\u0131r ve iyinin, adaletin, bilginin, k\u0131sacas\u0131 b\u00fct\u00fcn idealar\u0131n \u00fcst\u00fcnde b\u00fcy\u00fck, h\u00fcz\u00fcnl\u00fc bir karanl\u0131k h\u00fck\u00fcm s\u00fcrmeye ba\u015flar. <\/p>\n","protected":false},"excerpt":{"rendered":"<p>Theaitetos Platon k\u00fclliyat\u0131n\u0131n en sert d\u00f6neme\u00e7lerinden biridir ve onu di\u011fer Platon metinleriyle kar\u015f\u0131l\u0131kl\u0131 okudu\u011fumuz zaman, bizi Devlet\u2019in kesin yarg\u0131lar\u0131yla, kendinden emin genellemeleriyle kap\u0131lm\u0131\u015f oldu\u011fumuz rehavetten al\u0131koydu\u011funu<span class=\"excerpt-hellip\"> [\u2026]<\/span><\/p>\n","protected":false},"featured_media":0,"template":"","meta":{"_monsterinsights_skip_tracking":false,"_monsterinsights_sitenote_active":false,"_monsterinsights_sitenote_note":"","_monsterinsights_sitenote_category":0},"product_brand":[],"product_cat":[12304,14138],"product_tag":[],"class_list":{"0":"post-708334","1":"product","2":"type-product","3":"status-publish","5":"product_cat-tarih","6":"product_cat-tarih-felsefesi","7":"pa_cilt-ciltsiz","8":"pa_tur-kitap","9":"pa_yayinevi-bilgesu-yayincilik","10":"pa_yazar-platon","12":"first","13":"instock","14":"sale","15":"shipping-taxable","16":"purchasable","17":"product-type-simple"},"_links":{"self":[{"href":"https:\/\/roveyayinevi.com.tr\/index.php\/wp-json\/wp\/v2\/product\/708334","targetHints":{"allow":["GET"]}}],"collection":[{"href":"https:\/\/roveyayinevi.com.tr\/index.php\/wp-json\/wp\/v2\/product"}],"about":[{"href":"https:\/\/roveyayinevi.com.tr\/index.php\/wp-json\/wp\/v2\/types\/product"}],"wp:attachment":[{"href":"https:\/\/roveyayinevi.com.tr\/index.php\/wp-json\/wp\/v2\/media?parent=708334"}],"wp:term":[{"taxonomy":"product_brand","embeddable":true,"href":"https:\/\/roveyayinevi.com.tr\/index.php\/wp-json\/wp\/v2\/product_brand?post=708334"},{"taxonomy":"product_cat","embeddable":true,"href":"https:\/\/roveyayinevi.com.tr\/index.php\/wp-json\/wp\/v2\/product_cat?post=708334"},{"taxonomy":"product_tag","embeddable":true,"href":"https:\/\/roveyayinevi.com.tr\/index.php\/wp-json\/wp\/v2\/product_tag?post=708334"}],"curies":[{"name":"wp","href":"https:\/\/api.w.org\/{rel}","templated":true}]}}