{"id":708332,"date":"2025-08-27T16:14:01","date_gmt":"2025-08-27T13:14:01","guid":{"rendered":"https:\/\/roveyayinevi.com.tr\/index.php\/urun\/bu-kalem-bukalemun\/"},"modified":"2026-04-16T02:16:51","modified_gmt":"2026-04-15T23:16:51","slug":"bu-kalem-bukalemun","status":"publish","type":"product","link":"https:\/\/roveyayinevi.com.tr\/index.php\/urun\/bu-kalem-bukalemun\/","title":{"rendered":"Bu kalem Bukalemun"},"content":{"rendered":"<p>Bu Kalem Bukalemun 30 ya\u015f\u0131nda! Edebiyat\u0131 tehdit eden en b\u00fcy\u00fck tehlikelerden birinin &#8221;ciddiyetten\u00f6lmek&#8221; oldu\u011funa inanan bir yazar\u0131n \u015fakrak, deneysel, yer yer h\u0131rt \u00e7\u0131kmalar\u0131ndanolu\u015fan kitap zaman i\u00e7inde tiryakilerini ve takip\u00e7ilerini yaratt\u0131, kimilerining\u00f6z\u00fcnde bir t\u00fcr kilometre ta\u015f\u0131 niteli\u011fi ta\u015f\u0131d\u0131. Bu 5. bas\u0131m, \u201cMe\u015fkler\u201d ile \u2018fevkal\u00e2de\u2019 geni\u015fletildi. Bu Kalem Bukalemun, yazar\u0131na g\u00f6re, Patafizik Koleji\u2019nden Oulipo\u2019ya uzanan bir damar\u0131n me\u015fru \u00e7ocu\u011fu. <\/p>\n","protected":false},"excerpt":{"rendered":"<p>Bu Kalem Bukalemun 30 ya\u015f\u0131nda! Edebiyat\u0131 tehdit eden en b\u00fcy\u00fck tehlikelerden birinin &#8221;ciddiyetten\u00f6lmek&#8221; oldu\u011funa inanan bir yazar\u0131n \u015fakrak, deneysel, yer yer h\u0131rt \u00e7\u0131kmalar\u0131ndanolu\u015fan kitap zaman i\u00e7inde<span class=\"excerpt-hellip\"> [\u2026]<\/span><\/p>\n","protected":false},"featured_media":0,"template":"","meta":{"_monsterinsights_skip_tracking":false,"_monsterinsights_sitenote_active":false,"_monsterinsights_sitenote_note":"","_monsterinsights_sitenote_category":0},"product_brand":[],"product_cat":[12777,12291],"product_tag":[],"class_list":{"0":"post-708332","1":"product","2":"type-product","3":"status-publish","5":"product_cat-deneme","6":"product_cat-edebiyat","7":"pa_cilt-ciltsiz","8":"pa_tur-kitap","9":"pa_yayinevi-sel-yayincilik","10":"pa_yazar-enis-batur","12":"first","13":"instock","14":"sale","15":"shipping-taxable","16":"purchasable","17":"product-type-simple"},"_links":{"self":[{"href":"https:\/\/roveyayinevi.com.tr\/index.php\/wp-json\/wp\/v2\/product\/708332","targetHints":{"allow":["GET"]}}],"collection":[{"href":"https:\/\/roveyayinevi.com.tr\/index.php\/wp-json\/wp\/v2\/product"}],"about":[{"href":"https:\/\/roveyayinevi.com.tr\/index.php\/wp-json\/wp\/v2\/types\/product"}],"wp:attachment":[{"href":"https:\/\/roveyayinevi.com.tr\/index.php\/wp-json\/wp\/v2\/media?parent=708332"}],"wp:term":[{"taxonomy":"product_brand","embeddable":true,"href":"https:\/\/roveyayinevi.com.tr\/index.php\/wp-json\/wp\/v2\/product_brand?post=708332"},{"taxonomy":"product_cat","embeddable":true,"href":"https:\/\/roveyayinevi.com.tr\/index.php\/wp-json\/wp\/v2\/product_cat?post=708332"},{"taxonomy":"product_tag","embeddable":true,"href":"https:\/\/roveyayinevi.com.tr\/index.php\/wp-json\/wp\/v2\/product_tag?post=708332"}],"curies":[{"name":"wp","href":"https:\/\/api.w.org\/{rel}","templated":true}]}}