{"id":708331,"date":"2025-08-27T16:14:01","date_gmt":"2025-08-27T13:14:01","guid":{"rendered":"https:\/\/roveyayinevi.com.tr\/index.php\/urun\/marquis-de-sade-yirminci-yuzyilda-neden-ciddiye-alindi\/"},"modified":"2026-04-16T02:16:51","modified_gmt":"2026-04-15T23:16:51","slug":"marquis-de-sade-yirminci-yuzyilda-neden-ciddiye-alindi","status":"publish","type":"product","link":"https:\/\/roveyayinevi.com.tr\/index.php\/urun\/marquis-de-sade-yirminci-yuzyilda-neden-ciddiye-alindi\/","title":{"rendered":"Marquis De Sade Yirminci Y\u00fczy\u0131lda Neden Ciddiye Al\u0131nd\u0131"},"content":{"rendered":"<p>Lanetli yazar ve d\u00fc\u015f\u00fcn\u00fcr, kitaplar\u0131y\u00fczy\u0131llar boyu k\u00fct\u00fcphanelerin \u201ccehennem\u201d b\u00f6l\u00fcm\u00fcnde kilit alt\u0131nda tutulmu\u015fMarquis de Sade, 20. y\u00fczy\u0131l ba\u015f\u0131nda yeniden ke\u015ffedilmi\u015f, b\u00fct\u00fcn bir y\u00fczy\u0131lboyunca d\u00fcnya edebiyat\u0131na ve felsefi d\u00fc\u015f\u00fcnceye damgas\u0131n\u0131 vurmu\u015ftur. 1700\u2019lerdeinsan ruhunun karanl\u0131klar\u0131n\u0131 ve derinliklerini e\u015feleyip, \u015fiddeti, erotizmi vepornografiyi y\u00fcz\u00fcm\u00fcze vuran, akl\u0131 ve ayd\u0131nlanmay\u0131 mant\u0131ki sonu\u00e7lar\u0131na dekvard\u0131rarak toplumsal konformizmimizi, ikiy\u00fczl\u00fc ahlak\u0131m\u0131z\u0131 yere \u00e7alan Sade\u2019\u0131n bu20. y\u00fczy\u0131lda, insanl\u0131\u011f\u0131n g\u00f6rd\u00fc\u011f\u00fc en kanl\u0131 y\u00fczy\u0131llardan birinde muhakkak kis\u00f6yleyebilece\u011fi \u00e7ok \u015fey vard\u0131&#8230; \u00c9ric Marty, Marquis de Sade YirminciY\u00fczy\u0131lda Neden Ciddiye Al\u0131nd\u0131\u2019da onun d\u00fc\u015f\u00fcncesini ya\u015fad\u0131klar\u0131 \u00e7a\u011f\u0131nsorunsallar\u0131 i\u00e7ine yerle\u015ftiren; eserleriyle bo\u011fu\u015farak kendi d\u00fc\u015f\u00fcnsel veyarat\u0131c\u0131 ser\u00fcvenlerinin pe\u015finde ko\u015fan Georges Bataille, Jacques Lacan, MauriceBlanchot, Roland Barthes, Philippe Sollers, Pier Paolo Pasolini, MichelFoucault, Gilles Deleuze, Pierre Klossowski gibi d\u00fc\u015f\u00fcn\u00fcr, yazar ve sinemac\u0131lardolay\u0131m\u0131yla hem Sade\u2019\u0131n hem de 20. y\u00fczy\u0131l d\u00fc\u015f\u00fcncesinin ayr\u0131nt\u0131l\u0131 birpanoramas\u0131n\u0131 \u00e7iziyor. Bunca sava\u015f, soyk\u0131r\u0131m ve katliam \u00fcreten 20.y\u00fczy\u0131lda Sade neden ciddiye al\u0131nd\u0131? D\u00fc\u015f\u00fcnce ve yarat\u0131 d\u00fcnyas\u0131n\u0131nlabirentlerinde gizli bu sorunun yan\u0131t\u0131n\u0131 arad\u0131\u011f\u0131m\u0131z derinlemesine biryolculuk&#8230; <\/p>\n","protected":false},"excerpt":{"rendered":"<p>Lanetli yazar ve d\u00fc\u015f\u00fcn\u00fcr, kitaplar\u0131y\u00fczy\u0131llar boyu k\u00fct\u00fcphanelerin \u201ccehennem\u201d b\u00f6l\u00fcm\u00fcnde kilit alt\u0131nda tutulmu\u015fMarquis de Sade, 20. y\u00fczy\u0131l ba\u015f\u0131nda yeniden ke\u015ffedilmi\u015f, b\u00fct\u00fcn bir y\u00fczy\u0131lboyunca d\u00fcnya edebiyat\u0131na ve felsefi<span class=\"excerpt-hellip\"> [\u2026]<\/span><\/p>\n","protected":false},"featured_media":0,"template":"","meta":{"_monsterinsights_skip_tracking":false,"_monsterinsights_sitenote_active":false,"_monsterinsights_sitenote_note":"","_monsterinsights_sitenote_category":0},"product_brand":[],"product_cat":[16038,12388],"product_tag":[],"class_list":{"0":"post-708331","1":"product","2":"type-product","3":"status-publish","5":"product_cat-arastirma-inceleme-referans-felsefe","6":"product_cat-felsefe","7":"pa_cilt-ciltsiz","8":"pa_tur-kitap","9":"pa_yayinevi-sel-yayincilik","10":"pa_yazar-eric-marty","12":"first","13":"instock","14":"sale","15":"shipping-taxable","16":"purchasable","17":"product-type-simple"},"_links":{"self":[{"href":"https:\/\/roveyayinevi.com.tr\/index.php\/wp-json\/wp\/v2\/product\/708331","targetHints":{"allow":["GET"]}}],"collection":[{"href":"https:\/\/roveyayinevi.com.tr\/index.php\/wp-json\/wp\/v2\/product"}],"about":[{"href":"https:\/\/roveyayinevi.com.tr\/index.php\/wp-json\/wp\/v2\/types\/product"}],"wp:attachment":[{"href":"https:\/\/roveyayinevi.com.tr\/index.php\/wp-json\/wp\/v2\/media?parent=708331"}],"wp:term":[{"taxonomy":"product_brand","embeddable":true,"href":"https:\/\/roveyayinevi.com.tr\/index.php\/wp-json\/wp\/v2\/product_brand?post=708331"},{"taxonomy":"product_cat","embeddable":true,"href":"https:\/\/roveyayinevi.com.tr\/index.php\/wp-json\/wp\/v2\/product_cat?post=708331"},{"taxonomy":"product_tag","embeddable":true,"href":"https:\/\/roveyayinevi.com.tr\/index.php\/wp-json\/wp\/v2\/product_tag?post=708331"}],"curies":[{"name":"wp","href":"https:\/\/api.w.org\/{rel}","templated":true}]}}