{"id":708328,"date":"2025-08-27T16:13:59","date_gmt":"2025-08-27T13:13:59","guid":{"rendered":"https:\/\/roveyayinevi.com.tr\/index.php\/urun\/aydinlanma-felsefesi\/"},"modified":"2026-04-16T02:16:51","modified_gmt":"2026-04-15T23:16:51","slug":"aydinlanma-felsefesi","status":"publish","type":"product","link":"https:\/\/roveyayinevi.com.tr\/index.php\/urun\/aydinlanma-felsefesi\/","title":{"rendered":"Ayd\u0131nlanma Felsefesi"},"content":{"rendered":"<p>Ayd\u0131nlanma nedir? Ayd\u0131nlanmay\u0131 bir ideoloji olarak m\u0131 yoksa bir s\u00fcre\u00e7 veya birtak\u0131m d\u00fc\u015f\u00fcnsel ya da pratik s\u00fcre\u00e7ler b\u00fct\u00fcn\u00fc olarak m\u0131 g\u00f6rmek gerekir? Onu ya\u015fanan bir deneyim diye mi, yoksa bir entelekt\u00fcel projeler listesi olarak m\u0131 yorumlamak do\u011fru olur? Ayd\u0131nlanmay\u0131 modernitenin altyap\u0131s\u0131n\u0131 meydana getiren bir fikirler \u00f6be\u011fi, modernli\u011fin kayna\u011f\u0131n\u0131 olu\u015fturan bir problemler ve tart\u0131\u015fmalar dizisi olarak m\u0131, yoksa esas, Frans\u0131z Devrimi\u2019yle ba\u015flayan totalitaryen hareketlerin altyap\u0131s\u0131 olarak m\u0131 okumak gerekir? Ayd\u0131nlanmay\u0131 olumlu bir bi\u00e7imde ve bir kazan\u0131m olarak m\u0131, yoksa olumsuz bir tarzda ve k\u00f6t\u00fc bir efsane ya da musibetler kayna\u011f\u0131 olarak m\u0131 de\u011ferlendirmeliyiz? Ayd\u0131nlanma Felsefesi, on sekizinci y\u00fczy\u0131l\u0131n Hume\u2019dan Kant\u2019a, Montesquieu\u2019den Voltaire\u2019e, Condorcet\u2019den Rousseau\u2019ya, Shaftesbury\u2019den D\u2019Alembert\u2019e b\u00fct\u00fcn b\u00fcy\u00fck filozoflar\u0131n\u0131 varl\u0131k ve bilgi, bilim ve din, etik ve politik teori bak\u0131m\u0131ndan ele alarak olabildi\u011fince a\u00e7\u0131k ve objektif bir bi\u00e7imde yan\u0131tlamaya \u00e7al\u0131\u015f\u0131yor.<\/p>\n","protected":false},"excerpt":{"rendered":"<p>Ayd\u0131nlanma nedir? Ayd\u0131nlanmay\u0131 bir ideoloji olarak m\u0131 yoksa bir s\u00fcre\u00e7 veya birtak\u0131m d\u00fc\u015f\u00fcnsel ya da pratik s\u00fcre\u00e7ler b\u00fct\u00fcn\u00fc olarak m\u0131 g\u00f6rmek gerekir? Onu ya\u015fanan bir deneyim<span class=\"excerpt-hellip\"> [\u2026]<\/span><\/p>\n","protected":false},"featured_media":0,"template":"","meta":{"_monsterinsights_skip_tracking":false,"_monsterinsights_sitenote_active":false,"_monsterinsights_sitenote_note":"","_monsterinsights_sitenote_category":0},"product_brand":[],"product_cat":[12388,14717],"product_tag":[],"class_list":{"0":"post-708328","1":"product","2":"type-product","3":"status-publish","5":"product_cat-felsefe","6":"product_cat-felsefe-tarihi","7":"pa_cilt-ciltsiz","8":"pa_tur-kitap","9":"pa_yayinevi-say-yayinlari","10":"pa_yazar-ahmet-cevizci","12":"first","13":"instock","14":"sale","15":"shipping-taxable","16":"purchasable","17":"product-type-simple"},"_links":{"self":[{"href":"https:\/\/roveyayinevi.com.tr\/index.php\/wp-json\/wp\/v2\/product\/708328","targetHints":{"allow":["GET"]}}],"collection":[{"href":"https:\/\/roveyayinevi.com.tr\/index.php\/wp-json\/wp\/v2\/product"}],"about":[{"href":"https:\/\/roveyayinevi.com.tr\/index.php\/wp-json\/wp\/v2\/types\/product"}],"wp:attachment":[{"href":"https:\/\/roveyayinevi.com.tr\/index.php\/wp-json\/wp\/v2\/media?parent=708328"}],"wp:term":[{"taxonomy":"product_brand","embeddable":true,"href":"https:\/\/roveyayinevi.com.tr\/index.php\/wp-json\/wp\/v2\/product_brand?post=708328"},{"taxonomy":"product_cat","embeddable":true,"href":"https:\/\/roveyayinevi.com.tr\/index.php\/wp-json\/wp\/v2\/product_cat?post=708328"},{"taxonomy":"product_tag","embeddable":true,"href":"https:\/\/roveyayinevi.com.tr\/index.php\/wp-json\/wp\/v2\/product_tag?post=708328"}],"curies":[{"name":"wp","href":"https:\/\/api.w.org\/{rel}","templated":true}]}}