{"id":708326,"date":"2025-08-27T16:13:59","date_gmt":"2025-08-27T13:13:59","guid":{"rendered":"https:\/\/roveyayinevi.com.tr\/index.php\/urun\/sorularla-bizans-imparatorlugu\/"},"modified":"2026-04-16T02:16:51","modified_gmt":"2026-04-15T23:16:51","slug":"sorularla-bizans-imparatorlugu","status":"publish","type":"product","link":"https:\/\/roveyayinevi.com.tr\/index.php\/urun\/sorularla-bizans-imparatorlugu\/","title":{"rendered":"Sorularla Bizans \u0130mparatorlu\u011fu"},"content":{"rendered":"<p>B\u00fcy\u00fck Roma miras\u00e7\u0131s\u0131 durumdaki Bizans, Do\u011fu ile Bat\u0131 aras\u0131nda s\u0131k\u0131\u015f\u0131p kalan bir imparatorluktur. Varl\u0131\u011f\u0131n\u0131 s\u00fcrd\u00fcrd\u00fc\u011f\u00fc y\u00fczy\u0131llar boyunca s\u00f6z konusu miras\u0131n pe\u015finden ko\u015fmas\u0131na kar\u015f\u0131n istedi\u011fini elde etmek konusunda hi\u00e7bir zaman ba\u015far\u0131l\u0131 olamam\u0131\u015ft\u0131r. Onu bu \u015fekilde bat\u0131dan uzakla\u015ft\u0131ran Do\u011fu Roma\u2019dan Bizans\u2019a d\u00f6n\u00fc\u015f\u00fcm\u00fc sa\u011flayan sebepler nelerdi? Bizans ad\u0131 nas\u0131l ortaya \u00e7\u0131km\u0131\u015ft\u0131r? B\u00fcy\u00fck Konstantinus ni\u00e7in geleneksel ba\u015fkenti Roma\u2019dan uzakla\u015f\u0131p do\u011fuda yeni bir yeni bir ba\u015fkent kurmak ihtiyac\u0131n\u0131 hissetmi\u015ftir? IV. yy. da ba\u015flay\u0131p y\u0131k\u0131l\u0131\u015f\u0131na kadar devam eden mezhep m\u00fccadeleleri Bizans\u2019\u0131 nas\u0131l etkilemi\u015ftir? Zaman i\u00e7inde Grekle\u015fen Bizans\u2019\u0131n sosyo-k\u00fclt\u00fcrel hayat\u0131 ve hukuk mekanizmas\u0131nda ne gibi de\u011fi\u015fiklikler meydana gelmi\u015ftir? B\u00fct\u00fcn tarihi boyunca siyas\u00ee-asker\u00ee ve sosyal anlamda en fazla muhatap oldu\u011fu T\u00fcrklerle olan m\u00fcnasebat\u0131 nas\u0131l olmu\u015ftur? Do\u011fu\u2019da ba\u015flayan \u0130slam fetihleri Bizans a\u00e7\u0131s\u0131ndan ne gibi neticeler do\u011furmu\u015ftur? Ha\u00e7l\u0131 Seferlerini ba\u015flatanlar i\u00e7in Bizans nas\u0131l bir anlam ifade etmektedir? Bizans i\u00e7in 1204 facias\u0131na giden yol nas\u0131l a\u00e7\u0131lm\u0131\u015ft\u0131r? Son d\u00f6nemlerini ge\u00e7mi\u015fteki ihti\u015faml\u0131 g\u00fcnlerinin g\u00f6lgesinde ya\u015fayan Bizans\u2019\u0131n hayatta kalmak i\u00e7in neler yapm\u0131\u015f ve \u00e7abalar\u0131 nas\u0131l sonu\u00e7lanm\u0131\u015ft\u0131r? Bizans \u0130mparatorlu\u011fu tarihi hakk\u0131nda merak edilen, yukar\u0131da aktar\u0131lanlar\u0131n d\u0131\u015f\u0131nda daha bir\u00e7ok sorunun cevab\u0131n\u0131 bu kitapta bulabilirsiniz. <\/p>\n","protected":false},"excerpt":{"rendered":"<p>B\u00fcy\u00fck Roma miras\u00e7\u0131s\u0131 durumdaki Bizans, Do\u011fu ile Bat\u0131 aras\u0131nda s\u0131k\u0131\u015f\u0131p kalan bir imparatorluktur. Varl\u0131\u011f\u0131n\u0131 s\u00fcrd\u00fcrd\u00fc\u011f\u00fc y\u00fczy\u0131llar boyunca s\u00f6z konusu miras\u0131n pe\u015finden ko\u015fmas\u0131na kar\u015f\u0131n istedi\u011fini elde etmek<span class=\"excerpt-hellip\"> [\u2026]<\/span><\/p>\n","protected":false},"featured_media":0,"template":"","meta":{"_monsterinsights_skip_tracking":false,"_monsterinsights_sitenote_active":false,"_monsterinsights_sitenote_note":"","_monsterinsights_sitenote_category":0},"product_brand":[],"product_cat":[13590,12337],"product_tag":[],"class_list":{"0":"post-708326","1":"product","2":"type-product","3":"status-publish","5":"product_cat-arastirma-inceleme-politika-siyaset","6":"product_cat-politika-siyaset","7":"pa_cilt-ciltsiz","8":"pa_tur-kitap","9":"pa_yayinevi-yeditepe-yayinevi","10":"pa_yazar-aydin-usta","12":"first","13":"instock","14":"sale","15":"shipping-taxable","16":"purchasable","17":"product-type-simple"},"_links":{"self":[{"href":"https:\/\/roveyayinevi.com.tr\/index.php\/wp-json\/wp\/v2\/product\/708326","targetHints":{"allow":["GET"]}}],"collection":[{"href":"https:\/\/roveyayinevi.com.tr\/index.php\/wp-json\/wp\/v2\/product"}],"about":[{"href":"https:\/\/roveyayinevi.com.tr\/index.php\/wp-json\/wp\/v2\/types\/product"}],"wp:attachment":[{"href":"https:\/\/roveyayinevi.com.tr\/index.php\/wp-json\/wp\/v2\/media?parent=708326"}],"wp:term":[{"taxonomy":"product_brand","embeddable":true,"href":"https:\/\/roveyayinevi.com.tr\/index.php\/wp-json\/wp\/v2\/product_brand?post=708326"},{"taxonomy":"product_cat","embeddable":true,"href":"https:\/\/roveyayinevi.com.tr\/index.php\/wp-json\/wp\/v2\/product_cat?post=708326"},{"taxonomy":"product_tag","embeddable":true,"href":"https:\/\/roveyayinevi.com.tr\/index.php\/wp-json\/wp\/v2\/product_tag?post=708326"}],"curies":[{"name":"wp","href":"https:\/\/api.w.org\/{rel}","templated":true}]}}