{"id":708322,"date":"2025-08-27T16:13:56","date_gmt":"2025-08-27T13:13:56","guid":{"rendered":"https:\/\/roveyayinevi.com.tr\/index.php\/urun\/gurultulu-birkac-saat\/"},"modified":"2026-04-16T02:16:51","modified_gmt":"2026-04-15T23:16:51","slug":"gurultulu-birkac-saat","status":"publish","type":"product","link":"https:\/\/roveyayinevi.com.tr\/index.php\/urun\/gurultulu-birkac-saat\/","title":{"rendered":"G\u00fcr\u00fclt\u00fcl\u00fc Birka\u00e7 Saat"},"content":{"rendered":"<p>2006 y\u0131l\u0131nda aram\u0131zdan ayr\u0131lan edebiyat\u0131m\u0131z\u0131n \u00f6nemli ismi Muzaffer Buyruk\u00e7u\u2019nun b\u00fct\u00fcn eserleri K\u0131rm\u0131z\u0131 Kedi\u2019de. Sait Faik, Yunus Nadi ve Haldun Taner gibi \u00f6nemli edebiyat \u00f6d\u00fcllerini kazanan Buyruk\u00e7u\u2019nun, i\u015f\u00e7ilerin ve i\u015fsizlerin, serserilerin ve kabaday\u0131lar\u0131n, ev kad\u0131nlar\u0131n\u0131n ve fahi\u015felerin, sakatlar\u0131n ve delilerin, toplumda ve hatta edebiyatta pek g\u00f6r\u00fcnmeyen insanlar\u0131n \u00f6yk\u00fclerini anlatmadaki ustal\u0131\u011f\u0131, yak\u0131ndan tan\u0131d\u0131\u011f\u0131 karakterleri ve \u00f6yk\u00fclerini son derece \u00f6zg\u00fcn bir \u00fcslupla kurgulamas\u0131nda yatar. Muzaffer Buyruk\u00e7u\u2019nun 1969 y\u0131l\u0131nda okuruyla bulu\u015fan ilk roman\u0131 G\u00fcr\u00fclt\u00fcl\u00fc Birka\u00e7 Saat, t\u0131pk\u0131 \u00f6yk\u00fcleri gibi edebiyat\u0131m\u0131za yeni bir soluk getirmi\u015ftir. Bu roman\u0131nda, bir \u00f6nceki \u00f6yk\u00fc kitab\u0131 Bulan\u0131k Resimler\u2019de oldu\u011fu gibi, son derece dinamik bir kurguyu, geri d\u00f6n\u00fc\u015fler ve psikolojik \u00e7\u00f6z\u00fcmlemeler e\u015fli\u011finde tek bir mek\u00e2na s\u0131\u011fd\u0131r\u0131r Buyruk\u00e7u: So\u011fuk bir k\u0131\u015f ak\u015fam\u0131 meyhanede bulu\u015fan bir grup arkada\u015f\u0131n aralar\u0131ndaki ili\u015fki gittik\u00e7e elektriklenmektedir. Arkada\u015fl\u0131k kavram\u0131n\u0131, ba\u015fta toplumsal ve politik y\u00f6nleriyle olmak \u00fczere t\u00fcm boyutlar\u0131yla ele alan G\u00fcr\u00fclt\u00fcl\u00fc Birka\u00e7 Saat, yazar\u0131n ayn\u0131 zamanda ilk ciddi \u00e7\u0131k\u0131\u015f\u0131n\u0131 sa\u011flam\u0131\u015f, Kemal Tahir gibi ustalar taraf\u0131ndan \u00f6vg\u00fcyle kar\u015f\u0131lanm\u0131\u015ft\u0131r. \ufffcTan\u0131t\u0131m Metni<\/p>\n","protected":false},"excerpt":{"rendered":"<p>2006 y\u0131l\u0131nda aram\u0131zdan ayr\u0131lan edebiyat\u0131m\u0131z\u0131n \u00f6nemli ismi Muzaffer Buyruk\u00e7u\u2019nun b\u00fct\u00fcn eserleri K\u0131rm\u0131z\u0131 Kedi\u2019de. Sait Faik, Yunus Nadi ve Haldun Taner gibi \u00f6nemli edebiyat \u00f6d\u00fcllerini kazanan Buyruk\u00e7u\u2019nun,<span class=\"excerpt-hellip\"> [\u2026]<\/span><\/p>\n","protected":false},"featured_media":0,"template":"","meta":{"_monsterinsights_skip_tracking":false,"_monsterinsights_sitenote_active":false,"_monsterinsights_sitenote_note":"","_monsterinsights_sitenote_category":0},"product_brand":[],"product_cat":[12291,12711],"product_tag":[],"class_list":{"0":"post-708322","1":"product","2":"type-product","3":"status-publish","5":"product_cat-edebiyat","6":"product_cat-roman-oyku","7":"pa_cilt-ciltsiz","8":"pa_tur-kitap","9":"pa_yayinevi-kirmizi-kedi-yayinevi","10":"pa_yazar-muzaffer-buyrukcu","12":"first","13":"instock","14":"sale","15":"shipping-taxable","16":"purchasable","17":"product-type-simple"},"_links":{"self":[{"href":"https:\/\/roveyayinevi.com.tr\/index.php\/wp-json\/wp\/v2\/product\/708322","targetHints":{"allow":["GET"]}}],"collection":[{"href":"https:\/\/roveyayinevi.com.tr\/index.php\/wp-json\/wp\/v2\/product"}],"about":[{"href":"https:\/\/roveyayinevi.com.tr\/index.php\/wp-json\/wp\/v2\/types\/product"}],"wp:attachment":[{"href":"https:\/\/roveyayinevi.com.tr\/index.php\/wp-json\/wp\/v2\/media?parent=708322"}],"wp:term":[{"taxonomy":"product_brand","embeddable":true,"href":"https:\/\/roveyayinevi.com.tr\/index.php\/wp-json\/wp\/v2\/product_brand?post=708322"},{"taxonomy":"product_cat","embeddable":true,"href":"https:\/\/roveyayinevi.com.tr\/index.php\/wp-json\/wp\/v2\/product_cat?post=708322"},{"taxonomy":"product_tag","embeddable":true,"href":"https:\/\/roveyayinevi.com.tr\/index.php\/wp-json\/wp\/v2\/product_tag?post=708322"}],"curies":[{"name":"wp","href":"https:\/\/api.w.org\/{rel}","templated":true}]}}