{"id":708321,"date":"2025-08-27T16:13:56","date_gmt":"2025-08-27T13:13:56","guid":{"rendered":"https:\/\/roveyayinevi.com.tr\/index.php\/urun\/benim-adim-palyaco\/"},"modified":"2026-04-16T02:16:51","modified_gmt":"2026-04-15T23:16:51","slug":"benim-adim-palyaco","status":"publish","type":"product","link":"https:\/\/roveyayinevi.com.tr\/index.php\/urun\/benim-adim-palyaco\/","title":{"rendered":"Benim Ad\u0131m Palya\u00e7o"},"content":{"rendered":"<p>Pisipisiotuyla oynayan \u00e7ocukya da k\u00fc\u00e7\u00fck palya\u00e7o\u2026Can, on bir ya\u015f\u0131nda. Annesi ve abisiyle birlikte ya\u015f\u0131yor. Okul masraflar\u0131n\u0131 \u00e7\u0131karmak i\u00e7in hafta sonlar\u0131 do\u011fum g\u00fcnlerinde abisiyle birlikte palya\u00e7oluk yap\u0131yor.O i\u015fini severek yapsa da kar\u015f\u0131la\u015ft\u0131\u011f\u0131 zorluklar kimi zaman \u00fcmidini k\u0131r\u0131yor. Ama Can, abisi ve annesi kocaman bir aile\u2026 Birlikte olunca \u00e7\u00f6zemeyecekleri sorun yok!Nilg\u00fcn Ilgaz, Benim Ad\u0131m Palya\u00e7o\u2019da hayallerin pe\u015finden ko\u015fman\u0131n ne \u00e7ok \u015feye \u00e7are oldu\u011funu g\u00f6steriyor. <\/p>\n","protected":false},"excerpt":{"rendered":"<p>Pisipisiotuyla oynayan \u00e7ocukya da k\u00fc\u00e7\u00fck palya\u00e7o\u2026Can, on bir ya\u015f\u0131nda. Annesi ve abisiyle birlikte ya\u015f\u0131yor. Okul masraflar\u0131n\u0131 \u00e7\u0131karmak i\u00e7in hafta sonlar\u0131 do\u011fum g\u00fcnlerinde abisiyle birlikte palya\u00e7oluk yap\u0131yor.O<span class=\"excerpt-hellip\"> [\u2026]<\/span><\/p>\n","protected":false},"featured_media":0,"template":"","meta":{"_monsterinsights_skip_tracking":false,"_monsterinsights_sitenote_active":false,"_monsterinsights_sitenote_note":"","_monsterinsights_sitenote_category":0},"product_brand":[],"product_cat":[12275,12274],"product_tag":[],"class_list":{"0":"post-708321","1":"product","2":"type-product","3":"status-publish","5":"product_cat-6-12-yas-kitaplari","6":"product_cat-cocuk-ve-genclik-kitaplari","7":"pa_cilt-ciltsiz","8":"pa_tur-kitap","9":"pa_yayinevi-cinar-yayinlari","10":"pa_yazar-nilgun-ilgaz","12":"first","13":"instock","14":"sale","15":"shipping-taxable","16":"purchasable","17":"product-type-simple"},"_links":{"self":[{"href":"https:\/\/roveyayinevi.com.tr\/index.php\/wp-json\/wp\/v2\/product\/708321","targetHints":{"allow":["GET"]}}],"collection":[{"href":"https:\/\/roveyayinevi.com.tr\/index.php\/wp-json\/wp\/v2\/product"}],"about":[{"href":"https:\/\/roveyayinevi.com.tr\/index.php\/wp-json\/wp\/v2\/types\/product"}],"wp:attachment":[{"href":"https:\/\/roveyayinevi.com.tr\/index.php\/wp-json\/wp\/v2\/media?parent=708321"}],"wp:term":[{"taxonomy":"product_brand","embeddable":true,"href":"https:\/\/roveyayinevi.com.tr\/index.php\/wp-json\/wp\/v2\/product_brand?post=708321"},{"taxonomy":"product_cat","embeddable":true,"href":"https:\/\/roveyayinevi.com.tr\/index.php\/wp-json\/wp\/v2\/product_cat?post=708321"},{"taxonomy":"product_tag","embeddable":true,"href":"https:\/\/roveyayinevi.com.tr\/index.php\/wp-json\/wp\/v2\/product_tag?post=708321"}],"curies":[{"name":"wp","href":"https:\/\/api.w.org\/{rel}","templated":true}]}}