{"id":708320,"date":"2025-08-27T16:13:55","date_gmt":"2025-08-27T13:13:55","guid":{"rendered":"https:\/\/roveyayinevi.com.tr\/index.php\/urun\/hababam-sinifi\/"},"modified":"2026-04-16T02:16:51","modified_gmt":"2026-04-15T23:16:51","slug":"hababam-sinifi","status":"publish","type":"product","link":"https:\/\/roveyayinevi.com.tr\/index.php\/urun\/hababam-sinifi\/","title":{"rendered":"Hababam S\u0131n\u0131f\u0131"},"content":{"rendered":"<p>Edebiyat\u0131m\u0131z\u0131n \u201cKoca \u00c7\u0131nar\u201d\u0131 R\u0131fat Ilgaz\u2019\u0131n Hababam S\u0131n\u0131f\u0131,topluma tutulmu\u015f m\u00fcthi\u015f bir aynad\u0131r.Kel Mahmut, \u0130nek \u015eaban, G\u00fcd\u00fck Necmi, Hafize Ana, Tulum Hayri, Kalem \u015eakir, Domdom Ali, Hayta \u0130smail, Badi Ekrem ve di\u011ferleri\u2026 \u0130\u015fte Hababam S\u0131n\u0131f\u0131\u2019n\u0131n unutulmaz kadrosu.Kendisi de uzun y\u0131llar yat\u0131l\u0131 okullarda okumu\u015f ve \u00f6\u011fretmenlik yapm\u0131\u015f olan R\u0131fat Ilgaz\u2019\u0131n, an\u0131lar\u0131ndan yola \u00e7\u0131karak yazd\u0131\u011f\u0131 Hababam S\u0131n\u0131f\u0131 ve bu s\u0131n\u0131f\u0131n karakterleri, y\u0131llard\u0131r yediden yetmi\u015fe herkesi kimi zaman g\u00fcld\u00fcrd\u00fc kimi zaman a\u011flatt\u0131. Ilgaz, e\u011fitim sistemindeki bozuklu\u011fu, y\u00f6neticilerin ve e\u011fitimcilerin halini \u00f6\u011frencilerin bak\u0131\u015f a\u00e7\u0131s\u0131yla anlatt\u0131 bizlere.\u00d6\u011fretmenleri taraf\u0131ndan tembel, yaramaz, kopyac\u0131 diye su\u00e7lanan bu s\u0131n\u0131f\u0131n paras\u0131z yat\u0131l\u0131 \u00f6\u011frencileri, otoriter e\u011fitim sistemine uyum sa\u011flayamay\u0131p kendilerini farkl\u0131 yollarla ifade ettiler. Onlar\u0131n istedikleri, sevgi ve anlay\u0131\u015ftan ba\u015fka bir \u015fey de\u011fildi. Bir t\u00fcrl\u00fc de\u011fi\u015fmek bilmeyen bu sistemle m\u00fccadelenin sembol\u00fc olan Hababam S\u0131n\u0131f\u0131\u2019nda hepimizin ortak an\u0131lar\u0131 var.Bu s\u0131n\u0131f, hepimizin s\u0131n\u0131f\u0131\u2026 <\/p>\n","protected":false},"excerpt":{"rendered":"<p>Edebiyat\u0131m\u0131z\u0131n \u201cKoca \u00c7\u0131nar\u201d\u0131 R\u0131fat Ilgaz\u2019\u0131n Hababam S\u0131n\u0131f\u0131,topluma tutulmu\u015f m\u00fcthi\u015f bir aynad\u0131r.Kel Mahmut, \u0130nek \u015eaban, G\u00fcd\u00fck Necmi, Hafize Ana, Tulum Hayri, Kalem \u015eakir, Domdom Ali, Hayta \u0130smail,<span class=\"excerpt-hellip\"> [\u2026]<\/span><\/p>\n","protected":false},"featured_media":0,"template":"","meta":{"_monsterinsights_skip_tracking":false,"_monsterinsights_sitenote_active":false,"_monsterinsights_sitenote_note":"","_monsterinsights_sitenote_category":0},"product_brand":[],"product_cat":[12291,14825],"product_tag":[],"class_list":{"0":"post-708320","1":"product","2":"type-product","3":"status-publish","5":"product_cat-edebiyat","6":"product_cat-mizah","7":"pa_cilt-ciltsiz","8":"pa_tur-kitap","9":"pa_yayinevi-cinar-yayinlari","10":"pa_yazar-rifat-ilgaz","12":"first","13":"instock","14":"sale","15":"shipping-taxable","16":"purchasable","17":"product-type-simple"},"_links":{"self":[{"href":"https:\/\/roveyayinevi.com.tr\/index.php\/wp-json\/wp\/v2\/product\/708320","targetHints":{"allow":["GET"]}}],"collection":[{"href":"https:\/\/roveyayinevi.com.tr\/index.php\/wp-json\/wp\/v2\/product"}],"about":[{"href":"https:\/\/roveyayinevi.com.tr\/index.php\/wp-json\/wp\/v2\/types\/product"}],"wp:attachment":[{"href":"https:\/\/roveyayinevi.com.tr\/index.php\/wp-json\/wp\/v2\/media?parent=708320"}],"wp:term":[{"taxonomy":"product_brand","embeddable":true,"href":"https:\/\/roveyayinevi.com.tr\/index.php\/wp-json\/wp\/v2\/product_brand?post=708320"},{"taxonomy":"product_cat","embeddable":true,"href":"https:\/\/roveyayinevi.com.tr\/index.php\/wp-json\/wp\/v2\/product_cat?post=708320"},{"taxonomy":"product_tag","embeddable":true,"href":"https:\/\/roveyayinevi.com.tr\/index.php\/wp-json\/wp\/v2\/product_tag?post=708320"}],"curies":[{"name":"wp","href":"https:\/\/api.w.org\/{rel}","templated":true}]}}