{"id":708319,"date":"2025-08-27T16:13:55","date_gmt":"2025-08-27T13:13:55","guid":{"rendered":"https:\/\/roveyayinevi.com.tr\/index.php\/urun\/hababam-sinifi-icraatin-icinde\/"},"modified":"2026-04-16T02:16:51","modified_gmt":"2026-04-15T23:16:51","slug":"hababam-sinifi-icraatin-icinde","status":"publish","type":"product","link":"https:\/\/roveyayinevi.com.tr\/index.php\/urun\/hababam-sinifi-icraatin-icinde\/","title":{"rendered":"Hababam S\u0131n\u0131f\u0131 \u0130craat\u0131n \u0130\u00e7inde"},"content":{"rendered":"<p>Edebiyat\u0131m\u0131z\u0131n \u201cKoca \u00c7\u0131nar\u201d\u0131 R\u0131fat Ilgaz\u2019\u0131n Hababam S\u0131n\u0131f\u0131,topluma tutulmu\u015f m\u00fcthi\u015f bir aynad\u0131r.R\u0131fat Ilgaz, yeni toplumsal ko\u015fullar\u0131n bask\u0131s\u0131 alt\u0131nda Hababam S\u0131n\u0131f\u0131\u2019n\u0131n haytalar\u0131yla dostlu\u011funu s\u00fcrd\u00fcr\u00fcyor.llgaz\u2019\u0131n 1957\u2019de zile basarak derse \u00e7a\u011f\u0131rd\u0131\u011f\u0131 Hababam S\u0131n\u0131f\u0131\u2019n\u0131n yaramaz \u00e7ocuklar\u0131n\u0131n maceralar\u0131 aradan ge\u00e7en bunca y\u0131la ra\u011fmen milyonlar\u0131 etkilemeye devam ediyor. \u0130lk kez 1987 y\u0131l\u0131nda yay\u0131mlanan Hababam S\u0131n\u0131f\u0131 \u0130craat\u0131n \u0130\u00e7inde, T\u00fcrkiye\u2019nin oldu\u011fu kadar d\u00fcnyan\u0131n da nereye gidece\u011fini daha o g\u00fcnden i\u015faret eden bir kitap.Hababam S\u0131n\u0131f\u0131\u2019n\u0131n haylazlar\u0131 bask\u0131c\u0131 e\u011fitim sistemine isyan etmeye ve onu yaratanlarla ince ince dalga ge\u00e7meye bu kitapta da devam ediyor.R\u0131fat Ilgaz\u2019\u0131n usta kalemiyle herkesin kalbinde \u00f6zel bir yer edinen Hababam S\u0131n\u0131f\u0131\u2019n\u0131n yepyeni maceralar\u0131n\u0131 merak ediyorsan\u0131z buyurun s\u0131n\u0131fa&#8230;Biraz acele edin zil \u00e7al\u0131yor! <\/p>\n","protected":false},"excerpt":{"rendered":"<p>Edebiyat\u0131m\u0131z\u0131n \u201cKoca \u00c7\u0131nar\u201d\u0131 R\u0131fat Ilgaz\u2019\u0131n Hababam S\u0131n\u0131f\u0131,topluma tutulmu\u015f m\u00fcthi\u015f bir aynad\u0131r.R\u0131fat Ilgaz, yeni toplumsal ko\u015fullar\u0131n bask\u0131s\u0131 alt\u0131nda Hababam S\u0131n\u0131f\u0131\u2019n\u0131n haytalar\u0131yla dostlu\u011funu s\u00fcrd\u00fcr\u00fcyor.llgaz\u2019\u0131n 1957\u2019de zile basarak derse<span class=\"excerpt-hellip\"> [\u2026]<\/span><\/p>\n","protected":false},"featured_media":0,"template":"","meta":{"_monsterinsights_skip_tracking":false,"_monsterinsights_sitenote_active":false,"_monsterinsights_sitenote_note":"","_monsterinsights_sitenote_category":0},"product_brand":[],"product_cat":[12291,12711],"product_tag":[],"class_list":{"0":"post-708319","1":"product","2":"type-product","3":"status-publish","5":"product_cat-edebiyat","6":"product_cat-roman-oyku","7":"pa_cilt-ciltsiz","8":"pa_tur-kitap","9":"pa_yayinevi-cinar-yayinlari","10":"pa_yazar-rifat-ilgaz","12":"first","13":"instock","14":"sale","15":"shipping-taxable","16":"purchasable","17":"product-type-simple"},"_links":{"self":[{"href":"https:\/\/roveyayinevi.com.tr\/index.php\/wp-json\/wp\/v2\/product\/708319","targetHints":{"allow":["GET"]}}],"collection":[{"href":"https:\/\/roveyayinevi.com.tr\/index.php\/wp-json\/wp\/v2\/product"}],"about":[{"href":"https:\/\/roveyayinevi.com.tr\/index.php\/wp-json\/wp\/v2\/types\/product"}],"wp:attachment":[{"href":"https:\/\/roveyayinevi.com.tr\/index.php\/wp-json\/wp\/v2\/media?parent=708319"}],"wp:term":[{"taxonomy":"product_brand","embeddable":true,"href":"https:\/\/roveyayinevi.com.tr\/index.php\/wp-json\/wp\/v2\/product_brand?post=708319"},{"taxonomy":"product_cat","embeddable":true,"href":"https:\/\/roveyayinevi.com.tr\/index.php\/wp-json\/wp\/v2\/product_cat?post=708319"},{"taxonomy":"product_tag","embeddable":true,"href":"https:\/\/roveyayinevi.com.tr\/index.php\/wp-json\/wp\/v2\/product_tag?post=708319"}],"curies":[{"name":"wp","href":"https:\/\/api.w.org\/{rel}","templated":true}]}}