{"id":708318,"date":"2025-08-27T16:13:55","date_gmt":"2025-08-27T13:13:55","guid":{"rendered":"https:\/\/roveyayinevi.com.tr\/index.php\/urun\/baskalasimlar-xxi-xxx\/"},"modified":"2026-04-16T02:16:51","modified_gmt":"2026-04-15T23:16:51","slug":"baskalasimlar-xxi-xxx","status":"publish","type":"product","link":"https:\/\/roveyayinevi.com.tr\/index.php\/urun\/baskalasimlar-xxi-xxx\/","title":{"rendered":"Ba\u015fkala\u015f\u0131mlar XXI XXX"},"content":{"rendered":"<p>Enis Batur\u2019un, insan\u0131n t\u00fcrl\u00fc hallerini sorgulad\u0131\u011f\u0131 Ba\u015fkala\u015f\u0131mlar dizisinin \u00fc\u00e7\u00fcnc\u00fc cildi, t\u0131marhanelerden otellere, hapishanelerden k\u00fct\u00fcphanelere, tarih boyunca in\u015fa edilen farkl\u0131 mek\u00e2nlara g\u00f6t\u00fcr\u00fcyor bizi.BA\u015eKALA\u015eIMLAR XXI-XXX\u201cBa\u015fkala\u015f\u0131mlar\u2019\u0131n bu \u00fc\u00e7\u00fcnc\u00fc cildi, ilk iki toplamdan farkl\u0131 olarak, deyim yerindeyse daha izlenceli bir g\u00f6r\u00fcn\u00fcm ta\u015f\u0131yor. Yap\u0131lar (kule, saray, otel), a\u00e7\u0131k toplu mek\u00e2nlar (sirk, istasyon, k\u00fct\u00fcphane), kapal\u0131 olanlar\u0131 (bimarhane, kamp, hapisane), kitab\u0131n topografi a\u011f\u0131rl\u0131kl\u0131 seyrinin odak noktalar\u0131. Bir de, ama, t\u00fcm\u00fcn\u00fc kateden bir yol d\u00fc\u015f\u00fcncesinin belirleyici oldu\u011fu s\u00f6ylenebilir: Yery\u00fcz\u00fcyle g\u00f6ky\u00fcz\u00fc aras\u0131, bazan dikey ya da yatay, bazan da e\u011frilerin h\u00fckmetti\u011fi bir g\u00fczerg\u00e2h aray\u0131\u015f\u0131.\u201dBa\u015fkala\u015f\u0131mlar XXI-XXX, Enis Batur\u2019un 1974\u2019de \u201cAyna\u201d ile ba\u015flatt\u0131\u011f\u0131 \u00e7izgiyi son noktas\u0131na, \u201cba\u015flang\u0131\u00e7 noktas\u0131\u201dna geri d\u00f6n\u00fcyor. \u0130nsan\u0131n, i\u00e7inde ya da d\u0131\u015f\u0131nda, kendisi ya da ba\u015fkalar\u0131 i\u00e7in in\u015fa etti\u011fi mek\u00e2nlara g\u00f6t\u00fcr\u00fcyor okuru; yaln\u0131zl\u0131\u011f\u0131n, ihtiras\u0131n, zulm\u00fcn, delili\u011fin ve bin bir t\u00fcrl\u00fc ba\u015fka insanl\u0131k halinin bu mek\u00e2nlar\u0131, birer \u201cayna\u201dya d\u00f6n\u00fc\u015f\u00fcyor Ba\u015fkala\u015f\u0131mlar\u2019\u0131n sat\u0131rlar\u0131nda. <\/p>\n","protected":false},"excerpt":{"rendered":"<p>Enis Batur\u2019un, insan\u0131n t\u00fcrl\u00fc hallerini sorgulad\u0131\u011f\u0131 Ba\u015fkala\u015f\u0131mlar dizisinin \u00fc\u00e7\u00fcnc\u00fc cildi, t\u0131marhanelerden otellere, hapishanelerden k\u00fct\u00fcphanelere, tarih boyunca in\u015fa edilen farkl\u0131 mek\u00e2nlara g\u00f6t\u00fcr\u00fcyor bizi.BA\u015eKALA\u015eIMLAR XXI-XXX\u201cBa\u015fkala\u015f\u0131mlar\u2019\u0131n bu \u00fc\u00e7\u00fcnc\u00fc cildi,<span class=\"excerpt-hellip\"> [\u2026]<\/span><\/p>\n","protected":false},"featured_media":0,"template":"","meta":{"_monsterinsights_skip_tracking":false,"_monsterinsights_sitenote_active":false,"_monsterinsights_sitenote_note":"","_monsterinsights_sitenote_category":0},"product_brand":[],"product_cat":[12388],"product_tag":[],"class_list":{"0":"post-708318","1":"product","2":"type-product","3":"status-publish","5":"product_cat-felsefe","6":"pa_cilt-ciltsiz","7":"pa_tur-kitap","8":"pa_yayinevi-kirmizi-kedi-yayinevi","9":"pa_yazar-enis-batur","11":"first","12":"instock","13":"sale","14":"shipping-taxable","15":"purchasable","16":"product-type-simple"},"_links":{"self":[{"href":"https:\/\/roveyayinevi.com.tr\/index.php\/wp-json\/wp\/v2\/product\/708318","targetHints":{"allow":["GET"]}}],"collection":[{"href":"https:\/\/roveyayinevi.com.tr\/index.php\/wp-json\/wp\/v2\/product"}],"about":[{"href":"https:\/\/roveyayinevi.com.tr\/index.php\/wp-json\/wp\/v2\/types\/product"}],"wp:attachment":[{"href":"https:\/\/roveyayinevi.com.tr\/index.php\/wp-json\/wp\/v2\/media?parent=708318"}],"wp:term":[{"taxonomy":"product_brand","embeddable":true,"href":"https:\/\/roveyayinevi.com.tr\/index.php\/wp-json\/wp\/v2\/product_brand?post=708318"},{"taxonomy":"product_cat","embeddable":true,"href":"https:\/\/roveyayinevi.com.tr\/index.php\/wp-json\/wp\/v2\/product_cat?post=708318"},{"taxonomy":"product_tag","embeddable":true,"href":"https:\/\/roveyayinevi.com.tr\/index.php\/wp-json\/wp\/v2\/product_tag?post=708318"}],"curies":[{"name":"wp","href":"https:\/\/api.w.org\/{rel}","templated":true}]}}