{"id":708317,"date":"2025-08-27T16:13:54","date_gmt":"2025-08-27T13:13:54","guid":{"rendered":"https:\/\/roveyayinevi.com.tr\/index.php\/urun\/baris-takimi-canakkaleden-geliboluya-geciyor\/"},"modified":"2026-04-16T02:16:51","modified_gmt":"2026-04-15T23:16:51","slug":"baris-takimi-canakkaleden-geliboluya-geciyor","status":"publish","type":"product","link":"https:\/\/roveyayinevi.com.tr\/index.php\/urun\/baris-takimi-canakkaleden-geliboluya-geciyor\/","title":{"rendered":"Bar\u0131\u015f Tak\u0131m\u0131 \u00c7anakkale&#8217;den Gelibolu&#8217;ya Ge\u00e7iyor"},"content":{"rendered":"<p>S\u0131n\u0131f arkada\u015flar\u0131yla Bar\u0131\u015f Tak\u0131m\u0131n\u0131 kuran Ezgi ile tarihimizi \u00f6\u011freniyoruz! \u00c7anakkale&#8217;den Gelibolu\u2019ya do\u011fru yolculu\u011fumuz ba\u015fl\u0131yor!BARI\u015e TAKIMI\u00c7anakkale\u2019den Gelibolu\u2019ya Ge\u00e7iyor!Ezgi, sizin arkada\u015flar\u0131n\u0131zdan biri&#8230;\u0130lk\u00f6\u011fretim \u00f6\u011frencisi&#8230; Alt\u0131nc\u0131 s\u0131n\u0131fa ge\u00e7ti\u011fi yaz, s\u0131n\u0131f arkada\u015flar\u0131yla \u201cBar\u0131\u015f Tak\u0131m\u0131\u201dn\u0131 kurdu. \u00c7anakkale Sava\u015flar\u0131ndan ba\u015flayarak yak\u0131n tarihimizi iyice \u00f6\u011frenmek istiyorlard\u0131. Atalar\u0131m\u0131z\u0131n zaferler kazand\u0131\u011f\u0131 yerleri g\u00f6rmek i\u00e7in yollara d\u00fc\u015ft\u00fcler. T\u00fcrl\u00fc maceralar ya\u015fad\u0131lar. Gelibolu Yar\u0131madas\u0131n\u0131 gezdik\u00e7e \u015fa\u015f\u0131rd\u0131lar. Bilmedikleri ne \u00e7ok \u015fey varm\u0131\u015f!Kendi tarihimizi anlayarak \u00f6\u011frendiler.Atat\u00fcrk\u2019\u00fc daha iyi anlad\u0131lar.Anlad\u0131k\u00e7a daha \u00e7ok sevdiler.Atat\u00fcrk\u2019le birlikte \u00fclkemize emek verenleri de&#8230;Bar\u0131\u015f Tak\u0131m\u0131n\u0131n Ba\u015fkan\u0131 Ezgi durmayacak \u00e7ocuklar. \u00c7anakkale\u2019den Anadolu\u2019ya y\u00fcr\u00fcyecek&#8230; Bakal\u0131m Ezgi bize neler anlatacak,neler \u00f6\u011fretecek? <\/p>\n","protected":false},"excerpt":{"rendered":"<p>S\u0131n\u0131f arkada\u015flar\u0131yla Bar\u0131\u015f Tak\u0131m\u0131n\u0131 kuran Ezgi ile tarihimizi \u00f6\u011freniyoruz! \u00c7anakkale&#8217;den Gelibolu\u2019ya do\u011fru yolculu\u011fumuz ba\u015fl\u0131yor!BARI\u015e TAKIMI\u00c7anakkale\u2019den Gelibolu\u2019ya Ge\u00e7iyor!Ezgi, sizin arkada\u015flar\u0131n\u0131zdan biri&#8230;\u0130lk\u00f6\u011fretim \u00f6\u011frencisi&#8230; Alt\u0131nc\u0131 s\u0131n\u0131fa ge\u00e7ti\u011fi yaz, s\u0131n\u0131f<span class=\"excerpt-hellip\"> [\u2026]<\/span><\/p>\n","protected":false},"featured_media":0,"template":"","meta":{"_monsterinsights_skip_tracking":false,"_monsterinsights_sitenote_active":false,"_monsterinsights_sitenote_note":"","_monsterinsights_sitenote_category":0},"product_brand":[],"product_cat":[12275,12274],"product_tag":[],"class_list":{"0":"post-708317","1":"product","2":"type-product","3":"status-publish","5":"product_cat-6-12-yas-kitaplari","6":"product_cat-cocuk-ve-genclik-kitaplari","7":"pa_cilt-ciltsiz","8":"pa_tur-kitap","9":"pa_yayinevi-kirmizi-kedi-yayinevi","10":"pa_yazar-sevgi-ozel","12":"first","13":"instock","14":"sale","15":"shipping-taxable","16":"purchasable","17":"product-type-simple"},"_links":{"self":[{"href":"https:\/\/roveyayinevi.com.tr\/index.php\/wp-json\/wp\/v2\/product\/708317","targetHints":{"allow":["GET"]}}],"collection":[{"href":"https:\/\/roveyayinevi.com.tr\/index.php\/wp-json\/wp\/v2\/product"}],"about":[{"href":"https:\/\/roveyayinevi.com.tr\/index.php\/wp-json\/wp\/v2\/types\/product"}],"wp:attachment":[{"href":"https:\/\/roveyayinevi.com.tr\/index.php\/wp-json\/wp\/v2\/media?parent=708317"}],"wp:term":[{"taxonomy":"product_brand","embeddable":true,"href":"https:\/\/roveyayinevi.com.tr\/index.php\/wp-json\/wp\/v2\/product_brand?post=708317"},{"taxonomy":"product_cat","embeddable":true,"href":"https:\/\/roveyayinevi.com.tr\/index.php\/wp-json\/wp\/v2\/product_cat?post=708317"},{"taxonomy":"product_tag","embeddable":true,"href":"https:\/\/roveyayinevi.com.tr\/index.php\/wp-json\/wp\/v2\/product_tag?post=708317"}],"curies":[{"name":"wp","href":"https:\/\/api.w.org\/{rel}","templated":true}]}}