{"id":708313,"date":"2025-08-27T16:13:52","date_gmt":"2025-08-27T13:13:52","guid":{"rendered":"https:\/\/roveyayinevi.com.tr\/index.php\/urun\/klasiklerle-tanisiyorum-daglarin-kizi-heidi\/"},"modified":"2026-04-16T02:16:51","modified_gmt":"2026-04-15T23:16:51","slug":"klasiklerle-tanisiyorum-daglarin-kizi-heidi","status":"publish","type":"product","link":"https:\/\/roveyayinevi.com.tr\/index.php\/urun\/klasiklerle-tanisiyorum-daglarin-kizi-heidi\/","title":{"rendered":"Klasiklerle Tan\u0131\u015f\u0131yorum Da\u011flar\u0131n K\u0131z\u0131 Heidi"},"content":{"rendered":"<p>Klasiklerle Tan\u0131\u015f\u0131yorum serisi d\u00fcnya edebiyat\u0131n\u0131n tan\u0131nm\u0131\u015f eserlerini gen\u00e7 okurlara y\u00f6nelik bir anlat\u0131m ve tasar\u0131mla yeniden yorumluyor.Dedesiyle birlikte Alpler\u2019de ya\u015fayan Heidi, arkada\u015f\u0131 \u00c7oban Peter\u2019le da\u011flar\u0131n e\u015fsiz do\u011fas\u0131nda mutlu bir ya\u015fam s\u00fcrmektedir. Fakat k\u00fc\u00e7\u00fck k\u0131z\u0131n hayat\u0131 ani bir haberle de\u011fi\u015fir&#8230; D\u00fcnya edebiyat\u0131n\u0131n sevilen klasiklerinden Da\u011flar\u0131n K\u0131z\u0131 Heidi rengarenk \u00e7izimler e\u015fli\u011finde ak\u0131c\u0131 bir anlat\u0131mla hayat buluyor. <\/p>\n","protected":false},"excerpt":{"rendered":"<p>Klasiklerle Tan\u0131\u015f\u0131yorum serisi d\u00fcnya edebiyat\u0131n\u0131n tan\u0131nm\u0131\u015f eserlerini gen\u00e7 okurlara y\u00f6nelik bir anlat\u0131m ve tasar\u0131mla yeniden yorumluyor.Dedesiyle birlikte Alpler\u2019de ya\u015fayan Heidi, arkada\u015f\u0131 \u00c7oban Peter\u2019le da\u011flar\u0131n e\u015fsiz do\u011fas\u0131nda<span class=\"excerpt-hellip\"> [\u2026]<\/span><\/p>\n","protected":false},"featured_media":0,"template":"","meta":{"_monsterinsights_skip_tracking":false,"_monsterinsights_sitenote_active":false,"_monsterinsights_sitenote_note":"","_monsterinsights_sitenote_category":0},"product_brand":[],"product_cat":[12275,12274],"product_tag":[],"class_list":{"0":"post-708313","1":"product","2":"type-product","3":"status-publish","5":"product_cat-6-12-yas-kitaplari","6":"product_cat-cocuk-ve-genclik-kitaplari","7":"pa_cilt-ciltsiz","8":"pa_tur-kitap","9":"pa_yayinevi-dogan-egmont-yayincilik","10":"pa_yazar-komisyon","12":"first","13":"instock","14":"sale","15":"shipping-taxable","16":"purchasable","17":"product-type-simple"},"_links":{"self":[{"href":"https:\/\/roveyayinevi.com.tr\/index.php\/wp-json\/wp\/v2\/product\/708313","targetHints":{"allow":["GET"]}}],"collection":[{"href":"https:\/\/roveyayinevi.com.tr\/index.php\/wp-json\/wp\/v2\/product"}],"about":[{"href":"https:\/\/roveyayinevi.com.tr\/index.php\/wp-json\/wp\/v2\/types\/product"}],"wp:attachment":[{"href":"https:\/\/roveyayinevi.com.tr\/index.php\/wp-json\/wp\/v2\/media?parent=708313"}],"wp:term":[{"taxonomy":"product_brand","embeddable":true,"href":"https:\/\/roveyayinevi.com.tr\/index.php\/wp-json\/wp\/v2\/product_brand?post=708313"},{"taxonomy":"product_cat","embeddable":true,"href":"https:\/\/roveyayinevi.com.tr\/index.php\/wp-json\/wp\/v2\/product_cat?post=708313"},{"taxonomy":"product_tag","embeddable":true,"href":"https:\/\/roveyayinevi.com.tr\/index.php\/wp-json\/wp\/v2\/product_tag?post=708313"}],"curies":[{"name":"wp","href":"https:\/\/api.w.org\/{rel}","templated":true}]}}