{"id":708312,"date":"2025-08-27T16:13:52","date_gmt":"2025-08-27T13:13:52","guid":{"rendered":"https:\/\/roveyayinevi.com.tr\/index.php\/urun\/klasiklerle-tanisiyorum-pollyanna\/"},"modified":"2026-04-16T02:16:51","modified_gmt":"2026-04-15T23:16:51","slug":"klasiklerle-tanisiyorum-pollyanna","status":"publish","type":"product","link":"https:\/\/roveyayinevi.com.tr\/index.php\/urun\/klasiklerle-tanisiyorum-pollyanna\/","title":{"rendered":"Klasiklerle Tan\u0131\u015f\u0131yorum Pollyanna"},"content":{"rendered":"<p>Klasiklerle Tan\u0131\u015f\u0131yorum serisi d\u00fcnya edebiyat\u0131n\u0131n tan\u0131nm\u0131\u015f eserlerini gen\u00e7 okurlara y\u00f6nelik bir anlat\u0131m ve tasar\u0131mla yeniden yorumluyor.Pollyanna mutluluk oyunu ile ya\u015fama s\u0131k\u0131 s\u0131k\u0131 tutunman\u0131n s\u0131rlar\u0131n\u0131 \u00e7evresiyle payla\u015f\u0131yor. Hayata bir de Pollyanna\u2019n\u0131n g\u00f6zlerindenbakmaya ne dersiniz?D\u00fcnya edebiyat\u0131n\u0131n sevilen klasiklerinden Pollyanna rengarenk \u00e7izimler e\u015fli\u011finde ak\u0131c\u0131 bir anlat\u0131mla hayat buluyor. <\/p>\n","protected":false},"excerpt":{"rendered":"<p>Klasiklerle Tan\u0131\u015f\u0131yorum serisi d\u00fcnya edebiyat\u0131n\u0131n tan\u0131nm\u0131\u015f eserlerini gen\u00e7 okurlara y\u00f6nelik bir anlat\u0131m ve tasar\u0131mla yeniden yorumluyor.Pollyanna mutluluk oyunu ile ya\u015fama s\u0131k\u0131 s\u0131k\u0131 tutunman\u0131n s\u0131rlar\u0131n\u0131 \u00e7evresiyle payla\u015f\u0131yor.<span class=\"excerpt-hellip\"> [\u2026]<\/span><\/p>\n","protected":false},"featured_media":0,"template":"","meta":{"_monsterinsights_skip_tracking":false,"_monsterinsights_sitenote_active":false,"_monsterinsights_sitenote_note":"","_monsterinsights_sitenote_category":0},"product_brand":[],"product_cat":[12275,12274],"product_tag":[],"class_list":{"0":"post-708312","1":"product","2":"type-product","3":"status-publish","5":"product_cat-6-12-yas-kitaplari","6":"product_cat-cocuk-ve-genclik-kitaplari","7":"pa_cilt-ciltsiz","8":"pa_tur-kitap","9":"pa_yayinevi-dogan-egmont-yayincilik","10":"pa_yazar-kolektif","12":"first","13":"instock","14":"sale","15":"shipping-taxable","16":"purchasable","17":"product-type-simple"},"_links":{"self":[{"href":"https:\/\/roveyayinevi.com.tr\/index.php\/wp-json\/wp\/v2\/product\/708312","targetHints":{"allow":["GET"]}}],"collection":[{"href":"https:\/\/roveyayinevi.com.tr\/index.php\/wp-json\/wp\/v2\/product"}],"about":[{"href":"https:\/\/roveyayinevi.com.tr\/index.php\/wp-json\/wp\/v2\/types\/product"}],"wp:attachment":[{"href":"https:\/\/roveyayinevi.com.tr\/index.php\/wp-json\/wp\/v2\/media?parent=708312"}],"wp:term":[{"taxonomy":"product_brand","embeddable":true,"href":"https:\/\/roveyayinevi.com.tr\/index.php\/wp-json\/wp\/v2\/product_brand?post=708312"},{"taxonomy":"product_cat","embeddable":true,"href":"https:\/\/roveyayinevi.com.tr\/index.php\/wp-json\/wp\/v2\/product_cat?post=708312"},{"taxonomy":"product_tag","embeddable":true,"href":"https:\/\/roveyayinevi.com.tr\/index.php\/wp-json\/wp\/v2\/product_tag?post=708312"}],"curies":[{"name":"wp","href":"https:\/\/api.w.org\/{rel}","templated":true}]}}