{"id":708310,"date":"2025-08-27T16:13:51","date_gmt":"2025-08-27T13:13:51","guid":{"rendered":"https:\/\/roveyayinevi.com.tr\/index.php\/urun\/klasiklerle-tanisiyorum-oz-buyucusu\/"},"modified":"2026-04-16T02:16:51","modified_gmt":"2026-04-15T23:16:51","slug":"klasiklerle-tanisiyorum-oz-buyucusu","status":"publish","type":"product","link":"https:\/\/roveyayinevi.com.tr\/index.php\/urun\/klasiklerle-tanisiyorum-oz-buyucusu\/","title":{"rendered":"Klasiklerle Tan\u0131\u015f\u0131yorum Oz B\u00fcy\u00fcc\u00fcs\u00fc"},"content":{"rendered":"<p>Klasiklerle Tan\u0131\u015f\u0131yorum serisi d\u00fcnya edebiyat\u0131n\u0131n tan\u0131nm\u0131\u015f eserlerini gen\u00e7 okurlara y\u00f6nelik bir anlat\u0131m ve tasar\u0131mla yeniden yorumluyor.Teyzesi ve amcas\u0131yla \u0131ss\u0131z bir \u00e7iftlikte ya\u015fayan Doroti bir kas\u0131rgayla kendini Oz Krall\u0131\u011f\u0131\u2019nda bulur. Doroti\u2019yi eve d\u00f6n\u00fc\u015fyolunda hepsi birbirinden heyecanl\u0131 maceralar ve \u00fc\u00e7 yeni dost beklemektedir.D\u00fcnya edebiyat\u0131n\u0131n sevilen klasiklerinden Oz B\u00fcy\u00fcc\u00fcs\u00fc rengarenk \u00e7izimler e\u015fli\u011finde ak\u0131c\u0131 bir anlat\u0131mla hayat buluyor. <\/p>\n","protected":false},"excerpt":{"rendered":"<p>Klasiklerle Tan\u0131\u015f\u0131yorum serisi d\u00fcnya edebiyat\u0131n\u0131n tan\u0131nm\u0131\u015f eserlerini gen\u00e7 okurlara y\u00f6nelik bir anlat\u0131m ve tasar\u0131mla yeniden yorumluyor.Teyzesi ve amcas\u0131yla \u0131ss\u0131z bir \u00e7iftlikte ya\u015fayan Doroti bir kas\u0131rgayla kendini<span class=\"excerpt-hellip\"> [\u2026]<\/span><\/p>\n","protected":false},"featured_media":0,"template":"","meta":{"_monsterinsights_skip_tracking":false,"_monsterinsights_sitenote_active":false,"_monsterinsights_sitenote_note":"","_monsterinsights_sitenote_category":0},"product_brand":[],"product_cat":[12275,12274],"product_tag":[],"class_list":{"0":"post-708310","1":"product","2":"type-product","3":"status-publish","5":"product_cat-6-12-yas-kitaplari","6":"product_cat-cocuk-ve-genclik-kitaplari","7":"pa_cilt-ciltsiz","8":"pa_tur-kitap","9":"pa_yayinevi-dogan-egmont-yayincilik","10":"pa_yazar-komisyon","12":"first","13":"instock","14":"sale","15":"shipping-taxable","16":"purchasable","17":"product-type-simple"},"_links":{"self":[{"href":"https:\/\/roveyayinevi.com.tr\/index.php\/wp-json\/wp\/v2\/product\/708310","targetHints":{"allow":["GET"]}}],"collection":[{"href":"https:\/\/roveyayinevi.com.tr\/index.php\/wp-json\/wp\/v2\/product"}],"about":[{"href":"https:\/\/roveyayinevi.com.tr\/index.php\/wp-json\/wp\/v2\/types\/product"}],"wp:attachment":[{"href":"https:\/\/roveyayinevi.com.tr\/index.php\/wp-json\/wp\/v2\/media?parent=708310"}],"wp:term":[{"taxonomy":"product_brand","embeddable":true,"href":"https:\/\/roveyayinevi.com.tr\/index.php\/wp-json\/wp\/v2\/product_brand?post=708310"},{"taxonomy":"product_cat","embeddable":true,"href":"https:\/\/roveyayinevi.com.tr\/index.php\/wp-json\/wp\/v2\/product_cat?post=708310"},{"taxonomy":"product_tag","embeddable":true,"href":"https:\/\/roveyayinevi.com.tr\/index.php\/wp-json\/wp\/v2\/product_tag?post=708310"}],"curies":[{"name":"wp","href":"https:\/\/api.w.org\/{rel}","templated":true}]}}