{"id":708307,"date":"2025-08-27T16:13:49","date_gmt":"2025-08-27T13:13:49","guid":{"rendered":"https:\/\/roveyayinevi.com.tr\/index.php\/urun\/yeni-takim-top-canbazi-daan\/"},"modified":"2026-04-16T02:16:51","modified_gmt":"2026-04-15T23:16:51","slug":"yeni-takim-top-canbazi-daan","status":"publish","type":"product","link":"https:\/\/roveyayinevi.com.tr\/index.php\/urun\/yeni-takim-top-canbazi-daan\/","title":{"rendered":"Yeni Tak\u0131m Top Canbaz\u0131 Daan"},"content":{"rendered":"<p>Futbol, arkada\u015fl\u0131k, tak\u0131m \u00e7al\u0131\u015fmas\u0131 ve rekabet \u00fczerine bir \u0130LK GEN\u00c7L\u0130K K\u0130TABI Arkada\u015flar\u0131n\u0131n \u201cTop Cambaz\u0131\u201d lakab\u0131n\u0131 takt\u0131\u011f\u0131 Daan tam bir futbol delisi. Daan \u201cg\u00fczel oyun\u201dun \u00f6nemsendi\u011fi \u00fclkelerden biri olan Hollanda\u2019da ya\u015f\u0131yor ve d\u00fcnyan\u0131n d\u00f6rt bir yan\u0131ndaki ya\u015f\u0131tlar\u0131yla ayn\u0131 d\u00f6neme\u00e7lerden ge\u00e7iyor. T\u00fcrkiye\u2019deki gen\u00e7 okurlar, kahraman\u0131m\u0131z Daan\u2019\u0131n maceralar\u0131n\u0131n ba\u015flad\u0131\u011f\u0131 bu ilk kitaptan itibaren futbolu ve hayat\u0131 birlikte ke\u015ffedecekler. Yeni bir kente ta\u015f\u0131nan ve sevdi\u011fi ortam\u0131n\u0131 terk etmek zorunda kalan Daan, yeni okulunda ve yeni tak\u0131m\u0131nda mutlu olabilecek mi? Kendisini pek dost\u00e7a kar\u015f\u0131lamayan tak\u0131m arkada\u015flar\u0131yla nas\u0131l bir maceraya at\u0131lacak? K\u0131zlar\u0131n da oynad\u0131\u011f\u0131 yeni tak\u0131m\u0131ndaki ilk ma\u00e7\u0131nda onu neler bekliyor? TOP CAMBAZI DAAN dizisinin ilk kitab\u0131 olan YEN\u0130 TAKIM futbolun evrensel dilini hissetmek i\u00e7in harika bir ba\u015flang\u0131\u00e7. \ufffcTan\u0131t\u0131m Metni<\/p>\n","protected":false},"excerpt":{"rendered":"<p>Futbol, arkada\u015fl\u0131k, tak\u0131m \u00e7al\u0131\u015fmas\u0131 ve rekabet \u00fczerine bir \u0130LK GEN\u00c7L\u0130K K\u0130TABI Arkada\u015flar\u0131n\u0131n \u201cTop Cambaz\u0131\u201d lakab\u0131n\u0131 takt\u0131\u011f\u0131 Daan tam bir futbol delisi. Daan \u201cg\u00fczel oyun\u201dun \u00f6nemsendi\u011fi \u00fclkelerden<span class=\"excerpt-hellip\"> [\u2026]<\/span><\/p>\n","protected":false},"featured_media":0,"template":"","meta":{"_monsterinsights_skip_tracking":false,"_monsterinsights_sitenote_active":false,"_monsterinsights_sitenote_note":"","_monsterinsights_sitenote_category":0},"product_brand":[],"product_cat":[12275,12274],"product_tag":[],"class_list":{"0":"post-708307","1":"product","2":"type-product","3":"status-publish","5":"product_cat-6-12-yas-kitaplari","6":"product_cat-cocuk-ve-genclik-kitaplari","7":"pa_cilt-ciltsiz","8":"pa_tur-kitap","9":"pa_yayinevi-kuraldisi-yayinevi","10":"pa_yazar-gerard-van-gemert","12":"first","13":"instock","14":"sale","15":"shipping-taxable","16":"purchasable","17":"product-type-simple"},"_links":{"self":[{"href":"https:\/\/roveyayinevi.com.tr\/index.php\/wp-json\/wp\/v2\/product\/708307","targetHints":{"allow":["GET"]}}],"collection":[{"href":"https:\/\/roveyayinevi.com.tr\/index.php\/wp-json\/wp\/v2\/product"}],"about":[{"href":"https:\/\/roveyayinevi.com.tr\/index.php\/wp-json\/wp\/v2\/types\/product"}],"wp:attachment":[{"href":"https:\/\/roveyayinevi.com.tr\/index.php\/wp-json\/wp\/v2\/media?parent=708307"}],"wp:term":[{"taxonomy":"product_brand","embeddable":true,"href":"https:\/\/roveyayinevi.com.tr\/index.php\/wp-json\/wp\/v2\/product_brand?post=708307"},{"taxonomy":"product_cat","embeddable":true,"href":"https:\/\/roveyayinevi.com.tr\/index.php\/wp-json\/wp\/v2\/product_cat?post=708307"},{"taxonomy":"product_tag","embeddable":true,"href":"https:\/\/roveyayinevi.com.tr\/index.php\/wp-json\/wp\/v2\/product_tag?post=708307"}],"curies":[{"name":"wp","href":"https:\/\/api.w.org\/{rel}","templated":true}]}}