{"id":708305,"date":"2025-08-27T16:13:48","date_gmt":"2025-08-27T13:13:48","guid":{"rendered":"https:\/\/roveyayinevi.com.tr\/index.php\/urun\/cocugunuzun-sahibi-degilsiniz\/"},"modified":"2026-04-16T02:16:51","modified_gmt":"2026-04-15T23:16:51","slug":"cocugunuzun-sahibi-degilsiniz","status":"publish","type":"product","link":"https:\/\/roveyayinevi.com.tr\/index.php\/urun\/cocugunuzun-sahibi-degilsiniz\/","title":{"rendered":"\u00c7ocu\u011funuzun Sahibi De\u011filsiniz"},"content":{"rendered":"<p>\u00c7ocu\u011funuzla ileti\u015fiminizde &#8220;ebeveyn iktidar\u0131&#8221; g\u00fcc\u00fcne dayanmaks\u0131z\u0131n, onlara nas\u0131l bilin\u00e7li ve \u015fefkatli bir rehber olabilirsiniz?Diyet yapt\u0131\u011f\u0131n\u0131z bir d\u00f6nem e\u015finiz sizi bir kutu pastay\u0131 yerken yakal\u0131yor ve bir daha pastaneye gidememeniz i\u00e7in araban\u0131z\u0131n anahtarlar\u0131na el koyuyor. Nas\u0131l hissedersiniz? Ya da bir arkada\u015f\u0131n\u0131zla \u00e7\u0131kaca\u011f\u0131n\u0131z \u00f6\u011flen yeme\u011fine ge\u00e7 kald\u0131\u011f\u0131n\u0131z i\u00e7in arkada\u015f\u0131n\u0131z ceza olarak en sevdi\u011finiz tak\u0131n\u0131z\u0131 ona vermenizi istiyor? Sizin \u00fczerinizde h\u00e2kimiyet kurmaya dayal\u0131 bu tav\u0131rlar size neler hissettiriyor?&#8221;Ebeveyn iktidar\u0131&#8221; g\u00fcc\u00fcne dayanmaks\u0131z\u0131n, korkutma, k\u0131nama ve cezaland\u0131rma olmaks\u0131z\u0131n, kar\u015f\u0131l\u0131kl\u0131 sevgi,sayg\u0131 ve anlay\u0131\u015fa dayanan bir ebeveyn-\u00e7ocuk ili\u015fkisi m\u00fcmk\u00fcn m\u00fcd\u00fcr? Evetttt!\u0130nand\u0131klar\u0131n\u0131z\u0131 temelden sarsan ve sizi yepyeni bir bi\u00e7imde d\u00fc\u015f\u00fcnmeye ve davranmaya iten kitaplar enderdir. Bu kitap, derin, i\u00e7ten ve yeti\u015fmesinden sorumlu oldu\u011funuz \u00e7ocu\u011funuzun do\u011fas\u0131na ve potansiyeline uygun bir ebeveyn-\u00e7ocuk ili\u015fkisini m\u00fcmk\u00fcn k\u0131lacak bir rehber olmas\u0131 i\u00e7in kaleme al\u0131nd\u0131 ve t\u00fcm d\u00fcnyada \u00e7ok ses getirdi.Her y\u0131l y\u00fczlerce aileye dan\u0131\u015fmanl\u0131k veren Dr. Shefali\u2019nin pratik ve bilgece \u00f6nerileri sizin i\u00e7in bir hayat dersine d\u00f6n\u00fc\u015f\u00fcrken, etkili ana babal\u0131\u011f\u0131n temellerini atman\u0131z i\u00e7in de bir arac\u0131 olacak.\u00c7ocuklar\u0131m\u0131z kaba ve sayg\u0131s\u0131z davrand\u0131klar\u0131nda ne yapmal\u0131y\u0131z?Disiplin kullanmadan \u00e7ocu\u011fun olumlu davran\u0131\u015flar\u0131 nas\u0131l peki\u015ftirilir?\u00c7ocu\u011funuza net s\u0131n\u0131r koyman\u0131n kurallar\u0131 nelerdir?Kendi bilin\u00e7alt\u0131n\u0131za ayna tutarak \u00e7ocu\u011funuzla ileti\u015fiminizi nas\u0131l iyile\u015ftirebilirsiniz?\u00c7ocu\u011fa \u00f6d\u00fcl ya da ceza vermeden do\u011fru davranmas\u0131 nas\u0131l sa\u011flan\u0131r?Bilgisayar oyunu, abur cubur, \u00e7izgi film ve sonu gelmez yeni oyuncak talepleri nas\u0131l ele al\u0131nmal\u0131?Ailenin ihtiya\u00e7lar\u0131 ve \u00e7ocu\u011fun arzular\u0131 aras\u0131ndaki \u00e7at\u0131\u015fman\u0131n sava\u015fa d\u00f6n\u00fc\u015fmemesi nas\u0131l sa\u011flan\u0131r?\u00d6dev kavgalar\u0131ndan ni\u00e7in uzak durmal\u0131y\u0131z?\u00c7ocu\u011fun verdi\u011fi i\u015faretlerin nas\u0131l fark\u0131na varabiliriz?\u00c7ocu\u011funuz sizden uzakla\u015ft\u0131\u011f\u0131nda ne yapmal\u0131?Ergenlik \u00e7a\u011f\u0131ndaki i\u00e7e kapanman\u0131n do\u011fal oldu\u011fu sav\u0131 neden yanl\u0131\u015ft\u0131r?\u00c7ocuklar\u0131n \u00fcz\u00fcnt\u00fcleri, ac\u0131lar\u0131 ve korkular\u0131 hakk\u0131nda yanl\u0131\u015f bilinen ger\u00e7ekler nelerdir?\u00c7ocuklar farkl\u0131 evrelerden ge\u00e7erken onlar\u0131n ya\u015f\u0131na uygun davran\u0131\u015f kriterleri nelerdir?Geli\u015fime a\u00e7\u0131k bir ebeveynin ya da \u00e7ocuklarla ilgilenen, onlar\u0131n gelece\u011fini ve potansiyellerini \u00f6nemseyenherkesin okudu\u011funda \u00e7arp\u0131laca\u011f\u0131, eline ald\u0131\u011f\u0131nda b\u0131rakamayaca\u011f\u0131 t\u00fcrden nadir bir \u00e7ocuk e\u011fitimi kitab\u0131!<\/p>\n","protected":false},"excerpt":{"rendered":"<p>\u00c7ocu\u011funuzla ileti\u015fiminizde &#8220;ebeveyn iktidar\u0131&#8221; g\u00fcc\u00fcne dayanmaks\u0131z\u0131n, onlara nas\u0131l bilin\u00e7li ve \u015fefkatli bir rehber olabilirsiniz?Diyet yapt\u0131\u011f\u0131n\u0131z bir d\u00f6nem e\u015finiz sizi bir kutu pastay\u0131 yerken yakal\u0131yor ve bir<span class=\"excerpt-hellip\"> [\u2026]<\/span><\/p>\n","protected":false},"featured_media":0,"template":"","meta":{"_monsterinsights_skip_tracking":false,"_monsterinsights_sitenote_active":false,"_monsterinsights_sitenote_note":"","_monsterinsights_sitenote_category":0},"product_brand":[],"product_cat":[26509,13365],"product_tag":[],"class_list":{"0":"post-708305","1":"product","2":"type-product","3":"status-publish","5":"product_cat-cocuk-gelisimi","6":"product_cat-saglik","7":"pa_cilt-ciltsiz","8":"pa_tur-kitap","9":"pa_yayinevi-kuraldisi-yayinevi","10":"pa_yazar-shefali-tsabary","12":"first","13":"instock","14":"sale","15":"shipping-taxable","16":"purchasable","17":"product-type-simple"},"_links":{"self":[{"href":"https:\/\/roveyayinevi.com.tr\/index.php\/wp-json\/wp\/v2\/product\/708305","targetHints":{"allow":["GET"]}}],"collection":[{"href":"https:\/\/roveyayinevi.com.tr\/index.php\/wp-json\/wp\/v2\/product"}],"about":[{"href":"https:\/\/roveyayinevi.com.tr\/index.php\/wp-json\/wp\/v2\/types\/product"}],"wp:attachment":[{"href":"https:\/\/roveyayinevi.com.tr\/index.php\/wp-json\/wp\/v2\/media?parent=708305"}],"wp:term":[{"taxonomy":"product_brand","embeddable":true,"href":"https:\/\/roveyayinevi.com.tr\/index.php\/wp-json\/wp\/v2\/product_brand?post=708305"},{"taxonomy":"product_cat","embeddable":true,"href":"https:\/\/roveyayinevi.com.tr\/index.php\/wp-json\/wp\/v2\/product_cat?post=708305"},{"taxonomy":"product_tag","embeddable":true,"href":"https:\/\/roveyayinevi.com.tr\/index.php\/wp-json\/wp\/v2\/product_tag?post=708305"}],"curies":[{"name":"wp","href":"https:\/\/api.w.org\/{rel}","templated":true}]}}