{"id":708303,"date":"2025-08-27T16:13:47","date_gmt":"2025-08-27T13:13:47","guid":{"rendered":"https:\/\/roveyayinevi.com.tr\/index.php\/urun\/kusursuzlar-ciltli\/"},"modified":"2026-04-16T02:16:51","modified_gmt":"2026-04-15T23:16:51","slug":"kusursuzlar-ciltli","status":"publish","type":"product","link":"https:\/\/roveyayinevi.com.tr\/index.php\/urun\/kusursuzlar-ciltli\/","title":{"rendered":"Kusursuzlar( Ciltli)"},"content":{"rendered":"<p>\u201cBizim gibi k\u0131zlar i\u00e7in e\u015f olmak \u00f6zg\u00fcrl\u00fckt\u00fcr.\u201dStepford Kad\u0131nlar\u0131, 1984, Dam\u0131zl\u0131k K\u0131z\u0131n \u00d6yk\u00fcs\u00fc romanlar\u0131n\u0131n ve K\u00f6t\u00fc K\u0131zlar dizisinin \u00f6\u011felerini bulabilece\u011finiz beklenmedik, rahats\u0131z edici ve merak uyand\u0131r\u0131c\u0131 KUSURSUZLAR kad\u0131nlar\u0131n, erkeklere hizmet etmeleri i\u00e7in yarat\u0131ld\u0131\u011f\u0131 bir d\u00fcnyada ge\u00e7iyor, b\u00fct\u00fcn k\u0131zlar\u0131n ilk g\u00f6revi g\u00fczel olmakt\u0131r. Art\u0131k do\u011fal yollarla d\u00fcnyaya gelmiyor, \u00f6zel olarak tasarlan\u0131yorlar sonra da re\u015fit olana kadar Okullarda, gelecekteki e\u015flerini tatmin etmek i\u00e7in yeti\u015ftiriliyorlar.E\u015f olarak se\u00e7ilemeyenler i\u00e7in ise geriye kalan se\u00e7enekler cariye veya Okul\u2019da \u00f6\u011fretmen olmak.Okul\u2019daki son senelerinin stresi artarken, Freida\u2019n\u0131n en yak\u0131n arkada\u015f\u0131 hi\u00e7 yapmamas\u0131 gereken bir \u015fey yapar: Kilo al\u0131r. Hemen sonras\u0131nda k\u0131zlar\u0131n izole ortam\u0131na e\u015f se\u00e7meye hevesli erkekler gelir.Freida gelece\u011fi i\u00e7in sava\u015f vermek durumundad\u0131r. En yak\u0131n arkada\u015f\u0131, en sevdi\u011fi ki\u015fiye ihanet etmek zorunda kalacak olsa bile\u2026***\u201c\u00c7avdar Tarlas\u0131 \u00c7ocuklar\u0131\u2019n\u0131n umutsuzlu\u011funu, Stepford Kad\u0131nlar\u0131\u2019n\u0131n ele\u015ftirisini ve 1984\u2019\u00fc and\u0131ran bir roman\u2026Yazar, yeni ve \u00f6zg\u00fcn bir yetenek.\u201d \u2013Irish Independent\u201cD\u00fc\u015f\u00fcnd\u00fcren tarz\u0131 ve ac\u0131mas\u0131z sonuyla bu fazlas\u0131yla ger\u00e7ek\u00e7i distopya, ba\u015ftan sonra insan\u0131 kendine \u00e7ekiyor.\u201d \u2013SFX Dergisi\u201cKaranl\u0131k bir r\u00fcya. Canl\u0131 bir k\u00e2bus. O\u2019Neill\u2019\u0131n kurgulad\u0131\u011f\u0131 d\u00fcnya korkutucu \u00e7\u00fcnk\u00fc ger\u00e7ekle\u015febilir.B\u0131\u00e7ak gibi keskin bir dili var.\u201d \u2013Jeanette Winterson\u201cDerin, karanl\u0131k ve korkutucu \u015fekilde ger\u00e7ek\u00e7i, bu kitap sizi uzun s\u00fcre b\u0131rakmayacak.\u201d \u2013Marie Claire\u201cSon derece \u00e7arp\u0131c\u0131\u2026 S\u00fcr\u00fckleyici, ba\u015far\u0131l\u0131 ve karanl\u0131k.\u201d \u2013Marian Keyes <\/p>\n","protected":false},"excerpt":{"rendered":"<p>\u201cBizim gibi k\u0131zlar i\u00e7in e\u015f olmak \u00f6zg\u00fcrl\u00fckt\u00fcr.\u201dStepford Kad\u0131nlar\u0131, 1984, Dam\u0131zl\u0131k K\u0131z\u0131n \u00d6yk\u00fcs\u00fc romanlar\u0131n\u0131n ve K\u00f6t\u00fc K\u0131zlar dizisinin \u00f6\u011felerini bulabilece\u011finiz beklenmedik, rahats\u0131z edici ve merak uyand\u0131r\u0131c\u0131 KUSURSUZLAR<span class=\"excerpt-hellip\"> [\u2026]<\/span><\/p>\n","protected":false},"featured_media":0,"template":"","meta":{"_monsterinsights_skip_tracking":false,"_monsterinsights_sitenote_active":false,"_monsterinsights_sitenote_note":"","_monsterinsights_sitenote_category":0},"product_brand":[],"product_cat":[12291,12711],"product_tag":[],"class_list":{"0":"post-708303","1":"product","2":"type-product","3":"status-publish","5":"product_cat-edebiyat","6":"product_cat-roman-oyku","7":"pa_cilt-ciltli","8":"pa_tur-kitap","9":"pa_yayinevi-yabanci-yayinevi","10":"pa_yazar-only-ever-yours","12":"first","13":"instock","14":"sale","15":"shipping-taxable","16":"purchasable","17":"product-type-simple"},"_links":{"self":[{"href":"https:\/\/roveyayinevi.com.tr\/index.php\/wp-json\/wp\/v2\/product\/708303","targetHints":{"allow":["GET"]}}],"collection":[{"href":"https:\/\/roveyayinevi.com.tr\/index.php\/wp-json\/wp\/v2\/product"}],"about":[{"href":"https:\/\/roveyayinevi.com.tr\/index.php\/wp-json\/wp\/v2\/types\/product"}],"wp:attachment":[{"href":"https:\/\/roveyayinevi.com.tr\/index.php\/wp-json\/wp\/v2\/media?parent=708303"}],"wp:term":[{"taxonomy":"product_brand","embeddable":true,"href":"https:\/\/roveyayinevi.com.tr\/index.php\/wp-json\/wp\/v2\/product_brand?post=708303"},{"taxonomy":"product_cat","embeddable":true,"href":"https:\/\/roveyayinevi.com.tr\/index.php\/wp-json\/wp\/v2\/product_cat?post=708303"},{"taxonomy":"product_tag","embeddable":true,"href":"https:\/\/roveyayinevi.com.tr\/index.php\/wp-json\/wp\/v2\/product_tag?post=708303"}],"curies":[{"name":"wp","href":"https:\/\/api.w.org\/{rel}","templated":true}]}}