{"id":708301,"date":"2025-08-27T16:13:46","date_gmt":"2025-08-27T13:13:46","guid":{"rendered":"https:\/\/roveyayinevi.com.tr\/index.php\/urun\/racon\/"},"modified":"2026-04-16T02:16:51","modified_gmt":"2026-04-15T23:16:51","slug":"racon","status":"publish","type":"product","link":"https:\/\/roveyayinevi.com.tr\/index.php\/urun\/racon\/","title":{"rendered":"Racon"},"content":{"rendered":"<p>Su\u00e7 \u00f6rg\u00fct\u00fc liderlerinden, devlet ad\u0131na babal\u0131k taslayanlara; gariban babalar\u0131ndan, zorba katillere k\u00fclhanbeyleri, day\u0131lar, bitirimler, haneberdu\u015flar, tulumbac\u0131lar, bald\u0131r\u0131 \u00e7\u0131plaklar&#8230;Racon nedir? Kabaday\u0131lar nas\u0131l giyinir? Kabaday\u0131 muhabbeti nas\u0131l olur? Ergun Hi\u00e7y\u0131lmaz, Osmanl\u0131 ve Cumhuriyet d\u00f6nemi \u0130stanbul&#8217;unun yeralt\u0131 d\u00fcnyas\u0131na iniyor.Yahudi kabaday\u0131lar\u0131ndan k\u00fclhanbeyi tarikat\u0131na; kabaday\u0131 manilerinden jargonlar\u0131na, yeralt\u0131 d\u00fcnyas\u0131n\u0131n ba\u015flang\u0131\u00e7 tarihine uzan\u0131yor. <\/p>\n","protected":false},"excerpt":{"rendered":"<p>Su\u00e7 \u00f6rg\u00fct\u00fc liderlerinden, devlet ad\u0131na babal\u0131k taslayanlara; gariban babalar\u0131ndan, zorba katillere k\u00fclhanbeyleri, day\u0131lar, bitirimler, haneberdu\u015flar, tulumbac\u0131lar, bald\u0131r\u0131 \u00e7\u0131plaklar&#8230;Racon nedir? Kabaday\u0131lar nas\u0131l giyinir? Kabaday\u0131 muhabbeti nas\u0131l olur?<span class=\"excerpt-hellip\"> [\u2026]<\/span><\/p>\n","protected":false},"featured_media":0,"template":"","meta":{"_monsterinsights_skip_tracking":false,"_monsterinsights_sitenote_active":false,"_monsterinsights_sitenote_note":"","_monsterinsights_sitenote_category":0},"product_brand":[],"product_cat":[13590,12337],"product_tag":[],"class_list":{"0":"post-708301","1":"product","2":"type-product","3":"status-publish","5":"product_cat-arastirma-inceleme-politika-siyaset","6":"product_cat-politika-siyaset","7":"pa_cilt-ciltsiz","8":"pa_tur-kitap","9":"pa_yayinevi-kara-karga-yayinlari","10":"pa_yazar-ergun-hicyilmaz","12":"first","13":"instock","14":"sale","15":"shipping-taxable","16":"purchasable","17":"product-type-simple"},"_links":{"self":[{"href":"https:\/\/roveyayinevi.com.tr\/index.php\/wp-json\/wp\/v2\/product\/708301","targetHints":{"allow":["GET"]}}],"collection":[{"href":"https:\/\/roveyayinevi.com.tr\/index.php\/wp-json\/wp\/v2\/product"}],"about":[{"href":"https:\/\/roveyayinevi.com.tr\/index.php\/wp-json\/wp\/v2\/types\/product"}],"wp:attachment":[{"href":"https:\/\/roveyayinevi.com.tr\/index.php\/wp-json\/wp\/v2\/media?parent=708301"}],"wp:term":[{"taxonomy":"product_brand","embeddable":true,"href":"https:\/\/roveyayinevi.com.tr\/index.php\/wp-json\/wp\/v2\/product_brand?post=708301"},{"taxonomy":"product_cat","embeddable":true,"href":"https:\/\/roveyayinevi.com.tr\/index.php\/wp-json\/wp\/v2\/product_cat?post=708301"},{"taxonomy":"product_tag","embeddable":true,"href":"https:\/\/roveyayinevi.com.tr\/index.php\/wp-json\/wp\/v2\/product_tag?post=708301"}],"curies":[{"name":"wp","href":"https:\/\/api.w.org\/{rel}","templated":true}]}}