{"id":708300,"date":"2025-08-27T16:13:46","date_gmt":"2025-08-27T13:13:46","guid":{"rendered":"https:\/\/roveyayinevi.com.tr\/index.php\/urun\/yol-arkadasim\/"},"modified":"2026-04-16T02:16:51","modified_gmt":"2026-04-15T23:16:51","slug":"yol-arkadasim","status":"publish","type":"product","link":"https:\/\/roveyayinevi.com.tr\/index.php\/urun\/yol-arkadasim\/","title":{"rendered":"Yol Arkada\u015f\u0131m"},"content":{"rendered":"<p>20 \u00fclke. 40 Havaalan\u0131 kap\u0131s\u0131. 64 yol hikayesi.G\u00fcnd\u00fcz Vassaf, bize gitmedi\u011fimiz diyarlar\u0131, duymad\u0131\u011f\u0131m\u0131z masallar\u0131 anlat\u0131yor; heyecan verici yol \u00f6yk\u00fcleriyle sar\u0131p sarmal\u0131yor, yolda\u015f\u0131m\u0131z oluyor. Kurguyla ger\u00e7e\u011fin i\u00e7 i\u00e7e ge\u00e7ti\u011fi yaz\u0131lar\u0131nda bizleri de pe\u015finden s\u00fcr\u00fckl\u00fcyor. Onunla birlikte ayn\u0131 g\u00fcn i\u00e7erisinde farkl\u0131 \u00fclkelerin farkl\u0131 havaalanlar\u0131nda buluyoruz kendimizi. D\u00fcnyan\u0131n yirmi farkl\u0131 \u00fclkesine u\u011furluyoruz bazen sevdiklerimizi, bazen de u\u011furlayan\u0131n yoklu\u011fu k\u0131vrand\u0131r\u0131yor bizi. Altm\u0131\u015f d\u00f6rt yaz\u0131da, yazarla birlikte a\u00e7t\u0131\u011f\u0131m\u0131z k\u0131rk havaalan\u0131 kap\u0131s\u0131nda kah mekanlar\u0131n mimarisini sorgularken buluyoruz kendimizi, kah hayaller kurarken&#8230;Kitaptaki yaz\u0131larla bir zamanlar\u0131n hanlar\u0131, bug\u00fcn\u00fcn havaalanlar\u0131na bamba\u015fka bir g\u00f6zle bakacaks\u0131n\u0131z. Belki de an\u0131s\u0131z oldu\u011funu d\u00fc\u015f\u00fcnd\u00fc\u011f\u00fcn\u00fcz bu mekanlar\u0131n nice an ve an\u0131y\u0131 sadakatle saklad\u0131\u011f\u0131n\u0131 g\u00f6receksiniz. <\/p>\n","protected":false},"excerpt":{"rendered":"<p>20 \u00fclke. 40 Havaalan\u0131 kap\u0131s\u0131. 64 yol hikayesi.G\u00fcnd\u00fcz Vassaf, bize gitmedi\u011fimiz diyarlar\u0131, duymad\u0131\u011f\u0131m\u0131z masallar\u0131 anlat\u0131yor; heyecan verici yol \u00f6yk\u00fcleriyle sar\u0131p sarmal\u0131yor, yolda\u015f\u0131m\u0131z oluyor. Kurguyla ger\u00e7e\u011fin i\u00e7<span class=\"excerpt-hellip\"> [\u2026]<\/span><\/p>\n","protected":false},"featured_media":0,"template":"","meta":{"_monsterinsights_skip_tracking":false,"_monsterinsights_sitenote_active":false,"_monsterinsights_sitenote_note":"","_monsterinsights_sitenote_category":0},"product_brand":[],"product_cat":[12777,12291],"product_tag":[],"class_list":{"0":"post-708300","1":"product","2":"type-product","3":"status-publish","5":"product_cat-deneme","6":"product_cat-edebiyat","7":"pa_cilt-ciltsiz","8":"pa_tur-kitap","9":"pa_yayinevi-kara-karga-yayinlari","10":"pa_yazar-gunduz-vassaf","12":"first","13":"instock","14":"sale","15":"shipping-taxable","16":"purchasable","17":"product-type-simple"},"_links":{"self":[{"href":"https:\/\/roveyayinevi.com.tr\/index.php\/wp-json\/wp\/v2\/product\/708300","targetHints":{"allow":["GET"]}}],"collection":[{"href":"https:\/\/roveyayinevi.com.tr\/index.php\/wp-json\/wp\/v2\/product"}],"about":[{"href":"https:\/\/roveyayinevi.com.tr\/index.php\/wp-json\/wp\/v2\/types\/product"}],"wp:attachment":[{"href":"https:\/\/roveyayinevi.com.tr\/index.php\/wp-json\/wp\/v2\/media?parent=708300"}],"wp:term":[{"taxonomy":"product_brand","embeddable":true,"href":"https:\/\/roveyayinevi.com.tr\/index.php\/wp-json\/wp\/v2\/product_brand?post=708300"},{"taxonomy":"product_cat","embeddable":true,"href":"https:\/\/roveyayinevi.com.tr\/index.php\/wp-json\/wp\/v2\/product_cat?post=708300"},{"taxonomy":"product_tag","embeddable":true,"href":"https:\/\/roveyayinevi.com.tr\/index.php\/wp-json\/wp\/v2\/product_tag?post=708300"}],"curies":[{"name":"wp","href":"https:\/\/api.w.org\/{rel}","templated":true}]}}