{"id":708299,"date":"2025-08-27T16:13:46","date_gmt":"2025-08-27T13:13:46","guid":{"rendered":"https:\/\/roveyayinevi.com.tr\/index.php\/urun\/doga-tarihi-i-ve-ii-kitap\/"},"modified":"2026-04-16T02:16:51","modified_gmt":"2026-04-15T23:16:51","slug":"doga-tarihi-i-ve-ii-kitap","status":"publish","type":"product","link":"https:\/\/roveyayinevi.com.tr\/index.php\/urun\/doga-tarihi-i-ve-ii-kitap\/","title":{"rendered":"Do\u011fa Tarihi I ve II.Kitap"},"content":{"rendered":"<p>Ya\u015fl\u0131 Plinius&#8217;un \u0130S 77-79 y\u0131llar\u0131ndan g\u00fcn\u00fcm\u00fcze ula\u015fan ve otuz yedi kitaptan olu\u015fan Do\u011fa Tarihi adl\u0131 bu b\u00fcy\u00fck eseri kozmoloji, co\u011frafya, antropoloji, zooloji, botanik, t\u0131p, farmakoloji, mineraloji ve sanat tarihi gibi hususlarda iki bin cildi bulan kitaptan derlenmi\u015f bilgi, g\u00f6zlem ve olgular\u0131 bir arada toplamas\u0131 bak\u0131m\u0131ndan bir ansiklopedi olma niteli\u011fini ta\u015f\u0131yor. Bu bilgi hazinesinin takdim ve fihristinin yer ald\u0131\u011f\u0131 birinci kitab\u0131 ile kozmoloji konular\u0131n\u0131n ele al\u0131nd\u0131\u011f\u0131 ikinci kitab\u0131, eserin ilk defa T\u00fcrk\u00e7eye kazand\u0131r\u0131lan bu bask\u0131s\u0131nda bir araya geliyor. <\/p>\n","protected":false},"excerpt":{"rendered":"<p>Ya\u015fl\u0131 Plinius&#8217;un \u0130S 77-79 y\u0131llar\u0131ndan g\u00fcn\u00fcm\u00fcze ula\u015fan ve otuz yedi kitaptan olu\u015fan Do\u011fa Tarihi adl\u0131 bu b\u00fcy\u00fck eseri kozmoloji, co\u011frafya, antropoloji, zooloji, botanik, t\u0131p, farmakoloji, mineraloji<span class=\"excerpt-hellip\"> [\u2026]<\/span><\/p>\n","protected":false},"featured_media":0,"template":"","meta":{"_monsterinsights_skip_tracking":false,"_monsterinsights_sitenote_active":false,"_monsterinsights_sitenote_note":"","_monsterinsights_sitenote_category":0},"product_brand":[],"product_cat":[12312,12304],"product_tag":[],"class_list":{"0":"post-708299","1":"product","2":"type-product","3":"status-publish","5":"product_cat-diger","6":"product_cat-tarih","7":"pa_cilt-ciltsiz","8":"pa_tur-kitap","9":"pa_yayinevi-say-yayinlari","10":"pa_yazar-gaius-plinius-secundus","12":"first","13":"instock","14":"sale","15":"shipping-taxable","16":"purchasable","17":"product-type-simple"},"_links":{"self":[{"href":"https:\/\/roveyayinevi.com.tr\/index.php\/wp-json\/wp\/v2\/product\/708299","targetHints":{"allow":["GET"]}}],"collection":[{"href":"https:\/\/roveyayinevi.com.tr\/index.php\/wp-json\/wp\/v2\/product"}],"about":[{"href":"https:\/\/roveyayinevi.com.tr\/index.php\/wp-json\/wp\/v2\/types\/product"}],"wp:attachment":[{"href":"https:\/\/roveyayinevi.com.tr\/index.php\/wp-json\/wp\/v2\/media?parent=708299"}],"wp:term":[{"taxonomy":"product_brand","embeddable":true,"href":"https:\/\/roveyayinevi.com.tr\/index.php\/wp-json\/wp\/v2\/product_brand?post=708299"},{"taxonomy":"product_cat","embeddable":true,"href":"https:\/\/roveyayinevi.com.tr\/index.php\/wp-json\/wp\/v2\/product_cat?post=708299"},{"taxonomy":"product_tag","embeddable":true,"href":"https:\/\/roveyayinevi.com.tr\/index.php\/wp-json\/wp\/v2\/product_tag?post=708299"}],"curies":[{"name":"wp","href":"https:\/\/api.w.org\/{rel}","templated":true}]}}