{"id":708298,"date":"2025-08-27T16:13:45","date_gmt":"2025-08-27T13:13:45","guid":{"rendered":"https:\/\/roveyayinevi.com.tr\/index.php\/urun\/olma-sanati\/"},"modified":"2026-04-16T02:16:51","modified_gmt":"2026-04-15T23:16:51","slug":"olma-sanati","status":"publish","type":"product","link":"https:\/\/roveyayinevi.com.tr\/index.php\/urun\/olma-sanati\/","title":{"rendered":"Olma Sanat\u0131"},"content":{"rendered":"<p>Olma sanat\u0131n\u0131 \u00f6\u011frenmedeki en \u00f6nemli ad\u0131m, y\u00fcksek bilin\u00e7 kapasitemizi ve zihin s\u00f6z konusu oldu\u011funda ele\u015ftirel ve sorgulay\u0131c\u0131 d\u00fc\u015f\u00fcnme yetimizi g\u00fc\u00e7lendirmektir. Bu esasen zek\u00e2, e\u011fitim veya ya\u015f meselesi de\u011fil, karakter meselesidir; \u00f6zellikle de insan\u0131n \u00f6nceden ba\u015fard\u0131\u011f\u0131, her nevi puttan ve ak\u0131ld\u0131\u015f\u0131 otoriteden \u015fahsen ba\u011f\u0131ms\u0131z kalmas\u0131 meselesidir. B\u00fcy\u00fck \u00e7apl\u0131 bu ba\u011f\u0131ms\u0131zl\u0131k nas\u0131l kazan\u0131lacak? Burada bir tek \u015funu s\u00f6yleyebiliriz: \u0130nsan bir kez itaatk\u00e2r olmaman\u0131n (burada kast\u0131m i\u00e7sel itaatsizlik, yoksa illa d\u00fcped\u00fcz k\u00fcstah ve dogmatik bir itaatsizlik de\u011fil) hayati \u00f6neminin bilincine var\u0131nca, itaatin k\u00fc\u00e7\u00fck i\u015faretlerine kar\u015f\u0131 \u00e7ok duyarl\u0131 hale gelir, itaati hakl\u0131 \u00e7\u0131karan ussalla\u015ft\u0131rmay\u0131 sorgular, cesaret g\u00f6sterir ve hayati \u00f6nemiyle birlikte sorunu bir kez kavrad\u0131\u011f\u0131nda, sorunlara kendi ba\u015f\u0131na bir\u00e7ok \u00e7\u00f6z\u00fcm bulabilece\u011fini ke\u015ffeder. <\/p>\n","protected":false},"excerpt":{"rendered":"<p>Olma sanat\u0131n\u0131 \u00f6\u011frenmedeki en \u00f6nemli ad\u0131m, y\u00fcksek bilin\u00e7 kapasitemizi ve zihin s\u00f6z konusu oldu\u011funda ele\u015ftirel ve sorgulay\u0131c\u0131 d\u00fc\u015f\u00fcnme yetimizi g\u00fc\u00e7lendirmektir. Bu esasen zek\u00e2, e\u011fitim veya ya\u015f<span class=\"excerpt-hellip\"> [\u2026]<\/span><\/p>\n","protected":false},"featured_media":0,"template":"","meta":{"_monsterinsights_skip_tracking":false,"_monsterinsights_sitenote_active":false,"_monsterinsights_sitenote_note":"","_monsterinsights_sitenote_category":0},"product_brand":[],"product_cat":[12358,12357],"product_tag":[],"class_list":{"0":"post-708298","1":"product","2":"type-product","3":"status-publish","5":"product_cat-genel-psikoloji","6":"product_cat-psikoloji","7":"pa_cilt-ciltsiz","8":"pa_tur-kitap","9":"pa_yayinevi-say-yayinlari","10":"pa_yazar-erich-fromm","12":"first","13":"instock","14":"sale","15":"shipping-taxable","16":"purchasable","17":"product-type-simple"},"_links":{"self":[{"href":"https:\/\/roveyayinevi.com.tr\/index.php\/wp-json\/wp\/v2\/product\/708298","targetHints":{"allow":["GET"]}}],"collection":[{"href":"https:\/\/roveyayinevi.com.tr\/index.php\/wp-json\/wp\/v2\/product"}],"about":[{"href":"https:\/\/roveyayinevi.com.tr\/index.php\/wp-json\/wp\/v2\/types\/product"}],"wp:attachment":[{"href":"https:\/\/roveyayinevi.com.tr\/index.php\/wp-json\/wp\/v2\/media?parent=708298"}],"wp:term":[{"taxonomy":"product_brand","embeddable":true,"href":"https:\/\/roveyayinevi.com.tr\/index.php\/wp-json\/wp\/v2\/product_brand?post=708298"},{"taxonomy":"product_cat","embeddable":true,"href":"https:\/\/roveyayinevi.com.tr\/index.php\/wp-json\/wp\/v2\/product_cat?post=708298"},{"taxonomy":"product_tag","embeddable":true,"href":"https:\/\/roveyayinevi.com.tr\/index.php\/wp-json\/wp\/v2\/product_tag?post=708298"}],"curies":[{"name":"wp","href":"https:\/\/api.w.org\/{rel}","templated":true}]}}